{"id":87546,"date":"2026-02-01T13:49:08","date_gmt":"2026-02-01T13:49:08","guid":{"rendered":"https:\/\/modesthanim.com\/product\/murdum-kruvaze-yaka-kadin-kase-kaban\/"},"modified":"2026-03-22T01:50:43","modified_gmt":"2026-03-22T01:50:43","slug":"murdum-kruvaze-yaka-kadin-kase-kaban","status":"publish","type":"product","link":"https:\/\/mod.wisdar.net\/tr\/urun\/murdum-kruvaze-yaka-kadin-kase-kaban\/","title":{"rendered":"M\u00fcrd\u00fcm Kruvaze Yaka Kad\u0131n Ka\u015fe Kaban"},"content":{"rendered":"<p>LCW Vision M\u00fcrd\u00fcm Kruvaze Yaka Kad\u0131n Ka\u015fe Kaban size \u00f6zel indirim, taksit ve kap\u0131da \u00f6deme avantajlar\u0131yla LCW&#8217;de! Hemen online al\u0131\u015fveri\u015f yap, \u00fcr\u00fcn kap\u0131na gelsin! \u2013 W5BO26Z8-CVV<\/p>\n<p>\u2014 Technical Details \u2014<br \/>\nMen\u015fei: Myanmar<br \/>\nSat\u0131c\u0131: LC Waikiki<br \/>\nMarka: LCW Vision<br \/>\n\u00dcr\u00fcn Tipi: Ka\u015fe Kaban<br \/>\nCinsiyet: Kad\u0131n<br \/>\nKal\u0131p: Loose &amp; Bol<br \/>\nKuma\u015f: Ka\u015fe<br \/>\nDesen: D\u00fcz<br \/>\nYaka: Kruvaze<br \/>\nKap\u00fc\u015fon Detay: Kap\u00fc\u015fonsuz<br \/>\nKol Boyu: Uzun Kollu<br \/>\nAstar Detay: Polyester<br \/>\nUzunluk: Midi<br \/>\nEk \u00d6zellik: D\u00fc\u011fmeli<\/p>\n","protected":false},"excerpt":{"rendered":"<p>LCW Vision M\u00fcrd\u00fcm Kruvaze Yaka Kad\u0131n Ka\u015fe Kaban size \u00f6zel indirim, taksit ve kap\u0131da \u00f6deme avantajlar\u0131yla LCW&#8217;de! Hemen online al\u0131\u015fveri\u015f yap, \u00fcr\u00fcn kap\u0131na gelsin! \u2013 W5BO26Z8-CVV \u2014 Technical Details \u2014 Men\u015fei: Myanmar Sat\u0131c\u0131: LC Waikiki Marka: LCW Vision \u00dcr\u00fcn Tipi: Ka\u015fe Kaban Cinsiyet: Kad\u0131n Kal\u0131p: Loose &amp; Bol Kuma\u015f: Ka\u015fe Desen: D\u00fcz Yaka: Kruvaze Kap\u00fc\u015fon [&hellip;]<\/p>\n","protected":false},"featured_media":87531,"comment_status":"open","ping_status":"closed","template":"","meta":[],"product_brand":[],"product_cat":[2047],"product_tag":[7695,4999,7980],"class_list":{"0":"post-87546","1":"product","2":"type-product","3":"status-publish","4":"has-post-thumbnail","6":"product_cat-paltolar","7":"product_tag-centikli-yaka","8":"product_tag-outerwear","9":"product_tag-yun-karisimli-kaban","10":"pa_brand-lcw-vision","11":"pa_color-murdum","12":"pa_size-4698","13":"pa_size-4701","14":"pa_size-4706","15":"pa_size-4711","17":"first","18":"outofstock","19":"shipping-taxable","20":"product-type-variable"},"_links":{"self":[{"href":"https:\/\/mod.wisdar.net\/tr\/wp-json\/wp\/v2\/product\/87546","targetHints":{"allow":["GET"]}}],"collection":[{"href":"https:\/\/mod.wisdar.net\/tr\/wp-json\/wp\/v2\/product"}],"about":[{"href":"https:\/\/mod.wisdar.net\/tr\/wp-json\/wp\/v2\/types\/product"}],"replies":[{"embeddable":true,"href":"https:\/\/mod.wisdar.net\/tr\/wp-json\/wp\/v2\/comments?post=87546"}],"wp:featuredmedia":[{"embeddable":true,"href":"https:\/\/mod.wisdar.net\/tr\/wp-json\/wp\/v2\/media\/87531"}],"wp:attachment":[{"href":"https:\/\/mod.wisdar.net\/tr\/wp-json\/wp\/v2\/media?parent=87546"}],"wp:term":[{"taxonomy":"product_brand","embeddable":true,"href":"https:\/\/mod.wisdar.net\/tr\/wp-json\/wp\/v2\/product_brand?post=87546"},{"taxonomy":"product_cat","embeddable":true,"href":"https:\/\/mod.wisdar.net\/tr\/wp-json\/wp\/v2\/product_cat?post=87546"},{"taxonomy":"product_tag","embeddable":true,"href":"https:\/\/mod.wisdar.net\/tr\/wp-json\/wp\/v2\/product_tag?post=87546"}],"curies":[{"name":"wp","href":"https:\/\/api.w.org\/{rel}","templated":true}]}}