{"id":87668,"date":"2026-02-01T16:58:53","date_gmt":"2026-02-01T16:58:53","guid":{"rendered":"https:\/\/modesthanim.com\/product\/yuksek-bel-leopar-baskili-slim-fit-spor-tayt\/"},"modified":"2026-03-21T07:52:26","modified_gmt":"2026-03-21T07:52:26","slug":"yuksek-bel-leopar-baskili-slim-fit-spor-tayt","status":"publish","type":"product","link":"https:\/\/mod.wisdar.net\/tr\/urun\/yuksek-bel-leopar-baskili-slim-fit-spor-tayt\/","title":{"rendered":"Y\u00fcksek Bel Leopar Bask\u0131l\u0131 Slim Fit Spor Tayt"},"content":{"rendered":"<p>Y\u00fcksek bel, leopar desenli tayt spor \u015f\u0131kl\u0131\u011f\u0131n\u0131z\u0131 tamaml\u0131yor. Slim fit yap\u0131s\u0131yla v\u00fccuda m\u00fckemmel oturan bu tayt, hareket \u00f6zg\u00fcrl\u00fc\u011f\u00fc sunarak her an rahat etmenizi sa\u011fl\u0131yor. Normal pa\u00e7a kesimi ve bilek boy uzunlu\u011fu ile g\u00fcnl\u00fck antrenmanlar i\u00e7in m\u00fckemmel bir se\u00e7im olan tayt, polyester ve elastan kar\u0131\u015f\u0131m\u0131 ana kuma\u015f\u0131 ile esneklik ve konforu bir arada sunuyor. \u015e\u0131k leopar deseniyle dikkat \u00e7eken tasar\u0131m\u0131, spor salonundan sokak stiline kadar geni\u015f bir kullan\u0131m alan\u0131 sa\u011fl\u0131yor. Stil \u00d6nerisi Leopar desenli spor tayt, g\u00fcnl\u00fck sportif stilinizin vazge\u00e7ilmezi olacak. Tayt\u0131, d\u00fcz renkli oversize bir sweatshirt ve beyaz sneaker ile kombinleyerek rahat bir hafta sonu g\u00f6r\u00fcn\u00fcm\u00fc yakalayabilirsiniz. Minimal aksesuarlarla destekleyerek, tayt\u0131n \u015f\u0131kl\u0131\u011f\u0131n\u0131 \u00f6n plana \u00e7\u0131karabilirsiniz. Spor aktiviteleriniz d\u0131\u015f\u0131nda, casual bulu\u015fmalar\u0131n\u0131zda da kullanabilece\u011finiz bu tayt, stilinize g\u00fc\u00e7l\u00fc ve trend bir dokunu\u015f kat\u0131yor. \u00dcr\u00fcn \u00d6zellikleri Kuma\u015f: %75 Polyester, %25 Elastan Fit Tipi: Slim Fit Bel Tipi: Y\u00fcksek Bel Pa\u00e7a Tipi: Normal Pa\u00e7a Siluet: Tayt Desen: Leopar Desenli Kullan\u0131m Alan\u0131: Spor Giyim, G\u00fcnl\u00fck Giyim Koton\u2019un \u015f\u0131k ve rahat tayt koleksiyonu ile g\u00fcn boyu stil sahibi bir g\u00f6r\u00fcn\u00fcm yakalay\u0131n! Spor \u015f\u0131kl\u0131\u011f\u0131n\u0131z\u0131 bu g\u00f6z al\u0131c\u0131 modelle tamamlay\u0131n.<\/p>\n","protected":false},"excerpt":{"rendered":"<p>Y\u00fcksek bel, leopar desenli tayt spor \u015f\u0131kl\u0131\u011f\u0131n\u0131z\u0131 tamaml\u0131yor. Slim fit yap\u0131s\u0131yla v\u00fccuda m\u00fckemmel oturan bu tayt, hareket \u00f6zg\u00fcrl\u00fc\u011f\u00fc sunarak her an rahat etmenizi sa\u011fl\u0131yor. Normal pa\u00e7a kesimi ve bilek boy uzunlu\u011fu ile g\u00fcnl\u00fck antrenmanlar i\u00e7in m\u00fckemmel bir se\u00e7im olan tayt, polyester ve elastan kar\u0131\u015f\u0131m\u0131 ana kuma\u015f\u0131 ile esneklik ve konforu bir arada sunuyor. \u015e\u0131k leopar [&hellip;]<\/p>\n","protected":false},"featured_media":87649,"comment_status":"open","ping_status":"closed","template":"","meta":[],"product_brand":[],"product_cat":[6954,6948],"product_tag":[7444,7424,7480,7443],"class_list":{"0":"post-87668","1":"product","2":"type-product","3":"status-publish","4":"has-post-thumbnail","6":"product_cat-alt-vucut-alt-giyim","7":"product_cat-spor-giyim","8":"product_tag-jarse","9":"product_tag-spor-giyim","10":"product_tag-tayt","11":"product_tag-trendler","12":"pa_brand-koton","13":"pa_color-kahverengi-desenli","14":"pa_size-l","15":"pa_size-m","16":"pa_size-s","17":"pa_size-xl","18":"pa_size-xs","20":"first","21":"outofstock","22":"shipping-taxable","23":"product-type-variable"},"_links":{"self":[{"href":"https:\/\/mod.wisdar.net\/tr\/wp-json\/wp\/v2\/product\/87668","targetHints":{"allow":["GET"]}}],"collection":[{"href":"https:\/\/mod.wisdar.net\/tr\/wp-json\/wp\/v2\/product"}],"about":[{"href":"https:\/\/mod.wisdar.net\/tr\/wp-json\/wp\/v2\/types\/product"}],"replies":[{"embeddable":true,"href":"https:\/\/mod.wisdar.net\/tr\/wp-json\/wp\/v2\/comments?post=87668"}],"wp:featuredmedia":[{"embeddable":true,"href":"https:\/\/mod.wisdar.net\/tr\/wp-json\/wp\/v2\/media\/87649"}],"wp:attachment":[{"href":"https:\/\/mod.wisdar.net\/tr\/wp-json\/wp\/v2\/media?parent=87668"}],"wp:term":[{"taxonomy":"product_brand","embeddable":true,"href":"https:\/\/mod.wisdar.net\/tr\/wp-json\/wp\/v2\/product_brand?post=87668"},{"taxonomy":"product_cat","embeddable":true,"href":"https:\/\/mod.wisdar.net\/tr\/wp-json\/wp\/v2\/product_cat?post=87668"},{"taxonomy":"product_tag","embeddable":true,"href":"https:\/\/mod.wisdar.net\/tr\/wp-json\/wp\/v2\/product_tag?post=87668"}],"curies":[{"name":"wp","href":"https:\/\/api.w.org\/{rel}","templated":true}]}}