{"id":87751,"date":"2026-02-01T17:00:29","date_gmt":"2026-02-01T17:00:29","guid":{"rendered":"https:\/\/modesthanim.com\/product\/koton-x-sibil-cetinkaya-slim-fit-uzun-kollu-kapusonlu-sweatshirt-2\/"},"modified":"2026-04-15T21:12:21","modified_gmt":"2026-04-15T21:12:21","slug":"koton-x-sibil-cetinkaya-slim-fit-uzun-kollu-kapusonlu-sweatshirt-2","status":"publish","type":"product","link":"https:\/\/mod.wisdar.net\/tr\/urun\/koton-x-sibil-cetinkaya-slim-fit-uzun-kollu-kapusonlu-sweatshirt-2\/","title":{"rendered":"Koton X Sibil \u00c7etinkaya \u2013 Slim Fit Uzun Kollu Kap\u00fc\u015fonlu Sweatshirt"},"content":{"rendered":"<p>Kap\u00fc\u015fonlu sweatshirt, spor giyiminizi tamamlamak i\u00e7in ideal bir se\u00e7im sunuyor. Slim fit kesimi sayesinde v\u00fccudu nazik\u00e7e saran bu model, hareket \u00f6zg\u00fcrl\u00fc\u011f\u00fc sa\u011fl\u0131yor. Uzun kollu tasar\u0131m\u0131 ile serin havalarda da rahatl\u0131k sunuyor. Diki\u015f detaylar\u0131 ile spor tarz\u0131n\u0131za zarif bir dokunu\u015f katarken, kap\u00fc\u015fon detay\u0131 ile pratik bir kullan\u0131m sunuyor. Stil \u00d6nerisi Kap\u00fc\u015fonlu sweatshirt, spor taytlar ve rahat spor ayakkab\u0131lar ile g\u00fcnl\u00fck kombinlerinizin vazge\u00e7ilmez par\u00e7as\u0131 olabilir. \u00dczerine hafif bir ceket ya da mont alarak so\u011fuk g\u00fcnlerde de konforla giyebilirsiniz. Farkl\u0131 aksesuarlar ile sportif g\u00f6r\u00fcn\u00fcm\u00fcn\u00fcz\u00fc zenginle\u015ftirerek \u015fehirde ya da a\u00e7\u0131k havada stilinizi \u00f6ne \u00e7\u0131karabilirsiniz. \u00dcr\u00fcn \u00d6zellikleri Kol Tipi: Uzun Kol Yaka Tipi: Kap\u00fc\u015fonlu Fit: Slim Fit Kullan\u0131m Alan\u0131: Spor Giyim Koton&#8217;un sportif ve \u015f\u0131k sweatshirt koleksiyonunu ke\u015ffedin! Spor giyimde stil ve konforu bir araya getirin!<\/p>\n<p>\u2014 Technical Details \u2014<br \/>\nKol Tipi: Uzun Kol<br \/>\nYaka Tipi: Kap\u00fc\u015fonlu<br \/>\nFit: Slim Fit<br \/>\nKullan\u0131m Alan\u0131: Spor Giyim<br \/>\nKol Boyu: Uzun Kol<br \/>\nSil\u00fcet: Basic<br \/>\n\u00dcr\u00fcn Tipi \/ Stil: Basic<br \/>\n\u00dcr\u00fcn\u00fcn Alt Markas\u0131: Trends<\/p>\n","protected":false},"excerpt":{"rendered":"<p>Kap\u00fc\u015fonlu sweatshirt, spor giyiminizi tamamlamak i\u00e7in ideal bir se\u00e7im sunuyor. Slim fit kesimi sayesinde v\u00fccudu nazik\u00e7e saran bu model, hareket \u00f6zg\u00fcrl\u00fc\u011f\u00fc sa\u011fl\u0131yor. Uzun kollu tasar\u0131m\u0131 ile serin havalarda da rahatl\u0131k sunuyor. Diki\u015f detaylar\u0131 ile spor tarz\u0131n\u0131za zarif bir dokunu\u015f katarken, kap\u00fc\u015fon detay\u0131 ile pratik bir kullan\u0131m sunuyor. Stil \u00d6nerisi Kap\u00fc\u015fonlu sweatshirt, spor taytlar ve rahat [&hellip;]<\/p>\n","protected":false},"featured_media":87743,"comment_status":"open","ping_status":"closed","template":"","meta":[],"product_brand":[],"product_cat":[6948,6951],"product_tag":[7444,7424,7445,7443],"class_list":{"0":"post-87751","1":"product","2":"type-product","3":"status-publish","4":"has-post-thumbnail","6":"product_cat-spor-giyim","7":"product_cat-ust-giyim-ustler","8":"product_tag-jarse","9":"product_tag-spor-giyim","10":"product_tag-sweatshirtler","11":"product_tag-trendler","12":"pa_brand-koton","13":"pa_color-kahverengi","14":"pa_size-l","15":"pa_size-m","16":"pa_size-s","17":"pa_size-xl","18":"pa_size-xs","20":"first","21":"outofstock","22":"shipping-taxable","23":"product-type-variable"},"_links":{"self":[{"href":"https:\/\/mod.wisdar.net\/tr\/wp-json\/wp\/v2\/product\/87751","targetHints":{"allow":["GET"]}}],"collection":[{"href":"https:\/\/mod.wisdar.net\/tr\/wp-json\/wp\/v2\/product"}],"about":[{"href":"https:\/\/mod.wisdar.net\/tr\/wp-json\/wp\/v2\/types\/product"}],"replies":[{"embeddable":true,"href":"https:\/\/mod.wisdar.net\/tr\/wp-json\/wp\/v2\/comments?post=87751"}],"wp:featuredmedia":[{"embeddable":true,"href":"https:\/\/mod.wisdar.net\/tr\/wp-json\/wp\/v2\/media\/87743"}],"wp:attachment":[{"href":"https:\/\/mod.wisdar.net\/tr\/wp-json\/wp\/v2\/media?parent=87751"}],"wp:term":[{"taxonomy":"product_brand","embeddable":true,"href":"https:\/\/mod.wisdar.net\/tr\/wp-json\/wp\/v2\/product_brand?post=87751"},{"taxonomy":"product_cat","embeddable":true,"href":"https:\/\/mod.wisdar.net\/tr\/wp-json\/wp\/v2\/product_cat?post=87751"},{"taxonomy":"product_tag","embeddable":true,"href":"https:\/\/mod.wisdar.net\/tr\/wp-json\/wp\/v2\/product_tag?post=87751"}],"curies":[{"name":"wp","href":"https:\/\/api.w.org\/{rel}","templated":true}]}}