{"id":87754,"date":"2026-02-01T17:00:34","date_gmt":"2026-02-01T17:00:34","guid":{"rendered":"https:\/\/modesthanim.com\/product\/rahat-kalip-cepli-beli-bagcikli-genis-paca-spor-esofman-alti\/"},"modified":"2026-04-02T02:50:57","modified_gmt":"2026-04-02T02:50:57","slug":"rahat-kalip-cepli-beli-bagcikli-genis-paca-spor-esofman-alti","status":"publish","type":"product","link":"https:\/\/mod.wisdar.net\/tr\/urun\/rahat-kalip-cepli-beli-bagcikli-genis-paca-spor-esofman-alti\/","title":{"rendered":"Rahat Kal\u0131p Cepli Beli Ba\u011fc\u0131kl\u0131 Geni\u015f Pa\u00e7a Spor E\u015fofman Alt\u0131"},"content":{"rendered":"<p>Beli ba\u011fc\u0131kl\u0131, geni\u015f pa\u00e7a e\u015fofman alt\u0131, rahatl\u0131k ve \u015f\u0131kl\u0131\u011f\u0131 bir arada sunuyor. Cepli detaylar\u0131 sayesinde pratik bir kullan\u0131m sa\u011flayan bu model, spor aktivitelerde veya g\u00fcnl\u00fck giyimde tercih edilebilecek ideal bir par\u00e7a olarak \u00f6ne \u00e7\u0131k\u0131yor. Hafif ve esnek yap\u0131s\u0131 ile t\u00fcm g\u00fcn konfor sa\u011fl\u0131yor, hareket \u00f6zg\u00fcrl\u00fc\u011f\u00fc sunuyor. Sade tasar\u0131m\u0131yla dolab\u0131n\u0131zda \u00e7ok y\u00f6nl\u00fc kullan\u0131m imkan\u0131 yarat\u0131yor.<br \/>\nStil \u00d6nerisi<br \/>\nRahat kal\u0131p e\u015fofman alt\u0131, basic ti\u015f\u00f6rtler ve spor ayakkab\u0131larla kombinlenerek g\u00fcnl\u00fck bir g\u00f6r\u00fcn\u00fcm yakalaman\u0131z\u0131 sa\u011fl\u0131yor. Spor aktiviteler i\u00e7in ideal olan tasar\u0131m\u0131, kap\u00fc\u015fonlu bir sweatshirt ile tamamlayarak dinamik bir stil olu\u015fturabilirsiniz. Daha \u015f\u0131k bir g\u00f6r\u00fcn\u00fcm i\u00e7in ise crop bir bluz ve minimal aksesuarlarla kombinleyerek modern bir hava yaratabilirsiniz.<br \/>\n\u00dcr\u00fcn \u00d6zellikleri<br \/>\nKuma\u015f: %85 Polyester, %15 Elastan<br \/>\nBel Tipi: Normal Bel<br \/>\nFit: Rahat Kal\u0131p<br \/>\nSiluet: Geni\u015f Pa\u00e7a<br \/>\nKullan\u0131m Alan\u0131: Spor Giyim<br \/>\nKoton e\u015fofman alt\u0131 modelleri ile konfor ve \u015f\u0131kl\u0131\u011f\u0131 bir arada ya\u015fay\u0131n. Modern kombinler i\u00e7in dolab\u0131n\u0131zda yer a\u00e7\u0131n!<\/p>\n<p>\u2014 Technical Details \u2014<br \/>\nsilhouette: Wide Leg<br \/>\nwaist_height: Standart Bel<br \/>\nproduct_type_style: Wide Leg<br \/>\nsub_brand: Trends<br \/>\nmodel_measurements: Boy: 179 \/ Bel: 63 \/ G\u00f6\u011f\u00fcs: 85 \/ Kal\u00e7a: 90<br \/>\nmodel_size: Jean: 27\/32 \/ Modelin Bedeni: S<\/p>\n","protected":false},"excerpt":{"rendered":"<p>Beli ba\u011fc\u0131kl\u0131, geni\u015f pa\u00e7a e\u015fofman alt\u0131, rahatl\u0131k ve \u015f\u0131kl\u0131\u011f\u0131 bir arada sunuyor. Cepli detaylar\u0131 sayesinde pratik bir kullan\u0131m sa\u011flayan bu model, spor aktivitelerde veya g\u00fcnl\u00fck giyimde tercih edilebilecek ideal bir par\u00e7a olarak \u00f6ne \u00e7\u0131k\u0131yor. Hafif ve esnek yap\u0131s\u0131 ile t\u00fcm g\u00fcn konfor sa\u011fl\u0131yor, hareket \u00f6zg\u00fcrl\u00fc\u011f\u00fc sunuyor. Sade tasar\u0131m\u0131yla dolab\u0131n\u0131zda \u00e7ok y\u00f6nl\u00fc kullan\u0131m imkan\u0131 yarat\u0131yor. Stil [&hellip;]<\/p>\n","protected":false},"featured_media":87746,"comment_status":"open","ping_status":"closed","template":"","meta":[],"product_brand":[],"product_cat":[6954,6948],"product_tag":[7657,7444,7424,7443],"class_list":{"0":"post-87754","1":"product","2":"type-product","3":"status-publish","4":"has-post-thumbnail","6":"product_cat-alt-vucut-alt-giyim","7":"product_cat-spor-giyim","8":"product_tag-esofman-altlari","9":"product_tag-jarse","10":"product_tag-spor-giyim","11":"product_tag-trendler","12":"pa_brand-koton","13":"pa_color-bordo","14":"pa_size-l","15":"pa_size-m","16":"pa_size-s","17":"pa_size-xl","18":"pa_size-xs","20":"first","21":"instock","22":"shipping-taxable","23":"purchasable","24":"product-type-variable"},"_links":{"self":[{"href":"https:\/\/mod.wisdar.net\/tr\/wp-json\/wp\/v2\/product\/87754","targetHints":{"allow":["GET"]}}],"collection":[{"href":"https:\/\/mod.wisdar.net\/tr\/wp-json\/wp\/v2\/product"}],"about":[{"href":"https:\/\/mod.wisdar.net\/tr\/wp-json\/wp\/v2\/types\/product"}],"replies":[{"embeddable":true,"href":"https:\/\/mod.wisdar.net\/tr\/wp-json\/wp\/v2\/comments?post=87754"}],"wp:featuredmedia":[{"embeddable":true,"href":"https:\/\/mod.wisdar.net\/tr\/wp-json\/wp\/v2\/media\/87746"}],"wp:attachment":[{"href":"https:\/\/mod.wisdar.net\/tr\/wp-json\/wp\/v2\/media?parent=87754"}],"wp:term":[{"taxonomy":"product_brand","embeddable":true,"href":"https:\/\/mod.wisdar.net\/tr\/wp-json\/wp\/v2\/product_brand?post=87754"},{"taxonomy":"product_cat","embeddable":true,"href":"https:\/\/mod.wisdar.net\/tr\/wp-json\/wp\/v2\/product_cat?post=87754"},{"taxonomy":"product_tag","embeddable":true,"href":"https:\/\/mod.wisdar.net\/tr\/wp-json\/wp\/v2\/product_tag?post=87754"}],"curies":[{"name":"wp","href":"https:\/\/api.w.org\/{rel}","templated":true}]}}