{"id":8777,"date":"2025-11-01T20:20:20","date_gmt":"2025-11-01T20:20:20","guid":{"rendered":"https:\/\/modesthanim.com\/product\/cepli-kapusonlu-kaban-deve-rengi\/"},"modified":"2026-04-03T15:24:36","modified_gmt":"2026-04-03T15:24:36","slug":"cepli-kapusonlu-kaban-deve-rengi","status":"publish","type":"product","link":"https:\/\/mod.wisdar.net\/tr\/urun\/cepli-kapusonlu-kaban-deve-rengi\/","title":{"rendered":"Cepli Kap\u00fc\u015fonlu Kaban \u2013 Deve Rengi"},"content":{"rendered":"<p>Cepli detaylar\u0131 ile zenginle\u015ftirilmi\u015f bu tasar\u0131m, hem estetik hem de fonksiyonel bir g\u00f6r\u00fcn\u00fcm sunar. Hafif yap\u0131s\u0131, mevsim ge\u00e7i\u015flerinde ideal koruma sa\u011flarken, minimal stili her t\u00fcrl\u00fc k\u0131yafetle kolayca uyum sa\u011flar.<\/p>\n<p>\u2014 Teknik Detaylar \u2014<br \/>\nDesen: D\u00fcz<br \/>\nYaka Tipi: Dik \u2013 Kap\u00fc\u015fonlu Yaka<br \/>\nKol Tipi: D\u00fc\u015f\u00fck Omuz<br \/>\nCep: Yama Cep<br \/>\nAstar: Astars\u0131z<br \/>\n\u00dcr\u00fcn Uzunlu\u011fu: 120 cm<br \/>\nKal\u0131p: Normal Kal\u0131p<br \/>\nModelin Giydi\u011fi Beden: 38<br \/>\nModel \u00d6l\u00e7\u00fcleri: {&#8216;Boy&#8217;: &#8216;175 cm&#8217;, &#8216;G\u00f6\u011f\u00fcs&#8217;: &#8217;80 cm&#8217;, &#8216;Bel&#8217;: &#8217;62 cm&#8217;, &#8216;Kal\u00e7a&#8217;: &#8217;90 cm&#8217;}<br \/>\nBeden \u00d6l\u00e7\u00fcleri (cm): {&#8217;38&#8217;: {&#8216;Omuz&#8217;: 52, &#8216;G\u00f6\u011f\u00fcs&#8217;: 110, &#8216;Bel&#8217;: 114, &#8216;Kal\u00e7a&#8217;: 126, &#8216;Uzunluk&#8217;: 120, &#8216;Kol Uzunlu\u011fu&#8217;: 52.5}, &#8217;40&#8217;: {&#8216;Omuz&#8217;: 52.5, &#8216;G\u00f6\u011f\u00fcs&#8217;: 114, &#8216;Bel&#8217;: 118, &#8216;Kal\u00e7a&#8217;: 130, &#8216;Uzunluk&#8217;: 120.5, &#8216;Kol Uzunlu\u011fu&#8217;: 53}, &#8217;42&#8217;: {&#8216;Omuz&#8217;: 53, &#8216;G\u00f6\u011f\u00fcs&#8217;: 118, &#8216;Bel&#8217;: 122, &#8216;Kal\u00e7a&#8217;: 134, &#8216;Uzunluk&#8217;: 121, &#8216;Kol Uzunlu\u011fu&#8217;: 53.5}, &#8217;44&#8217;: {&#8216;Omuz&#8217;: 53.5, &#8216;G\u00f6\u011f\u00fcs&#8217;: 122, &#8216;Bel&#8217;: 126, &#8216;Kal\u00e7a&#8217;: 138, &#8216;Uzunluk&#8217;: 121.5, &#8216;Kol Uzunlu\u011fu&#8217;: 54}, &#8217;46&#8217;: {&#8216;Omuz&#8217;: 54, &#8216;G\u00f6\u011f\u00fcs&#8217;: 128, &#8216;Bel&#8217;: 132, &#8216;Kal\u00e7a&#8217;: 144, &#8216;Uzunluk&#8217;: 122, &#8216;Kol Uzunlu\u011fu&#8217;: 54.5}}<\/p>\n","protected":false},"excerpt":{"rendered":"<p>Cepli detaylar\u0131 ile zenginle\u015ftirilmi\u015f bu tasar\u0131m, hem estetik hem de fonksiyonel bir g\u00f6r\u00fcn\u00fcm sunar. Hafif yap\u0131s\u0131, mevsim ge\u00e7i\u015flerinde ideal koruma sa\u011flarken, minimal stili her t\u00fcrl\u00fc k\u0131yafetle kolayca uyum sa\u011flar. \u2014 Teknik Detaylar \u2014 Desen: D\u00fcz Yaka Tipi: Dik \u2013 Kap\u00fc\u015fonlu Yaka Kol Tipi: D\u00fc\u015f\u00fck Omuz Cep: Yama Cep Astar: Astars\u0131z \u00dcr\u00fcn Uzunlu\u011fu: 120 cm Kal\u0131p: [&hellip;]<\/p>\n","protected":false},"featured_media":51985,"comment_status":"open","ping_status":"closed","template":"","meta":[],"product_brand":[],"product_cat":[2047],"product_tag":[5010,6766,7421,5016],"class_list":{"0":"post-8777","1":"product","2":"type-product","3":"status-publish","4":"has-post-thumbnail","6":"product_cat-paltolar","7":"product_tag-coat","8":"product_tag-hafif","9":"product_tag-kapusonlu","10":"product_tag-unlined","11":"pa_brand-tugba","12":"pa_color-camel","13":"pa_size-4706","14":"pa_size-4711","15":"pa_size-4713","16":"pa_size-4751","17":"pa_size-4749","19":"first","20":"instock","21":"sale","22":"shipping-taxable","23":"purchasable","24":"product-type-variable"},"_links":{"self":[{"href":"https:\/\/mod.wisdar.net\/tr\/wp-json\/wp\/v2\/product\/8777","targetHints":{"allow":["GET"]}}],"collection":[{"href":"https:\/\/mod.wisdar.net\/tr\/wp-json\/wp\/v2\/product"}],"about":[{"href":"https:\/\/mod.wisdar.net\/tr\/wp-json\/wp\/v2\/types\/product"}],"replies":[{"embeddable":true,"href":"https:\/\/mod.wisdar.net\/tr\/wp-json\/wp\/v2\/comments?post=8777"}],"wp:featuredmedia":[{"embeddable":true,"href":"https:\/\/mod.wisdar.net\/tr\/wp-json\/wp\/v2\/media\/51985"}],"wp:attachment":[{"href":"https:\/\/mod.wisdar.net\/tr\/wp-json\/wp\/v2\/media?parent=8777"}],"wp:term":[{"taxonomy":"product_brand","embeddable":true,"href":"https:\/\/mod.wisdar.net\/tr\/wp-json\/wp\/v2\/product_brand?post=8777"},{"taxonomy":"product_cat","embeddable":true,"href":"https:\/\/mod.wisdar.net\/tr\/wp-json\/wp\/v2\/product_cat?post=8777"},{"taxonomy":"product_tag","embeddable":true,"href":"https:\/\/mod.wisdar.net\/tr\/wp-json\/wp\/v2\/product_tag?post=8777"}],"curies":[{"name":"wp","href":"https:\/\/api.w.org\/{rel}","templated":true}]}}