{"id":87838,"date":"2026-02-01T17:01:59","date_gmt":"2026-02-01T17:01:59","guid":{"rendered":"https:\/\/modesthanim.com\/product\/yuksek-bel-ispanyol-paca-spor-tayt\/"},"modified":"2026-04-02T20:17:25","modified_gmt":"2026-04-02T20:17:25","slug":"yuksek-bel-ispanyol-paca-spor-tayt","status":"publish","type":"product","link":"https:\/\/mod.wisdar.net\/tr\/urun\/yuksek-bel-ispanyol-paca-spor-tayt\/","title":{"rendered":"Y\u00fcksek Bel \u0130spanyol Pa\u00e7a Spor Tayt"},"content":{"rendered":"<p>Y\u00fcksek bel ispanyol pa\u00e7a spor tayt, v\u00fccuda m\u00fckemmel bir uyum sa\u011flayarak \u015f\u0131kl\u0131\u011f\u0131 ve konforu bir araya getiriyor. Esnek ve hafif yap\u0131s\u0131yla \u00f6zg\u00fcrce hareket etmenizi sa\u011fl\u0131yor, b\u00f6ylece g\u00fcnl\u00fck aktivitelerinizde rahatl\u0131k sunuyor. Yumu\u015fak kuma\u015f\u0131 sayesinde cildinizle uyum i\u00e7inde bir g\u00f6r\u00fcn\u00fcm yarat\u0131rken bel b\u00f6lgesindeki geni\u015f bant ekstra destek ve \u015fekil veriyor. Slim fit kesimiyle modern bir \u00e7izgi yakal\u0131yor ve stilinizi tamamlarken zarif bir g\u00f6r\u00fcn\u00fcm kazand\u0131r\u0131yor. Tayt, spor aktivitelerinde ya da g\u00fcnl\u00fck ya\u015famda konfor arayan kad\u0131nlar i\u00e7in ideal bir se\u00e7enek sunuyor.<\/p>\n<p>Stil \u00d6nerisi<\/p>\n<p>\u0130spanyol pa\u00e7a tayt\u0131, k\u0131sa bir \u00fcst ve spor ayakkab\u0131larla kombinleyerek spor bir g\u00f6r\u00fcn\u00fcm elde edebilirsiniz. Serin g\u00fcnler i\u00e7in \u00fczerinize oversize bir ceket alarak stilinizi tamamlayabilirsiniz. G\u00fcnl\u00fck kullan\u0131mda rahatl\u0131\u011f\u0131 \u00f6n plana \u00e7\u0131karmak i\u00e7in sade aksesuarlarla kombinlerinizi zenginle\u015ftirebilirsiniz. Bu tayt, g\u00fcnl\u00fck hayatta veya spor salonunda stilinizi vurgulamak i\u00e7in m\u00fckemmel bir se\u00e7im olacakt\u0131r.<\/p>\n<p>\u00dcr\u00fcn \u00d6zellikleri<\/p>\n<p>Kuma\u015f: %75 Polyester, %25 Elastan<br \/>\nBel Tipi: Y\u00fcksek Bel<br \/>\nFit: Slim<br \/>\nPa\u00e7a: Normal Pa\u00e7a<br \/>\nStil: Flare, \u0130spanyol Pa\u00e7a<br \/>\nKategori: Spor Giyim, Tayt<br \/>\nKullan\u0131m Alan\u0131: G\u00fcnl\u00fck Giyim, Spor Giyim<\/p>\n<p>Koton&#8217;un spor tayt koleksiyonuyla enerjinizi y\u00fckseltin ve stilinize dinamik bir dokunu\u015f kat\u0131n. Koton&#8217;un fonksiyonel ve stil sahibi tasar\u0131mlar\u0131n\u0131 ke\u015ffedin!<\/p>\n","protected":false},"excerpt":{"rendered":"<p>Y\u00fcksek bel ispanyol pa\u00e7a spor tayt, v\u00fccuda m\u00fckemmel bir uyum sa\u011flayarak \u015f\u0131kl\u0131\u011f\u0131 ve konforu bir araya getiriyor. Esnek ve hafif yap\u0131s\u0131yla \u00f6zg\u00fcrce hareket etmenizi sa\u011fl\u0131yor, b\u00f6ylece g\u00fcnl\u00fck aktivitelerinizde rahatl\u0131k sunuyor. Yumu\u015fak kuma\u015f\u0131 sayesinde cildinizle uyum i\u00e7inde bir g\u00f6r\u00fcn\u00fcm yarat\u0131rken bel b\u00f6lgesindeki geni\u015f bant ekstra destek ve \u015fekil veriyor. Slim fit kesimiyle modern bir \u00e7izgi yakal\u0131yor [&hellip;]<\/p>\n","protected":false},"featured_media":87829,"comment_status":"open","ping_status":"closed","template":"","meta":[],"product_brand":[],"product_cat":[6954,6948],"product_tag":[7444,7424,7480,7443],"class_list":{"0":"post-87838","1":"product","2":"type-product","3":"status-publish","4":"has-post-thumbnail","6":"product_cat-alt-vucut-alt-giyim","7":"product_cat-spor-giyim","8":"product_tag-jarse","9":"product_tag-spor-giyim","10":"product_tag-tayt","11":"product_tag-trendler","12":"pa_brand-koton","13":"pa_color-kirmizi","14":"pa_size-l","15":"pa_size-m","16":"pa_size-s","17":"pa_size-xl","18":"pa_size-xs","19":"pa_size-xxl","21":"first","22":"outofstock","23":"shipping-taxable","24":"product-type-variable"},"_links":{"self":[{"href":"https:\/\/mod.wisdar.net\/tr\/wp-json\/wp\/v2\/product\/87838","targetHints":{"allow":["GET"]}}],"collection":[{"href":"https:\/\/mod.wisdar.net\/tr\/wp-json\/wp\/v2\/product"}],"about":[{"href":"https:\/\/mod.wisdar.net\/tr\/wp-json\/wp\/v2\/types\/product"}],"replies":[{"embeddable":true,"href":"https:\/\/mod.wisdar.net\/tr\/wp-json\/wp\/v2\/comments?post=87838"}],"wp:featuredmedia":[{"embeddable":true,"href":"https:\/\/mod.wisdar.net\/tr\/wp-json\/wp\/v2\/media\/87829"}],"wp:attachment":[{"href":"https:\/\/mod.wisdar.net\/tr\/wp-json\/wp\/v2\/media?parent=87838"}],"wp:term":[{"taxonomy":"product_brand","embeddable":true,"href":"https:\/\/mod.wisdar.net\/tr\/wp-json\/wp\/v2\/product_brand?post=87838"},{"taxonomy":"product_cat","embeddable":true,"href":"https:\/\/mod.wisdar.net\/tr\/wp-json\/wp\/v2\/product_cat?post=87838"},{"taxonomy":"product_tag","embeddable":true,"href":"https:\/\/mod.wisdar.net\/tr\/wp-json\/wp\/v2\/product_tag?post=87838"}],"curies":[{"name":"wp","href":"https:\/\/api.w.org\/{rel}","templated":true}]}}