{"id":87915,"date":"2026-02-01T17:03:15","date_gmt":"2026-02-01T17:03:15","guid":{"rendered":"https:\/\/modesthanim.com\/product\/asimetrik-yuksek-bel-slim-fit-ispanyol-paca-spor-tayt-2\/"},"modified":"2026-04-02T02:42:40","modified_gmt":"2026-04-02T02:42:40","slug":"asimetrik-yuksek-bel-slim-fit-ispanyol-paca-spor-tayt-2","status":"publish","type":"product","link":"https:\/\/mod.wisdar.net\/tr\/urun\/asimetrik-yuksek-bel-slim-fit-ispanyol-paca-spor-tayt-2\/","title":{"rendered":"Asimetrik Y\u00fcksek Bel Slim Fit \u0130spanyol Pa\u00e7a Spor Tayt"},"content":{"rendered":"<p>Y\u00fcksek bel, \u0130spanyol pa\u00e7a spor tayt, hem konforu hem de \u015f\u0131kl\u0131\u011f\u0131 bir arada sunuyor. Esnek yap\u0131s\u0131 sayesinde hareket \u00f6zg\u00fcrl\u00fc\u011f\u00fc sa\u011flarken, v\u00fccudu nazik\u00e7e sararak fit bir g\u00f6r\u00fcn\u00fcm elde etmenizi destekliyor. Tayt, spor aktivitelerinde veya g\u00fcnl\u00fck kullan\u0131mda rahatl\u0131kla tercih edilebilecek bir par\u00e7a oluyor.<\/p>\n<p>Stil \u00d6nerisi<br \/>\nSpor tayt\u0131, g\u00fcnl\u00fck stilinizi tamamlamak i\u00e7in basic ti\u015f\u00f6rtler ve spor ayakkab\u0131larla kombinleyebilirsiniz. Toparlay\u0131c\u0131 etkisi ve rahatl\u0131\u011f\u0131yla yoga s\u0131n\u0131flar\u0131nda ya da pilates derslerinde de m\u00fckemmel bir performans sunuyor. \u015e\u0131k bir spor \u00e7antas\u0131 ve hafif bir ceketle g\u00f6r\u00fcn\u00fcm\u00fcn\u00fcz\u00fc tamamlayabilirsiniz. Hem spor salonunda hem de g\u00fcnl\u00fck ko\u015fturmacalar\u0131n\u0131zda bu tayt, vazge\u00e7ilmez par\u00e7an\u0131z olacak.<\/p>\n<p>\u00dcr\u00fcn \u00d6zellikleri<br \/>\nBel Tipi: Y\u00fcksek Bel<br \/>\nFit Tipi: Slim<br \/>\nStil ve Siluet: \u0130spanyol Pa\u00e7a<br \/>\nKullan\u0131m Alan\u0131: Spor Giyim<\/p>\n<p>Koton tayt koleksiyonu ile konforun ve \u015f\u0131kl\u0131\u011f\u0131n tad\u0131n\u0131 \u00e7\u0131kar\u0131n. Enerjik ve modern stilinizi bu tayt ile tamamlay\u0131n! Koton&#8217;un spor taytlar\u0131, spor ve g\u00fcnl\u00fck giyimde vazge\u00e7ilmeziniz olacak.<\/p>\n<p>\u2014 Technical Details \u2014<br \/>\nSil\u00fcet: Flare<br \/>\nBel Y\u00fcksekli\u011fi: Y\u00fcksek Bel<br \/>\n\u00dcr\u00fcn Tipi \/ Stil: Flare<br \/>\n\u00dcr\u00fcn\u00fcn Alt Markas\u0131: Trends<br \/>\nSat\u0131c\u0131\/\u0130malat\u00e7\u0131\/\u0130thalat\u00e7\u0131 \u0130smi: Koton Ma\u011fazac\u0131l\u0131k Tekstil Sanayi ve Ticaret A.\u015e.<br \/>\nPosta Adresi: Ayaza\u011fa Mah. Maslak Ayaza\u011fa Cad. No:3 \u0130\u00e7 Kap\u0131 No:5 Sar\u0131yer\/\u0130stanbul<br \/>\nE-Posta Adresi: mim@koton.com<\/p>\n","protected":false},"excerpt":{"rendered":"<p>Y\u00fcksek bel, \u0130spanyol pa\u00e7a spor tayt, hem konforu hem de \u015f\u0131kl\u0131\u011f\u0131 bir arada sunuyor. Esnek yap\u0131s\u0131 sayesinde hareket \u00f6zg\u00fcrl\u00fc\u011f\u00fc sa\u011flarken, v\u00fccudu nazik\u00e7e sararak fit bir g\u00f6r\u00fcn\u00fcm elde etmenizi destekliyor. Tayt, spor aktivitelerinde veya g\u00fcnl\u00fck kullan\u0131mda rahatl\u0131kla tercih edilebilecek bir par\u00e7a oluyor. Stil \u00d6nerisi Spor tayt\u0131, g\u00fcnl\u00fck stilinizi tamamlamak i\u00e7in basic ti\u015f\u00f6rtler ve spor ayakkab\u0131larla kombinleyebilirsiniz. [&hellip;]<\/p>\n","protected":false},"featured_media":87910,"comment_status":"open","ping_status":"closed","template":"","meta":[],"product_brand":[],"product_cat":[6954,6948],"product_tag":[7444,7424,7480,7443],"class_list":{"0":"post-87915","1":"product","2":"type-product","3":"status-publish","4":"has-post-thumbnail","6":"product_cat-alt-vucut-alt-giyim","7":"product_cat-spor-giyim","8":"product_tag-jarse","9":"product_tag-spor-giyim","10":"product_tag-tayt","11":"product_tag-trendler","12":"pa_brand-koton","13":"pa_color-vizon","14":"pa_size-l","15":"pa_size-m","16":"pa_size-s","17":"pa_size-xl","18":"pa_size-xs","20":"first","21":"instock","22":"shipping-taxable","23":"purchasable","24":"product-type-variable"},"_links":{"self":[{"href":"https:\/\/mod.wisdar.net\/tr\/wp-json\/wp\/v2\/product\/87915","targetHints":{"allow":["GET"]}}],"collection":[{"href":"https:\/\/mod.wisdar.net\/tr\/wp-json\/wp\/v2\/product"}],"about":[{"href":"https:\/\/mod.wisdar.net\/tr\/wp-json\/wp\/v2\/types\/product"}],"replies":[{"embeddable":true,"href":"https:\/\/mod.wisdar.net\/tr\/wp-json\/wp\/v2\/comments?post=87915"}],"wp:featuredmedia":[{"embeddable":true,"href":"https:\/\/mod.wisdar.net\/tr\/wp-json\/wp\/v2\/media\/87910"}],"wp:attachment":[{"href":"https:\/\/mod.wisdar.net\/tr\/wp-json\/wp\/v2\/media?parent=87915"}],"wp:term":[{"taxonomy":"product_brand","embeddable":true,"href":"https:\/\/mod.wisdar.net\/tr\/wp-json\/wp\/v2\/product_brand?post=87915"},{"taxonomy":"product_cat","embeddable":true,"href":"https:\/\/mod.wisdar.net\/tr\/wp-json\/wp\/v2\/product_cat?post=87915"},{"taxonomy":"product_tag","embeddable":true,"href":"https:\/\/mod.wisdar.net\/tr\/wp-json\/wp\/v2\/product_tag?post=87915"}],"curies":[{"name":"wp","href":"https:\/\/api.w.org\/{rel}","templated":true}]}}