{"id":88017,"date":"2026-02-01T17:04:34","date_gmt":"2026-02-01T17:04:34","guid":{"rendered":"https:\/\/modesthanim.com\/product\/siyah-beli-lastikli-dokulu-muslin-kadin-pantolon-2\/"},"modified":"2026-04-09T10:24:34","modified_gmt":"2026-04-09T10:24:34","slug":"siyah-beli-lastikli-dokulu-muslin-kadin-pantolon-2","status":"publish","type":"product","link":"https:\/\/mod.wisdar.net\/tr\/urun\/siyah-beli-lastikli-dokulu-muslin-kadin-pantolon-2\/","title":{"rendered":"Siyah Beli Lastikli Dokulu M\u00fcslin Kad\u0131n Pantolon"},"content":{"rendered":"<p>XSIDE Siyah Beli Lastikli Dokulu M\u00fcslin Kad\u0131n Pantolon size \u00f6zel indirim, taksit ve kap\u0131da \u00f6deme avantajlar\u0131yla LCW&#8217;de! Hemen online al\u0131\u015fveri\u015f yap, \u00fcr\u00fcn kap\u0131na gelsin! \u2013 W5K915Z8-CVL<\/p>\n<p>\u2014 Technical Details \u2014<br \/>\nMen\u015fei: Turk\u0131ye<br \/>\nSat\u0131c\u0131: LC Waikiki<br \/>\nMarka: XSIDE<br \/>\n\u00dcr\u00fcn Tipi: Pantolon<br \/>\nCinsiyet: Kad\u0131n<br \/>\nKal\u0131p: Loose &amp; Bol<br \/>\nKuma\u015f: M\u00fcslin<br \/>\nBel Fiti: Beli Lastikli<br \/>\nDesen: D\u00fcz<br \/>\nPa\u00e7a Fiti: Geni\u015f Pa\u00e7a<br \/>\nKal\u0131nl\u0131k: Orta Kal\u0131nl\u0131k<br \/>\nMalzeme: %100 Pamuk<br \/>\nEk \u00d6zellik: Dokulu<\/p>\n","protected":false},"excerpt":{"rendered":"<p>XSIDE Siyah Beli Lastikli Dokulu M\u00fcslin Kad\u0131n Pantolon size \u00f6zel indirim, taksit ve kap\u0131da \u00f6deme avantajlar\u0131yla LCW&#8217;de! Hemen online al\u0131\u015fveri\u015f yap, \u00fcr\u00fcn kap\u0131na gelsin! \u2013 W5K915Z8-CVL \u2014 Technical Details \u2014 Men\u015fei: Turk\u0131ye Sat\u0131c\u0131: LC Waikiki Marka: XSIDE \u00dcr\u00fcn Tipi: Pantolon Cinsiyet: Kad\u0131n Kal\u0131p: Loose &amp; Bol Kuma\u015f: M\u00fcslin Bel Fiti: Beli Lastikli Desen: D\u00fcz Pa\u00e7a [&hellip;]<\/p>\n","protected":false},"featured_media":88005,"comment_status":"open","ping_status":"closed","template":"","meta":[],"product_brand":[],"product_cat":[1882],"product_tag":[7326,6761,7865,7859,6765,7565,7488,7747],"class_list":{"0":"post-88017","1":"product","2":"type-product","3":"status-publish","4":"has-post-thumbnail","6":"product_cat-alt-giyim","7":"product_tag-bol-kesim","8":"product_tag-bol-paca","9":"product_tag-dokulu","10":"product_tag-kadin-pantolon-2","11":"product_tag-lastikli-bel","12":"product_tag-muslin-kumas","13":"product_tag-pamuk","14":"product_tag-siyah-pantolon","15":"pa_brand-xside","16":"pa_color-siyah","17":"pa_size-l","18":"pa_size-m","19":"pa_size-s","20":"pa_size-xl","21":"pa_size-xs","23":"first","24":"instock","25":"shipping-taxable","26":"purchasable","27":"product-type-variable"},"_links":{"self":[{"href":"https:\/\/mod.wisdar.net\/tr\/wp-json\/wp\/v2\/product\/88017","targetHints":{"allow":["GET"]}}],"collection":[{"href":"https:\/\/mod.wisdar.net\/tr\/wp-json\/wp\/v2\/product"}],"about":[{"href":"https:\/\/mod.wisdar.net\/tr\/wp-json\/wp\/v2\/types\/product"}],"replies":[{"embeddable":true,"href":"https:\/\/mod.wisdar.net\/tr\/wp-json\/wp\/v2\/comments?post=88017"}],"wp:featuredmedia":[{"embeddable":true,"href":"https:\/\/mod.wisdar.net\/tr\/wp-json\/wp\/v2\/media\/88005"}],"wp:attachment":[{"href":"https:\/\/mod.wisdar.net\/tr\/wp-json\/wp\/v2\/media?parent=88017"}],"wp:term":[{"taxonomy":"product_brand","embeddable":true,"href":"https:\/\/mod.wisdar.net\/tr\/wp-json\/wp\/v2\/product_brand?post=88017"},{"taxonomy":"product_cat","embeddable":true,"href":"https:\/\/mod.wisdar.net\/tr\/wp-json\/wp\/v2\/product_cat?post=88017"},{"taxonomy":"product_tag","embeddable":true,"href":"https:\/\/mod.wisdar.net\/tr\/wp-json\/wp\/v2\/product_tag?post=88017"}],"curies":[{"name":"wp","href":"https:\/\/api.w.org\/{rel}","templated":true}]}}