{"id":88157,"date":"2026-02-01T17:05:32","date_gmt":"2026-02-01T17:05:32","guid":{"rendered":"https:\/\/modesthanim.com\/product\/kahverengi-bol-kesim-genis-paca-pileli-kadin-pantolon\/"},"modified":"2026-03-08T08:06:09","modified_gmt":"2026-03-08T08:06:09","slug":"kahverengi-bol-kesim-genis-paca-pileli-kadin-pantolon","status":"publish","type":"product","link":"https:\/\/mod.wisdar.net\/tr\/urun\/kahverengi-bol-kesim-genis-paca-pileli-kadin-pantolon\/","title":{"rendered":"Kahverengi Loose Fit Geni\u015f Pa\u00e7a Kad\u0131n Pileli Pantolon"},"content":{"rendered":"<p>XSIDE Kahverengi Loose Fit Geni\u015f Pa\u00e7a Kad\u0131n Pileli Pantolon size \u00f6zel indirim, taksit ve kap\u0131da \u00f6deme avantajlar\u0131yla LCW&#8217;de! Hemen online al\u0131\u015fveri\u015f yap, \u00fcr\u00fcn kap\u0131na gelsin! \u2013 W5JG16Z8-1J0<\/p>\n<p>\u2014 Technical Details \u2014<br \/>\nMen\u015fei: Turk\u0131ye<br \/>\nSat\u0131c\u0131: LC Waikiki<br \/>\nMarka: XSIDE<br \/>\n\u00dcr\u00fcn Tipi: Pantolon<br \/>\nCinsiyet: Kad\u0131n<br \/>\nKal\u0131p: Loose &amp; Bol<br \/>\nKuma\u015f: Poliviskon<br \/>\nBel Fiti: Y\u00fcksek Bel<br \/>\nDesen: D\u00fcz<br \/>\nPa\u00e7a Fiti: Geni\u015f Pa\u00e7a<br \/>\nKal\u0131nl\u0131k: Orta Kal\u0131nl\u0131k<br \/>\nSiluet: Pileli<br \/>\nV\u00fccut Tipi: B\u00fcy\u00fck Beden<\/p>\n","protected":false},"excerpt":{"rendered":"<p>XSIDE Kahverengi Loose Fit Geni\u015f Pa\u00e7a Kad\u0131n Pileli Pantolon size \u00f6zel indirim, taksit ve kap\u0131da \u00f6deme avantajlar\u0131yla LCW&#8217;de! Hemen online al\u0131\u015fveri\u015f yap, \u00fcr\u00fcn kap\u0131na gelsin! \u2013 W5JG16Z8-1J0 \u2014 Technical Details \u2014 Men\u015fei: Turk\u0131ye Sat\u0131c\u0131: LC Waikiki Marka: XSIDE \u00dcr\u00fcn Tipi: Pantolon Cinsiyet: Kad\u0131n Kal\u0131p: Loose &amp; Bol Kuma\u015f: Poliviskon Bel Fiti: Y\u00fcksek Bel Desen: D\u00fcz [&hellip;]<\/p>\n","protected":false},"featured_media":0,"comment_status":"open","ping_status":"closed","template":"","meta":[],"product_brand":[],"product_cat":[1882],"product_tag":[7326,7729,7563,7856,8011,7881,6842,8014,7650],"class_list":{"0":"post-88157","1":"product","2":"type-product","3":"status-publish","5":"product_cat-alt-giyim","6":"product_tag-bol-kesim","7":"product_tag-bol-paca-pantolon","8":"product_tag-buyuk-beden","9":"product_tag-kadin-pantolon","10":"product_tag-kahverengi-pantolon-2","11":"product_tag-moda-pantolon","12":"product_tag-pileli-pantolon-2","13":"product_tag-poliviskoz","14":"product_tag-yuksek-bel-3","15":"pa_brand-xside","16":"pa_color-kahverengi","17":"pa_size-4698","18":"pa_size-4701","19":"pa_size-4706","20":"pa_size-4711","21":"pa_size-4713","22":"pa_size-4751","23":"pa_size-4749","24":"pa_size-4747","26":"first","27":"outofstock","28":"shipping-taxable","29":"product-type-variable"},"_links":{"self":[{"href":"https:\/\/mod.wisdar.net\/tr\/wp-json\/wp\/v2\/product\/88157","targetHints":{"allow":["GET"]}}],"collection":[{"href":"https:\/\/mod.wisdar.net\/tr\/wp-json\/wp\/v2\/product"}],"about":[{"href":"https:\/\/mod.wisdar.net\/tr\/wp-json\/wp\/v2\/types\/product"}],"replies":[{"embeddable":true,"href":"https:\/\/mod.wisdar.net\/tr\/wp-json\/wp\/v2\/comments?post=88157"}],"wp:attachment":[{"href":"https:\/\/mod.wisdar.net\/tr\/wp-json\/wp\/v2\/media?parent=88157"}],"wp:term":[{"taxonomy":"product_brand","embeddable":true,"href":"https:\/\/mod.wisdar.net\/tr\/wp-json\/wp\/v2\/product_brand?post=88157"},{"taxonomy":"product_cat","embeddable":true,"href":"https:\/\/mod.wisdar.net\/tr\/wp-json\/wp\/v2\/product_cat?post=88157"},{"taxonomy":"product_tag","embeddable":true,"href":"https:\/\/mod.wisdar.net\/tr\/wp-json\/wp\/v2\/product_tag?post=88157"}],"curies":[{"name":"wp","href":"https:\/\/api.w.org\/{rel}","templated":true}]}}