{"id":88282,"date":"2026-02-01T17:29:07","date_gmt":"2026-02-01T17:29:07","guid":{"rendered":"https:\/\/modesthanim.com\/product\/koton-x-sibil-cetinkaya-katli-yuksek-bel-dikis-detayli-ispanyol-paca-spor-tayt-2\/"},"modified":"2026-03-21T10:21:23","modified_gmt":"2026-03-21T10:21:23","slug":"koton-x-sibil-cetinkaya-katli-yuksek-bel-dikis-detayli-ispanyol-paca-spor-tayt-2","status":"publish","type":"product","link":"https:\/\/mod.wisdar.net\/tr\/urun\/koton-x-sibil-cetinkaya-katli-yuksek-bel-dikis-detayli-ispanyol-paca-spor-tayt-2\/","title":{"rendered":"Koton X Sibil \u00c7etinkaya \u2013 Katl\u0131 Y\u00fcksek Bel Diki\u015f Detayl\u0131 \u0130spanyol Pa\u00e7a Spor Tayt"},"content":{"rendered":"<p>Spor tayt, y\u00fcksek bel tasar\u0131m\u0131 ve \u0130spanyol pa\u00e7a sil\u00fcetiyle hem konfor hem de stil sunuyor. Slim fit yap\u0131s\u0131, bacaklar\u0131 nazik\u00e7e sararken, g\u00fcnl\u00fck aktivitelerden antrenmanlara kadar geni\u015f bir kullan\u0131m alan\u0131 sa\u011fl\u0131yor. Kuma\u015f kar\u0131\u015f\u0131m\u0131, hareket \u00f6zg\u00fcrl\u00fc\u011f\u00fc sunarken dinamik bir g\u00f6r\u00fcn\u00fcm kazand\u0131r\u0131yor. Tayt, bisiklet veya yoga gibi aktiviteler i\u00e7in m\u00fckemmel bir se\u00e7im sunuyor. Uzun boy yap\u0131s\u0131 sayesinde her mevsimde giyebilme imkan\u0131 sunuyor.<br \/>\nStil \u00d6nerisi<br \/>\nTayt\u0131 oversize bir ti\u015f\u00f6rt ve rahat spor ayakkab\u0131larla kombinleyerek g\u00fcnl\u00fck sportif bir g\u00f6r\u00fcn\u00fcm yakalayabilirsiniz. So\u011fuk havalarda \u00fczerine uzun bir h\u0131rka veya hafif bir mont ekleyerek stilinizi tamamlay\u0131n. \u015e\u0131k bir spor \u00e7antas\u0131 ve minimal aksesuarlarla kombinlerinizi zenginle\u015ftirerek, dinamik ve modern bir tarz elde edebilirsiniz. Spor salonundan hafta sonu etkinliklerine kadar her ortama uyum sa\u011flayan bu tayt, kusursuz stili ve konforu bir araya getiriyor.<br \/>\n\u00dcr\u00fcn \u00d6zellikleri<br \/>\nBel Tipi: Y\u00fcksek Bel<br \/>\nPa\u00e7a Tipi: \u0130spanyol Pa\u00e7a<br \/>\nFit: Slim Fit<br \/>\nKuma\u015f: %10 Elastan, %90 Polyester<br \/>\nKullan\u0131m Alan\u0131: Spor Giyim, G\u00fcnl\u00fck Giyim<br \/>\nKoton spor tayt modelleriyle her an\u0131n\u0131z\u0131 stil sahibi k\u0131l\u0131n. Konfor ve trendleri bir araya getiren bu tasar\u0131mlar, dolab\u0131n\u0131z\u0131n vazge\u00e7ilmezi olacak!<\/p>\n","protected":false},"excerpt":{"rendered":"<p>Spor tayt, y\u00fcksek bel tasar\u0131m\u0131 ve \u0130spanyol pa\u00e7a sil\u00fcetiyle hem konfor hem de stil sunuyor. Slim fit yap\u0131s\u0131, bacaklar\u0131 nazik\u00e7e sararken, g\u00fcnl\u00fck aktivitelerden antrenmanlara kadar geni\u015f bir kullan\u0131m alan\u0131 sa\u011fl\u0131yor. Kuma\u015f kar\u0131\u015f\u0131m\u0131, hareket \u00f6zg\u00fcrl\u00fc\u011f\u00fc sunarken dinamik bir g\u00f6r\u00fcn\u00fcm kazand\u0131r\u0131yor. Tayt, bisiklet veya yoga gibi aktiviteler i\u00e7in m\u00fckemmel bir se\u00e7im sunuyor. Uzun boy yap\u0131s\u0131 sayesinde her [&hellip;]<\/p>\n","protected":false},"featured_media":88272,"comment_status":"open","ping_status":"closed","template":"","meta":[],"product_brand":[],"product_cat":[6954,6948],"product_tag":[7638,7446,7426,7467,8039,8040,7310,8003,8041,7489],"class_list":{"0":"post-88282","1":"product","2":"type-product","3":"status-publish","4":"has-post-thumbnail","6":"product_cat-alt-vucut-alt-giyim","7":"product_cat-spor-giyim","8":"product_tag-aktif-giyim","9":"product_tag-atletik-giyim","10":"product_tag-gunluk-giyim-3","11":"product_tag-ispanyol-paca","12":"product_tag-koton","13":"product_tag-sibil-cetinkaya","14":"product_tag-slim-fit","15":"product_tag-spor-tayt-2","16":"product_tag-yoga-pantolonu","17":"product_tag-yuksek-bel-2","18":"pa_brand-koton","19":"pa_color-siyah","20":"pa_size-l","21":"pa_size-m","22":"pa_size-s","23":"pa_size-xl","24":"pa_size-xs","26":"first","27":"instock","28":"shipping-taxable","29":"purchasable","30":"product-type-variable"},"_links":{"self":[{"href":"https:\/\/mod.wisdar.net\/tr\/wp-json\/wp\/v2\/product\/88282","targetHints":{"allow":["GET"]}}],"collection":[{"href":"https:\/\/mod.wisdar.net\/tr\/wp-json\/wp\/v2\/product"}],"about":[{"href":"https:\/\/mod.wisdar.net\/tr\/wp-json\/wp\/v2\/types\/product"}],"replies":[{"embeddable":true,"href":"https:\/\/mod.wisdar.net\/tr\/wp-json\/wp\/v2\/comments?post=88282"}],"wp:featuredmedia":[{"embeddable":true,"href":"https:\/\/mod.wisdar.net\/tr\/wp-json\/wp\/v2\/media\/88272"}],"wp:attachment":[{"href":"https:\/\/mod.wisdar.net\/tr\/wp-json\/wp\/v2\/media?parent=88282"}],"wp:term":[{"taxonomy":"product_brand","embeddable":true,"href":"https:\/\/mod.wisdar.net\/tr\/wp-json\/wp\/v2\/product_brand?post=88282"},{"taxonomy":"product_cat","embeddable":true,"href":"https:\/\/mod.wisdar.net\/tr\/wp-json\/wp\/v2\/product_cat?post=88282"},{"taxonomy":"product_tag","embeddable":true,"href":"https:\/\/mod.wisdar.net\/tr\/wp-json\/wp\/v2\/product_tag?post=88282"}],"curies":[{"name":"wp","href":"https:\/\/api.w.org\/{rel}","templated":true}]}}