{"id":88339,"date":"2026-02-01T17:30:25","date_gmt":"2026-02-01T17:30:25","guid":{"rendered":"https:\/\/modesthanim.com\/product\/slim-fit-yuksek-bel-ispanyol-paca-spor-tayt\/"},"modified":"2026-04-02T03:02:12","modified_gmt":"2026-04-02T03:02:12","slug":"slim-fit-yuksek-bel-ispanyol-paca-spor-tayt","status":"publish","type":"product","link":"https:\/\/mod.wisdar.net\/tr\/urun\/slim-fit-yuksek-bel-ispanyol-paca-spor-tayt\/","title":{"rendered":"Slim Fit Y\u00fcksek Bel \u0130spanyol Pa\u00e7a Spor Tayt"},"content":{"rendered":"<p>Y\u00fcksek bel spor tayt, sportif ve konforlu bir g\u00f6r\u00fcn\u00fcm sunuyor. Y\u00fcksek beli sayesinde v\u00fccudu m\u00fckemmel \u015fekilde sararak, g\u00fcnl\u00fck aktivitelerde ve spor yaparken rahatl\u0131k sa\u011fl\u0131yor. \u0130spanyol pa\u00e7a detay\u0131yla modern bir siluet \u00e7izen tayt, hem spor salonunda hem de g\u00fcnl\u00fck kombinlerde \u015f\u0131kl\u0131\u011f\u0131 yakalamak isteyenler i\u00e7in ideal. Minimal diki\u015f detaylar\u0131yla \u00f6ne \u00e7\u0131kan tayt, fonksiyonelli\u011fi ve tarz\u0131 bir arada sunuyor. K\u0131\u015f aylar\u0131nda s\u0131cak tutarken yaz aylar\u0131nda hafifli\u011fi ile \u00f6ne \u00e7\u0131k\u0131yor.<\/p>\n<p>Stil \u00d6nerisi<br \/>\nTayt ile g\u00fcnl\u00fck kombinlerde basic ti\u015f\u00f6rtler ve sneakerslar ile dinamik ve rahat bir stil yaratabilirsiniz. Spor \u015f\u0131kl\u0131\u011f\u0131n\u0131z i\u00e7in tayt\u0131 fermuarl\u0131 kap\u00fc\u015fonlu bir sweatshirt ile tamamlayarak spor salonunda veya g\u00fcnl\u00fck gezilerinizde rahatl\u0131kla kullanabilirsiniz. So\u011fuk hava ko\u015fullar\u0131nda ise \u00fczerine kal\u0131n bir h\u0131rka veya mont ekleyebilirsiniz. Spor aktiviteleri ve yoga i\u00e7in ideal olan bu tayt, moday\u0131 ve konforu bir arada ya\u015famak isteyenler i\u00e7in m\u00fckemmel bir se\u00e7im!<\/p>\n<p>\u00dcr\u00fcn \u00d6zellikleri<br \/>\nBel Tipi: Y\u00fcksek Bel<br \/>\nFit: Slim Fit<br \/>\nPa\u00e7a Tipi: \u0130spanyol Pa\u00e7a<br \/>\nKuma\u015f: %81 Polyester, %19 Elastan<br \/>\nKullan\u0131m Alan\u0131: G\u00fcnl\u00fck Giyim, Spor Giyim<\/p>\n<p>Koton&#8217;un rahat ve \u015f\u0131k tayt koleksiyonu ile spor aktivitelerinizde stil sahibi olun. Koton spor taytlar\u0131 ile tarz\u0131n\u0131z\u0131 yans\u0131t\u0131n!<\/p>\n<p>\u2014 Technical Details \u2014<br \/>\nKuma\u015f: %19 ELASTAN, %81 POL\u0130ESTER<br \/>\nSil\u00fcet: Flare<br \/>\nBel Y\u00fcksekli\u011fi: Y\u00fcksek Bel<br \/>\n\u00dcr\u00fcn Tipi \/ Stil: Flare<br \/>\n\u00dcr\u00fcn\u00fcn Alt Markas\u0131: Trends<\/p>\n","protected":false},"excerpt":{"rendered":"<p>Y\u00fcksek bel spor tayt, sportif ve konforlu bir g\u00f6r\u00fcn\u00fcm sunuyor. Y\u00fcksek beli sayesinde v\u00fccudu m\u00fckemmel \u015fekilde sararak, g\u00fcnl\u00fck aktivitelerde ve spor yaparken rahatl\u0131k sa\u011fl\u0131yor. \u0130spanyol pa\u00e7a detay\u0131yla modern bir siluet \u00e7izen tayt, hem spor salonunda hem de g\u00fcnl\u00fck kombinlerde \u015f\u0131kl\u0131\u011f\u0131 yakalamak isteyenler i\u00e7in ideal. Minimal diki\u015f detaylar\u0131yla \u00f6ne \u00e7\u0131kan tayt, fonksiyonelli\u011fi ve tarz\u0131 bir arada [&hellip;]<\/p>\n","protected":false},"featured_media":88329,"comment_status":"open","ping_status":"closed","template":"","meta":[],"product_brand":[],"product_cat":[6954,6948],"product_tag":[7444,7424,7480,7443],"class_list":{"0":"post-88339","1":"product","2":"type-product","3":"status-publish","4":"has-post-thumbnail","6":"product_cat-alt-vucut-alt-giyim","7":"product_cat-spor-giyim","8":"product_tag-jarse","9":"product_tag-spor-giyim","10":"product_tag-tayt","11":"product_tag-trendler","12":"pa_brand-koton","13":"pa_color-haki","14":"pa_size-l","15":"pa_size-m","16":"pa_size-s","17":"pa_size-xl","18":"pa_size-xs","20":"first","21":"outofstock","22":"shipping-taxable","23":"product-type-variable"},"_links":{"self":[{"href":"https:\/\/mod.wisdar.net\/tr\/wp-json\/wp\/v2\/product\/88339","targetHints":{"allow":["GET"]}}],"collection":[{"href":"https:\/\/mod.wisdar.net\/tr\/wp-json\/wp\/v2\/product"}],"about":[{"href":"https:\/\/mod.wisdar.net\/tr\/wp-json\/wp\/v2\/types\/product"}],"replies":[{"embeddable":true,"href":"https:\/\/mod.wisdar.net\/tr\/wp-json\/wp\/v2\/comments?post=88339"}],"wp:featuredmedia":[{"embeddable":true,"href":"https:\/\/mod.wisdar.net\/tr\/wp-json\/wp\/v2\/media\/88329"}],"wp:attachment":[{"href":"https:\/\/mod.wisdar.net\/tr\/wp-json\/wp\/v2\/media?parent=88339"}],"wp:term":[{"taxonomy":"product_brand","embeddable":true,"href":"https:\/\/mod.wisdar.net\/tr\/wp-json\/wp\/v2\/product_brand?post=88339"},{"taxonomy":"product_cat","embeddable":true,"href":"https:\/\/mod.wisdar.net\/tr\/wp-json\/wp\/v2\/product_cat?post=88339"},{"taxonomy":"product_tag","embeddable":true,"href":"https:\/\/mod.wisdar.net\/tr\/wp-json\/wp\/v2\/product_tag?post=88339"}],"curies":[{"name":"wp","href":"https:\/\/api.w.org\/{rel}","templated":true}]}}