{"id":88360,"date":"2026-02-01T17:30:41","date_gmt":"2026-02-01T17:30:41","guid":{"rendered":"https:\/\/modesthanim.com\/product\/kapusonlu-uzun-kollu-fermuarli-cep-detayli-oversize-pelus-ceket\/"},"modified":"2026-03-21T10:11:26","modified_gmt":"2026-03-21T10:11:26","slug":"kapusonlu-uzun-kollu-fermuarli-cep-detayli-oversize-pelus-ceket","status":"publish","type":"product","link":"https:\/\/mod.wisdar.net\/tr\/urun\/kapusonlu-uzun-kollu-fermuarli-cep-detayli-oversize-pelus-ceket\/","title":{"rendered":"Kap\u00fc\u015fonlu Uzun Kollu Fermuarl\u0131 Cep Detayl\u0131 Oversize Pelu\u015f Ceket"},"content":{"rendered":"<p>Ceket, s\u0131cak tutan pelu\u015f yap\u0131s\u0131yla so\u011fuk k\u0131\u015f g\u00fcnlerinde sizi sar\u0131p sarmal\u0131yor. Fermuar detayl\u0131 tasar\u0131m\u0131 ve kap\u00fc\u015fonlu yaka stili ile sportif bir g\u00f6r\u00fcn\u00fcm sunuyor. \u00d6n k\u0131sm\u0131ndaki fermuarl\u0131 cep detay\u0131, hem i\u015flevsellik hem de stil kat\u0131yor. Rahat kal\u0131b\u0131 sayesinde g\u00fcn boyu konfor sa\u011fl\u0131yor. Pelu\u015f ceket spor veya g\u00fcnl\u00fck kombinler i\u00e7in ideal olup, gard\u0131robunuzun vazge\u00e7ilmez par\u00e7alar\u0131ndan biri haline geliyor. Stil \u00d6nerisi Kap\u00fc\u015fonlu uzun kollu ceket, g\u00fcnl\u00fck stilinize sportif bir dokunu\u015f kat\u0131yor. Skinny jean pantolon ve rahat sneaker ayakkab\u0131lar ile kombinleyerek casual bir g\u00f6r\u00fcn\u00fcm elde edebilirsiniz. So\u011fuk g\u00fcnlerde, katmanlar olu\u015fturmak i\u00e7in i\u00e7ine ince bir triko kazak ekleyebilir, \u015f\u0131k bir \u00e7anta ve sade aksesuarlarla stilinizi tamamlayabilirsiniz. Bu ceket, \u015fehir hayat\u0131nda hafta sonu gezintilerinizin en iyi e\u015flik\u00e7isi olacak. \u00dcr\u00fcn \u00d6zellikleri Kol Tipi: Uzun Kol Yaka Tipi: Kap\u00fc\u015fonlu Yaka Detay: Cep Detayl\u0131, Fermuar Detayl\u0131 Fit: Rahat Kal\u0131p Kullan\u0131m Alan\u0131: G\u00fcnl\u00fck Giyim, Spor Giyim Koton&#8217;un trend ceketleriyle bu k\u0131\u015f tarz\u0131n\u0131z\u0131 ortaya koyun. Hem \u015f\u0131kl\u0131k hem de konfor arayanlara \u00f6zel se\u00e7imleri ke\u015ffedin!<\/p>\n<p>\u2014 Technical Details \u2014<br \/>\nKuma\u015f: %100 POL\u0130ESTER<br \/>\nKol Boyu: Uzun Kol<br \/>\nKol Tipi: D\u00fc\u015f\u00fck Omuz<br \/>\nYaka Tipi: Kap\u00fc\u015fonlu<br \/>\nSil\u00fcet: Basic<br \/>\n\u00dcr\u00fcn Tipi \/ Stil: Basic<br \/>\n\u00dcr\u00fcn\u00fcn Alt Markas\u0131: Trends<\/p>\n","protected":false},"excerpt":{"rendered":"<p>Ceket, s\u0131cak tutan pelu\u015f yap\u0131s\u0131yla so\u011fuk k\u0131\u015f g\u00fcnlerinde sizi sar\u0131p sarmal\u0131yor. Fermuar detayl\u0131 tasar\u0131m\u0131 ve kap\u00fc\u015fonlu yaka stili ile sportif bir g\u00f6r\u00fcn\u00fcm sunuyor. \u00d6n k\u0131sm\u0131ndaki fermuarl\u0131 cep detay\u0131, hem i\u015flevsellik hem de stil kat\u0131yor. Rahat kal\u0131b\u0131 sayesinde g\u00fcn boyu konfor sa\u011fl\u0131yor. Pelu\u015f ceket spor veya g\u00fcnl\u00fck kombinler i\u00e7in ideal olup, gard\u0131robunuzun vazge\u00e7ilmez par\u00e7alar\u0131ndan biri haline [&hellip;]<\/p>\n","protected":false},"featured_media":88345,"comment_status":"open","ping_status":"closed","template":"","meta":[],"product_brand":[],"product_cat":[6948,6951],"product_tag":[8048,8049,7426,7985,8050,8051,8052,6882,7424,6768],"class_list":{"0":"post-88360","1":"product","2":"type-product","3":"status-publish","4":"has-post-thumbnail","6":"product_cat-spor-giyim","7":"product_cat-ust-giyim-ustler","8":"product_tag-cep-detayi","9":"product_tag-fermuarli-ceket","10":"product_tag-gunluk-giyim-3","11":"product_tag-kapusonlu-mont","12":"product_tag-kis-ceketi","13":"product_tag-oversize-ceket","14":"product_tag-polar-ceket","15":"product_tag-rahat-kesim-2","16":"product_tag-spor-giyim","17":"product_tag-uzun-kol","18":"pa_brand-koton","19":"pa_color-bordo","20":"pa_size-l","21":"pa_size-m","22":"pa_size-s","23":"pa_size-xs","25":"first","26":"outofstock","27":"shipping-taxable","28":"product-type-variable"},"_links":{"self":[{"href":"https:\/\/mod.wisdar.net\/tr\/wp-json\/wp\/v2\/product\/88360","targetHints":{"allow":["GET"]}}],"collection":[{"href":"https:\/\/mod.wisdar.net\/tr\/wp-json\/wp\/v2\/product"}],"about":[{"href":"https:\/\/mod.wisdar.net\/tr\/wp-json\/wp\/v2\/types\/product"}],"replies":[{"embeddable":true,"href":"https:\/\/mod.wisdar.net\/tr\/wp-json\/wp\/v2\/comments?post=88360"}],"wp:featuredmedia":[{"embeddable":true,"href":"https:\/\/mod.wisdar.net\/tr\/wp-json\/wp\/v2\/media\/88345"}],"wp:attachment":[{"href":"https:\/\/mod.wisdar.net\/tr\/wp-json\/wp\/v2\/media?parent=88360"}],"wp:term":[{"taxonomy":"product_brand","embeddable":true,"href":"https:\/\/mod.wisdar.net\/tr\/wp-json\/wp\/v2\/product_brand?post=88360"},{"taxonomy":"product_cat","embeddable":true,"href":"https:\/\/mod.wisdar.net\/tr\/wp-json\/wp\/v2\/product_cat?post=88360"},{"taxonomy":"product_tag","embeddable":true,"href":"https:\/\/mod.wisdar.net\/tr\/wp-json\/wp\/v2\/product_tag?post=88360"}],"curies":[{"name":"wp","href":"https:\/\/api.w.org\/{rel}","templated":true}]}}