{"id":8850,"date":"2025-11-01T20:21:28","date_gmt":"2025-11-01T20:21:28","guid":{"rendered":"https:\/\/modesthanim.com\/product\/elastik-bel-kapsonlu-pelerin-bej\/"},"modified":"2026-04-03T15:26:16","modified_gmt":"2026-04-03T15:26:16","slug":"elastik-bel-kapsonlu-pelerin-bej","status":"publish","type":"product","link":"https:\/\/mod.wisdar.net\/tr\/urun\/elastik-bel-kapsonlu-pelerin-bej\/","title":{"rendered":"Elastik Bel Kap\u015fonlu Pelerin \u2013 Bej"},"content":{"rendered":"<p>Elastik bel detay\u0131, \u015f\u0131k bir siluet olu\u015ftururken, kap\u00fc\u015fon spor \u015f\u0131kl\u0131\u011f\u0131na bir dokunu\u015f ekler.<\/p>\n<p>Kuma\u015f \u0130\u00e7eri\u011fi: %55 Pamuk, %45 Polyester<br \/>\nKombinasyon Kuma\u015f\u0131: %54 Lyocell, %46 Viskon<br \/>\nDesen: D\u00fcz<br \/>\nYaka Tipi: Dik \u2013 Kap\u00fc\u015fonlu Yaka<br \/>\nKol Tipi: D\u00fc\u015f\u00fck Omuz<br \/>\nCep: Gizli Cep<br \/>\nAstar: Astars\u0131z<br \/>\n\u00dcr\u00fcn Uzunlu\u011fu: 85 cm<br \/>\nKal\u0131p: Rahat Kesim<br \/>\nModelin Giydi\u011fi Beden: 38<br \/>\nModel \u00d6l\u00e7\u00fcleri: Boy: 179 cm, G\u00f6\u011f\u00fcs: 84 cm, Bel: 62 cm, Kal\u00e7a: 90 cm<\/p>\n<p>\u2014 Teknik Detaylar \u2014<br \/>\nKombinasyon Kuma\u015f\u0131: %54 Lyocell, %46 Viskon<br \/>\nDesen: D\u00fcz<br \/>\nYaka Tipi: Dik \u2013 Kap\u00fc\u015fonlu Yaka<br \/>\nKol Tipi: D\u00fc\u015f\u00fck Omuz<br \/>\nCep: Gizli Cep<br \/>\nAstar: Astars\u0131z<br \/>\n\u00dcr\u00fcn Uzunlu\u011fu: 85 cm<br \/>\nKal\u0131p: Rahat Kesim<br \/>\nModelin Giydi\u011fi Beden: 38<br \/>\nModel \u00d6l\u00e7\u00fcleri: Boy: 179 cm, G\u00f6\u011f\u00fcs: 84 cm, Bel: 62 cm, Kal\u00e7a: 90 cm<\/p>\n","protected":false},"excerpt":{"rendered":"<p>Elastik bel detay\u0131, \u015f\u0131k bir siluet olu\u015ftururken, kap\u00fc\u015fon spor \u015f\u0131kl\u0131\u011f\u0131na bir dokunu\u015f ekler. Kuma\u015f \u0130\u00e7eri\u011fi: %55 Pamuk, %45 Polyester Kombinasyon Kuma\u015f\u0131: %54 Lyocell, %46 Viskon Desen: D\u00fcz Yaka Tipi: Dik \u2013 Kap\u00fc\u015fonlu Yaka Kol Tipi: D\u00fc\u015f\u00fck Omuz Cep: Gizli Cep Astar: Astars\u0131z \u00dcr\u00fcn Uzunlu\u011fu: 85 cm Kal\u0131p: Rahat Kesim Modelin Giydi\u011fi Beden: 38 Model \u00d6l\u00e7\u00fcleri: [&hellip;]<\/p>\n","protected":false},"featured_media":51983,"comment_status":"open","ping_status":"closed","template":"","meta":[],"product_brand":[],"product_cat":[2047],"product_tag":[6765,8077],"class_list":{"0":"post-8850","1":"product","2":"type-product","3":"status-publish","4":"has-post-thumbnail","6":"product_cat-paltolar","7":"product_tag-lastikli-bel","8":"product_tag-sporcu-sik","9":"pa_brand-tugba","10":"pa_color-bej","11":"pa_size-4706","12":"pa_size-4711","13":"pa_size-4713","14":"pa_size-4751","16":"first","17":"instock","18":"sale","19":"shipping-taxable","20":"purchasable","21":"product-type-variable"},"_links":{"self":[{"href":"https:\/\/mod.wisdar.net\/tr\/wp-json\/wp\/v2\/product\/8850","targetHints":{"allow":["GET"]}}],"collection":[{"href":"https:\/\/mod.wisdar.net\/tr\/wp-json\/wp\/v2\/product"}],"about":[{"href":"https:\/\/mod.wisdar.net\/tr\/wp-json\/wp\/v2\/types\/product"}],"replies":[{"embeddable":true,"href":"https:\/\/mod.wisdar.net\/tr\/wp-json\/wp\/v2\/comments?post=8850"}],"wp:featuredmedia":[{"embeddable":true,"href":"https:\/\/mod.wisdar.net\/tr\/wp-json\/wp\/v2\/media\/51983"}],"wp:attachment":[{"href":"https:\/\/mod.wisdar.net\/tr\/wp-json\/wp\/v2\/media?parent=8850"}],"wp:term":[{"taxonomy":"product_brand","embeddable":true,"href":"https:\/\/mod.wisdar.net\/tr\/wp-json\/wp\/v2\/product_brand?post=8850"},{"taxonomy":"product_cat","embeddable":true,"href":"https:\/\/mod.wisdar.net\/tr\/wp-json\/wp\/v2\/product_cat?post=8850"},{"taxonomy":"product_tag","embeddable":true,"href":"https:\/\/mod.wisdar.net\/tr\/wp-json\/wp\/v2\/product_tag?post=8850"}],"curies":[{"name":"wp","href":"https:\/\/api.w.org\/{rel}","templated":true}]}}