{"id":88511,"date":"2026-02-01T17:33:28","date_gmt":"2026-02-01T17:33:28","guid":{"rendered":"https:\/\/modesthanim.com\/product\/turuncu-bel-lastikli-fitilli-kadin-spor-tayti\/"},"modified":"2026-03-21T10:31:37","modified_gmt":"2026-03-21T10:31:37","slug":"turuncu-bel-lastikli-fitilli-kadin-spor-tayti","status":"publish","type":"product","link":"https:\/\/mod.wisdar.net\/tr\/urun\/turuncu-bel-lastikli-fitilli-kadin-spor-tayti\/","title":{"rendered":"Turuncu Beli Lastikli Fitilli Kad\u0131n Spor Tayt"},"content":{"rendered":"<p>KOOR SPORT Turuncu Beli Lastikli Fitilli Kad\u0131n Spor Tayt size \u00f6zel indirim, taksit ve kap\u0131da \u00f6deme avantajlar\u0131yla LCW&#8217;de! Hemen online al\u0131\u015fveri\u015f yap, \u00fcr\u00fcn kap\u0131na gelsin! \u2013 W5MP79Z8-H2J<\/p>\n<p>\u2014 Technical Details \u2014<br \/>\nMen\u015fei: M\u0131s\u0131r<br \/>\nSat\u0131c\u0131: LC Waikiki<br \/>\nMarka: KOOR SPORT<br \/>\n\u00dcr\u00fcn Tipi: Spor Tayt<br \/>\nCinsiyet: Kad\u0131n<br \/>\nDesen: D\u00fcz<br \/>\nKal\u0131p: S\u00fcper Skinny &amp; Ekstra Dar<br \/>\nBel Fiti: Beli Lastikli<br \/>\nUzunluk: Uzun<br \/>\nPa\u00e7a Fiti: En Dar Pa\u00e7a<br \/>\nEk \u00d6zellik: Fitilli<br \/>\nStil: Spor<\/p>\n","protected":false},"excerpt":{"rendered":"<p>KOOR SPORT Turuncu Beli Lastikli Fitilli Kad\u0131n Spor Tayt size \u00f6zel indirim, taksit ve kap\u0131da \u00f6deme avantajlar\u0131yla LCW&#8217;de! Hemen online al\u0131\u015fveri\u015f yap, \u00fcr\u00fcn kap\u0131na gelsin! \u2013 W5MP79Z8-H2J \u2014 Technical Details \u2014 Men\u015fei: M\u0131s\u0131r Sat\u0131c\u0131: LC Waikiki Marka: KOOR SPORT \u00dcr\u00fcn Tipi: Spor Tayt Cinsiyet: Kad\u0131n Desen: D\u00fcz Kal\u0131p: S\u00fcper Skinny &amp; Ekstra Dar Bel Fiti: [&hellip;]<\/p>\n","protected":false},"featured_media":0,"comment_status":"open","ping_status":"closed","template":"","meta":[],"product_brand":[],"product_cat":[6954,6948],"product_tag":[7446,8096,8097,8066,6765,8003],"class_list":{"0":"post-88511","1":"product","2":"type-product","3":"status-publish","5":"product_cat-alt-vucut-alt-giyim","6":"product_cat-spor-giyim","7":"product_tag-atletik-giyim","8":"product_tag-fitilli-kumas","9":"product_tag-fitness-giyim-2","10":"product_tag-kadin-spor-giyim","11":"product_tag-lastikli-bel","12":"product_tag-spor-tayt-2","13":"pa_brand-koor-sport","14":"pa_color-kiremit","15":"pa_size-m-l-2","16":"pa_size-xl-2xl","17":"pa_size-xs-s","19":"first","20":"outofstock","21":"shipping-taxable","22":"product-type-variable"},"_links":{"self":[{"href":"https:\/\/mod.wisdar.net\/tr\/wp-json\/wp\/v2\/product\/88511","targetHints":{"allow":["GET"]}}],"collection":[{"href":"https:\/\/mod.wisdar.net\/tr\/wp-json\/wp\/v2\/product"}],"about":[{"href":"https:\/\/mod.wisdar.net\/tr\/wp-json\/wp\/v2\/types\/product"}],"replies":[{"embeddable":true,"href":"https:\/\/mod.wisdar.net\/tr\/wp-json\/wp\/v2\/comments?post=88511"}],"wp:attachment":[{"href":"https:\/\/mod.wisdar.net\/tr\/wp-json\/wp\/v2\/media?parent=88511"}],"wp:term":[{"taxonomy":"product_brand","embeddable":true,"href":"https:\/\/mod.wisdar.net\/tr\/wp-json\/wp\/v2\/product_brand?post=88511"},{"taxonomy":"product_cat","embeddable":true,"href":"https:\/\/mod.wisdar.net\/tr\/wp-json\/wp\/v2\/product_cat?post=88511"},{"taxonomy":"product_tag","embeddable":true,"href":"https:\/\/mod.wisdar.net\/tr\/wp-json\/wp\/v2\/product_tag?post=88511"}],"curies":[{"name":"wp","href":"https:\/\/api.w.org\/{rel}","templated":true}]}}