{"id":88563,"date":"2026-02-01T17:33:44","date_gmt":"2026-02-01T17:33:44","guid":{"rendered":"https:\/\/modesthanim.com\/product\/beli-lastikli-cep-detayli-rahat-kalip-genis-paca-esofman-alti\/"},"modified":"2026-04-09T10:21:22","modified_gmt":"2026-04-09T10:21:22","slug":"beli-lastikli-cep-detayli-rahat-kalip-genis-paca-esofman-alti","status":"publish","type":"product","link":"https:\/\/mod.wisdar.net\/tr\/urun\/beli-lastikli-cep-detayli-rahat-kalip-genis-paca-esofman-alti\/","title":{"rendered":"Beli Lastikli Cep Detayl\u0131 Rahat Kal\u0131p Geni\u015f Pa\u00e7a E\u015fofman Alt\u0131"},"content":{"rendered":"<p>Beli lastikli e\u015fofman alt\u0131, geni\u015f pa\u00e7a tasar\u0131m\u0131yla modern ve g\u00fcnl\u00fck stilinizi tamaml\u0131yor. Yan cepleriyle hem pratik hem de konforlu bir kullan\u0131m sunuyor. Yumu\u015fak kuma\u015f\u0131yla g\u00fcn boyu hareket \u00f6zg\u00fcrl\u00fc\u011f\u00fc sa\u011flarken, sportif tarz\u0131n\u0131z\u0131 vurgulayan \u00f6nemli bir par\u00e7a olarak \u00f6ne \u00e7\u0131k\u0131yor. Normal bel yap\u0131s\u0131, farkl\u0131 \u00fcstlerle kolayca kombinlenebilmesine olanak tan\u0131yor. Uzun boyu sayesinde her mevsim rahatl\u0131kla tercih edilebilecek e\u015fofman alt\u0131, spor giyim koleksiyonunuzun vazge\u00e7ilmez bir par\u00e7as\u0131 olacak. Stil \u00d6nerisi E\u015fofman alt\u0131n\u0131, basic ti\u015f\u00f6rtler ve sneakers ile kombinleyerek g\u00fcnl\u00fck rahat bir stil yaratabilirsiniz. \u015e\u0131k bir spor ceket ve aksesuarlar ile tamamlayarak rahatl\u0131kla tarz\u0131n\u0131z\u0131 s\u00fcrd\u00fcrebilirsiniz. So\u011fuk havalarda i\u00e7erisine giyebilece\u011finiz y\u00fcnl\u00fc bir kazak ve kal\u0131n tabanl\u0131 spor ayakkab\u0131larla sportif g\u00f6r\u00fcn\u00fcm\u00fcn\u00fcz\u00fc peki\u015ftirebilirsiniz. Hem \u015f\u0131k hem de konforlu bir stil ar\u0131yorsan\u0131z bu e\u015fofman alt\u0131 tam size g\u00f6re! \u00dcr\u00fcn \u00d6zellikleri Bel Tipi: Normal Bel Cep Tipi: Yan Cep Fit: Rahat Kal\u0131p Pa\u00e7a Tipi: Geni\u015f Pa\u00e7a Kuma\u015f: %57 Pamuk, %43 Polyester Kullan\u0131m Alan\u0131: G\u00fcnl\u00fck Giyim, Spor Giyim Koton&#8217;un spor giyim koleksiyonu ile trend ve rahat bir stil yakalay\u0131n. Geni\u015f pa\u00e7a tasar\u0131ml\u0131 e\u015fofman alt\u0131, g\u00fcnl\u00fck ve spor \u015f\u0131kl\u0131\u011f\u0131n\u0131z\u0131 tamaml\u0131yor. \u015eimdi Koton&#8217;un yenilik\u00e7i tasar\u0131m\u0131n\u0131 ke\u015ffedin!<\/p>\n","protected":false},"excerpt":{"rendered":"<p>Beli lastikli e\u015fofman alt\u0131, geni\u015f pa\u00e7a tasar\u0131m\u0131yla modern ve g\u00fcnl\u00fck stilinizi tamaml\u0131yor. Yan cepleriyle hem pratik hem de konforlu bir kullan\u0131m sunuyor. Yumu\u015fak kuma\u015f\u0131yla g\u00fcn boyu hareket \u00f6zg\u00fcrl\u00fc\u011f\u00fc sa\u011flarken, sportif tarz\u0131n\u0131z\u0131 vurgulayan \u00f6nemli bir par\u00e7a olarak \u00f6ne \u00e7\u0131k\u0131yor. Normal bel yap\u0131s\u0131, farkl\u0131 \u00fcstlerle kolayca kombinlenebilmesine olanak tan\u0131yor. Uzun boyu sayesinde her mevsim rahatl\u0131kla tercih edilebilecek [&hellip;]<\/p>\n","protected":false},"featured_media":88547,"comment_status":"open","ping_status":"closed","template":"","meta":[],"product_brand":[],"product_cat":[6954,6948],"product_tag":[6761,7651,7426,6765,6845,7425,6751,6882,7424,8102],"class_list":{"0":"post-88563","1":"product","2":"type-product","3":"status-publish","4":"has-post-thumbnail","6":"product_cat-alt-vucut-alt-giyim","7":"product_cat-spor-giyim","8":"product_tag-bol-paca","9":"product_tag-esofman-alti","10":"product_tag-gunluk-giyim-3","11":"product_tag-lastikli-bel","12":"product_tag-modern-stil","13":"product_tag-pamuk-karisimi","14":"product_tag-rahat","15":"product_tag-rahat-kesim-2","16":"product_tag-spor-giyim","17":"product_tag-yan-cepler","18":"pa_brand-koton","19":"pa_color-kar-melanj","20":"pa_size-l","21":"pa_size-m","22":"pa_size-s","23":"pa_size-xl","24":"pa_size-xs","26":"first","27":"instock","28":"shipping-taxable","29":"purchasable","30":"product-type-variable"},"_links":{"self":[{"href":"https:\/\/mod.wisdar.net\/tr\/wp-json\/wp\/v2\/product\/88563","targetHints":{"allow":["GET"]}}],"collection":[{"href":"https:\/\/mod.wisdar.net\/tr\/wp-json\/wp\/v2\/product"}],"about":[{"href":"https:\/\/mod.wisdar.net\/tr\/wp-json\/wp\/v2\/types\/product"}],"replies":[{"embeddable":true,"href":"https:\/\/mod.wisdar.net\/tr\/wp-json\/wp\/v2\/comments?post=88563"}],"wp:featuredmedia":[{"embeddable":true,"href":"https:\/\/mod.wisdar.net\/tr\/wp-json\/wp\/v2\/media\/88547"}],"wp:attachment":[{"href":"https:\/\/mod.wisdar.net\/tr\/wp-json\/wp\/v2\/media?parent=88563"}],"wp:term":[{"taxonomy":"product_brand","embeddable":true,"href":"https:\/\/mod.wisdar.net\/tr\/wp-json\/wp\/v2\/product_brand?post=88563"},{"taxonomy":"product_cat","embeddable":true,"href":"https:\/\/mod.wisdar.net\/tr\/wp-json\/wp\/v2\/product_cat?post=88563"},{"taxonomy":"product_tag","embeddable":true,"href":"https:\/\/mod.wisdar.net\/tr\/wp-json\/wp\/v2\/product_tag?post=88563"}],"curies":[{"name":"wp","href":"https:\/\/api.w.org\/{rel}","templated":true}]}}