{"id":88584,"date":"2026-02-01T17:34:08","date_gmt":"2026-02-01T17:34:08","guid":{"rendered":"https:\/\/modesthanim.com\/product\/uzun-kollu-kapusonlu-fermuarli-kanguru-cepli-spor-sweatshirt-2\/"},"modified":"2026-04-15T22:49:47","modified_gmt":"2026-04-15T22:49:47","slug":"uzun-kollu-kapusonlu-fermuarli-kanguru-cepli-spor-sweatshirt-2","status":"publish","type":"product","link":"https:\/\/mod.wisdar.net\/tr\/urun\/uzun-kollu-kapusonlu-fermuarli-kanguru-cepli-spor-sweatshirt-2\/","title":{"rendered":"Uzun Kollu Kap\u00fc\u015fonlu Fermuarl\u0131 Kanguru Cepli Spor Sweatshirt"},"content":{"rendered":"<p>Fermuarl\u0131 kap\u00fc\u015fonlu sweatshirt, g\u00fcnl\u00fck stilinizin vazge\u00e7ilmez bir par\u00e7as\u0131 oluyor. Uzun kol tasar\u0131m\u0131, serin havalarda sizi s\u0131cak tutarken, oversize kesimi rahat bir giyim deneyimi sunuyor. Kap\u00fc\u015fon aka detay\u0131 ve cep \u00f6zelli\u011fiyle fonksiyonel bir yap\u0131 sa\u011fl\u0131yor. Pamuk kar\u0131\u015f\u0131ml\u0131 kuma\u015f\u0131, konforlu bir kullan\u0131m sunuyor. Spor aktiviteleri ya da g\u00fcnl\u00fck ya\u015fam i\u00e7in ideal olan bu sweatshirt, stilinizi tamaml\u0131yor. Stil \u00d6nerisi Kap\u00fc\u015fonlu sweatshirt, g\u00fcnl\u00fck \u015f\u0131kl\u0131\u011f\u0131n\u0131z i\u00e7in m\u00fckemmel bir se\u00e7im. Jogger pantolonlar ve spor ayakkab\u0131larla kombinleyerek rahat bir g\u00f6r\u00fcn\u00fcm olu\u015fturabilirsiniz. So\u011fuk havalarda, oversize bir kaban veya ceketle stilinizi zenginle\u015ftirebilirsiniz. Aksesuar olarak minimalist bir s\u0131rt \u00e7antas\u0131 ve spor bir \u015fapka tercih edebilirsiniz. B\u00f6ylece, g\u00fcnl\u00fck ko\u015fu\u015fturmalar\u0131n\u0131zda hem rahat hem de trend bir g\u00f6r\u00fcn\u00fcm yakalayabilirsiniz. \u00dcr\u00fcn \u00d6zellikleri Kol Boyu: Uzun Kol Fit: Oversize Kuma\u015f: %57 Pamuk, %43 Polyester Cep: Fleto \u00c7ift Cep Stil &amp; Siluet: Basic Kullan\u0131m Alan\u0131: Spor Giyim Koton&#8217;un spor koleksiyonundaki sweatshirt ile tarz\u0131n\u0131z\u0131 yans\u0131t\u0131n. G\u00fcnl\u00fck hayatta konforu ve \u015f\u0131kl\u0131\u011f\u0131 bir arada sunan tasar\u0131mlar\u0131 ke\u015ffedin!<\/p>\n<p>\u2014 Technical Details \u2014<br \/>\nKol Boyu: Uzun Kol<br \/>\nFit: Oversize<br \/>\nKuma\u015f: %57 Pamuk, %43 Polyester<br \/>\nCep: Fleto \u00c7ift Cep<br \/>\nStil &amp; Siluet: Basic<br \/>\nKullan\u0131m Alan\u0131: Spor Giyim<\/p>\n","protected":false},"excerpt":{"rendered":"<p>Fermuarl\u0131 kap\u00fc\u015fonlu sweatshirt, g\u00fcnl\u00fck stilinizin vazge\u00e7ilmez bir par\u00e7as\u0131 oluyor. Uzun kol tasar\u0131m\u0131, serin havalarda sizi s\u0131cak tutarken, oversize kesimi rahat bir giyim deneyimi sunuyor. Kap\u00fc\u015fon aka detay\u0131 ve cep \u00f6zelli\u011fiyle fonksiyonel bir yap\u0131 sa\u011fl\u0131yor. Pamuk kar\u0131\u015f\u0131ml\u0131 kuma\u015f\u0131, konforlu bir kullan\u0131m sunuyor. Spor aktiviteleri ya da g\u00fcnl\u00fck ya\u015fam i\u00e7in ideal olan bu sweatshirt, stilinizi tamaml\u0131yor. Stil [&hellip;]<\/p>\n","protected":false},"featured_media":88578,"comment_status":"open","ping_status":"closed","template":"","meta":[],"product_brand":[],"product_cat":[6948,6951],"product_tag":[7458,7419,7427,7766,7327,7425,6751,7424,8105,6768],"class_list":{"0":"post-88584","1":"product","2":"type-product","3":"status-publish","4":"has-post-thumbnail","6":"product_cat-spor-giyim","7":"product_cat-ust-giyim-ustler","8":"product_tag-fermuarli-2","9":"product_tag-gunluk","10":"product_tag-kanguru-cep","11":"product_tag-kapusonlu-sweatshirt-2","12":"product_tag-oversize","13":"product_tag-pamuk-karisimi","14":"product_tag-rahat","15":"product_tag-spor-giyim","16":"product_tag-trend","17":"product_tag-uzun-kol","18":"pa_brand-koton","19":"pa_color-kar-melanj","20":"pa_size-l","21":"pa_size-m","22":"pa_size-s","23":"pa_size-xl","24":"pa_size-xs","26":"first","27":"instock","28":"shipping-taxable","29":"purchasable","30":"product-type-variable"},"_links":{"self":[{"href":"https:\/\/mod.wisdar.net\/tr\/wp-json\/wp\/v2\/product\/88584","targetHints":{"allow":["GET"]}}],"collection":[{"href":"https:\/\/mod.wisdar.net\/tr\/wp-json\/wp\/v2\/product"}],"about":[{"href":"https:\/\/mod.wisdar.net\/tr\/wp-json\/wp\/v2\/types\/product"}],"replies":[{"embeddable":true,"href":"https:\/\/mod.wisdar.net\/tr\/wp-json\/wp\/v2\/comments?post=88584"}],"wp:featuredmedia":[{"embeddable":true,"href":"https:\/\/mod.wisdar.net\/tr\/wp-json\/wp\/v2\/media\/88578"}],"wp:attachment":[{"href":"https:\/\/mod.wisdar.net\/tr\/wp-json\/wp\/v2\/media?parent=88584"}],"wp:term":[{"taxonomy":"product_brand","embeddable":true,"href":"https:\/\/mod.wisdar.net\/tr\/wp-json\/wp\/v2\/product_brand?post=88584"},{"taxonomy":"product_cat","embeddable":true,"href":"https:\/\/mod.wisdar.net\/tr\/wp-json\/wp\/v2\/product_cat?post=88584"},{"taxonomy":"product_tag","embeddable":true,"href":"https:\/\/mod.wisdar.net\/tr\/wp-json\/wp\/v2\/product_tag?post=88584"}],"curies":[{"name":"wp","href":"https:\/\/api.w.org\/{rel}","templated":true}]}}