{"id":88739,"date":"2026-02-01T17:36:52","date_gmt":"2026-02-01T17:36:52","guid":{"rendered":"https:\/\/modesthanim.com\/product\/baskili-uzun-kollu-bisiklet-yaka-sardonlu-oversize-crop-sweatshirt\/"},"modified":"2026-02-01T17:37:45","modified_gmt":"2026-02-01T17:37:45","slug":"baskili-uzun-kollu-bisiklet-yaka-sardonlu-oversize-crop-sweatshirt","status":"publish","type":"product","link":"https:\/\/mod.wisdar.net\/tr\/urun\/baskili-uzun-kollu-bisiklet-yaka-sardonlu-oversize-crop-sweatshirt\/","title":{"rendered":"Bask\u0131l\u0131 Uzun Kollu Bisiklet Yaka \u015eardonlu Oversize Crop Sweatshirt"},"content":{"rendered":"<p>Oversize crop sweatshirt, modern ve rahat bir g\u00f6r\u00fcn\u00fcm sunarak gard\u0131robunuzun favori par\u00e7alar\u0131ndan biri haline geliyor. Bisiklet yaka ve uzun kollu tasar\u0131m\u0131 ile g\u00fcnl\u00fck kullan\u0131m i\u00e7in ideal bir tercih olu\u015fturuyor. \u015eardonlu yap\u0131s\u0131, k\u0131\u015f aylar\u0131nda s\u0131cak tutarken konforlu bir giyim sa\u011fl\u0131yor. \u00dczerindeki bask\u0131 detay\u0131, sade fakat \u00f6zg\u00fcn bir stil yarat\u0131yor. Hem spor aktivitelerde hem de g\u00fcnl\u00fck kombinlerde rahatl\u0131kla kullanabilece\u011finiz bu sweatshirt, dikkat \u00e7ekici bir tasar\u0131ma sahip. Stil \u00d6nerisi Sweatshirt ile spor bir tarz yaratmak i\u00e7in dar kesim bir jean ve beyaz spor ayakkab\u0131larla kombinleyebilirsiniz. So\u011fuk g\u00fcnlerde, oversize bir mont ve bere ile tamamlayarak \u015f\u0131kl\u0131\u011f\u0131n\u0131z\u0131 koruyabilirsiniz. Ayr\u0131ca, basic bir tayt ve sneaker ile hafta sonu gezilerinizde rahat ve \u015f\u0131k bir g\u00f6r\u00fcn\u00fcm elde edebilirsiniz. Aksesuar olarak ise minimal bir s\u0131rt \u00e7antas\u0131 ve sade bir \u015fapka kullanabilirsiniz. \u00dcr\u00fcn \u00d6zellikleri Kol Tipi: Uzun Kol Yaka Tipi: Bisiklet Yaka Detay: Bask\u0131l\u0131 Fit: Relax Kuma\u015f: %37 Polyester, %63 Pamuk Kullan\u0131m Alan\u0131: G\u00fcnl\u00fck Giyim, Spor Giyim Koton&#8217;un rahat ve \u015f\u0131k sweatshirt modelleriyle g\u00fcndelik stilinize modern bir dokunu\u015f kat\u0131n. Koton sweatshirt koleksiyonunu \u015fimdi ke\u015ffedin!<\/p>\n","protected":false},"excerpt":{"rendered":"<p>Oversize crop sweatshirt, modern ve rahat bir g\u00f6r\u00fcn\u00fcm sunarak gard\u0131robunuzun favori par\u00e7alar\u0131ndan biri haline geliyor. Bisiklet yaka ve uzun kollu tasar\u0131m\u0131 ile g\u00fcnl\u00fck kullan\u0131m i\u00e7in ideal bir tercih olu\u015fturuyor. \u015eardonlu yap\u0131s\u0131, k\u0131\u015f aylar\u0131nda s\u0131cak tutarken konforlu bir giyim sa\u011fl\u0131yor. \u00dczerindeki bask\u0131 detay\u0131, sade fakat \u00f6zg\u00fcn bir stil yarat\u0131yor. Hem spor aktivitelerde hem de g\u00fcnl\u00fck kombinlerde [&hellip;]<\/p>\n","protected":false},"featured_media":88729,"comment_status":"open","ping_status":"closed","template":"","meta":[],"product_brand":[],"product_cat":[6948,6951],"product_tag":[8022,8110,8109,7419,8108,7423,7459,7424,7422],"class_list":{"0":"post-88739","1":"product","2":"type-product","3":"status-publish","4":"has-post-thumbnail","6":"product_cat-spor-giyim","7":"product_cat-ust-giyim-ustler","8":"product_tag-baskili-2","9":"product_tag-bisiklet-yaka-2","10":"product_tag-crop","11":"product_tag-gunluk","12":"product_tag-kis","13":"product_tag-oversize-2","14":"product_tag-sherpa","15":"product_tag-spor-giyim","16":"product_tag-sweatshirt","17":"pa_brand-koton","18":"pa_color-kahverengi","19":"pa_size-l","20":"pa_size-m","21":"pa_size-s","22":"pa_size-xl","23":"pa_size-xs","25":"first","26":"instock","27":"shipping-taxable","28":"purchasable","29":"product-type-variable"},"_links":{"self":[{"href":"https:\/\/mod.wisdar.net\/tr\/wp-json\/wp\/v2\/product\/88739","targetHints":{"allow":["GET"]}}],"collection":[{"href":"https:\/\/mod.wisdar.net\/tr\/wp-json\/wp\/v2\/product"}],"about":[{"href":"https:\/\/mod.wisdar.net\/tr\/wp-json\/wp\/v2\/types\/product"}],"replies":[{"embeddable":true,"href":"https:\/\/mod.wisdar.net\/tr\/wp-json\/wp\/v2\/comments?post=88739"}],"wp:featuredmedia":[{"embeddable":true,"href":"https:\/\/mod.wisdar.net\/tr\/wp-json\/wp\/v2\/media\/88729"}],"wp:attachment":[{"href":"https:\/\/mod.wisdar.net\/tr\/wp-json\/wp\/v2\/media?parent=88739"}],"wp:term":[{"taxonomy":"product_brand","embeddable":true,"href":"https:\/\/mod.wisdar.net\/tr\/wp-json\/wp\/v2\/product_brand?post=88739"},{"taxonomy":"product_cat","embeddable":true,"href":"https:\/\/mod.wisdar.net\/tr\/wp-json\/wp\/v2\/product_cat?post=88739"},{"taxonomy":"product_tag","embeddable":true,"href":"https:\/\/mod.wisdar.net\/tr\/wp-json\/wp\/v2\/product_tag?post=88739"}],"curies":[{"name":"wp","href":"https:\/\/api.w.org\/{rel}","templated":true}]}}