{"id":88818,"date":"2026-02-01T17:38:25","date_gmt":"2026-02-01T17:38:25","guid":{"rendered":"https:\/\/modesthanim.com\/product\/kapusonlu-uzun-kollu-oversize-modal-sweatshirt\/"},"modified":"2026-04-09T10:14:51","modified_gmt":"2026-04-09T10:14:51","slug":"kapusonlu-uzun-kollu-oversize-modal-sweatshirt","status":"publish","type":"product","link":"https:\/\/mod.wisdar.net\/tr\/urun\/kapusonlu-uzun-kollu-oversize-modal-sweatshirt\/","title":{"rendered":"Kap\u00fc\u015fonlu Uzun Kollu Oversize Modal Sweatshirt"},"content":{"rendered":"<p>Kap\u00fc\u015fonlu, uzun kollu, oversize sweatshirt, modern ve rahat bir stil sunuyor. Modal kar\u0131\u015f\u0131ml\u0131 kuma\u015f\u0131 sayesinde yumu\u015fak ve esnek bir yap\u0131ya sahip olan sweatshirt, g\u00fcnl\u00fck kombinlerinizin vazge\u00e7ilmez par\u00e7as\u0131 olmaya aday. Kap\u00fc\u015fonlu tasar\u0131m\u0131 so\u011fuk g\u00fcnlerde ekstra koruma sa\u011flarken, oversize kesimi ile rahat bir kullan\u0131m sunuyor. Uzun kol yap\u0131s\u0131 ve kap\u00fc\u015fonu ile \u00e7a\u011fda\u015f bir g\u00f6r\u00fcn\u00fcm yakalaman\u0131za yard\u0131mc\u0131 oluyor.<\/p>\n<p>Stil \u00d6nerisi<br \/>\nOversize sweatshirt, sportif ve casual stiller i\u00e7in ideal bir se\u00e7im sunuyor. Rahat bir tayt ya da jogger pantolonla kombinleyerek g\u00fcnl\u00fck aktivitelerinizde konfor elde edebilirsiniz. \u015e\u0131k bir g\u00f6r\u00fcn\u00fcm i\u00e7in ise spor ayakkab\u0131 ve \u00e7apraz bir \u00e7anta ile tamamlayabilirsiniz. So\u011fuk g\u00fcnlerde kal\u0131n bir mont ile uyumlu bir kombin olu\u015fturabilirsiniz.<\/p>\n<p>\u00dcr\u00fcn \u00d6zellikleri<br \/>\nKol Tipi: Uzun Kol<br \/>\nYaka Tipi: Kap\u00fc\u015fonlu<br \/>\nFit: Oversize<br \/>\nKuma\u015f: %52 Modal, %4 Elastan, %44 Polyester<br \/>\nKullan\u0131m Alan\u0131: Spor Giyim, G\u00fcnl\u00fck Giyim<\/p>\n<p>Koton&#8217;un modern ve rahat sweatshirt tasar\u0131m\u0131yla g\u00fcnl\u00fck stilinize konfor kat\u0131n. Trend ve rahat tasar\u0131mlar\u0131 Koton&#8217;da ke\u015ffedin!<\/p>\n<p>Respect Life \u2013 Ya\u015fama Sayg\u0131 | \u00c7evre dostu kuma\u015f. Koton&#8217;un insana ve topluma de\u011fer katma, gelecek nesillere daha ya\u015fan\u0131labilir bir d\u00fcnya b\u0131rakma duyarl\u0131l\u0131\u011f\u0131yla haz\u0131rlad\u0131\u011f\u0131 koleksiyonu ke\u015ffedin.<\/p>\n","protected":false},"excerpt":{"rendered":"<p>Kap\u00fc\u015fonlu, uzun kollu, oversize sweatshirt, modern ve rahat bir stil sunuyor. Modal kar\u0131\u015f\u0131ml\u0131 kuma\u015f\u0131 sayesinde yumu\u015fak ve esnek bir yap\u0131ya sahip olan sweatshirt, g\u00fcnl\u00fck kombinlerinizin vazge\u00e7ilmez par\u00e7as\u0131 olmaya aday. Kap\u00fc\u015fonlu tasar\u0131m\u0131 so\u011fuk g\u00fcnlerde ekstra koruma sa\u011flarken, oversize kesimi ile rahat bir kullan\u0131m sunuyor. Uzun kol yap\u0131s\u0131 ve kap\u00fc\u015fonu ile \u00e7a\u011fda\u015f bir g\u00f6r\u00fcn\u00fcm yakalaman\u0131za yard\u0131mc\u0131 oluyor. [&hellip;]<\/p>\n","protected":false},"featured_media":88809,"comment_status":"open","ping_status":"closed","template":"","meta":[],"product_brand":[],"product_cat":[6948,6951],"product_tag":[7444,7424,7445,7443],"class_list":{"0":"post-88818","1":"product","2":"type-product","3":"status-publish","4":"has-post-thumbnail","6":"product_cat-spor-giyim","7":"product_cat-ust-giyim-ustler","8":"product_tag-jarse","9":"product_tag-spor-giyim","10":"product_tag-sweatshirtler","11":"product_tag-trendler","12":"pa_brand-koton","13":"pa_color-kahverengi","14":"pa_size-l","15":"pa_size-m","16":"pa_size-s","17":"pa_size-xl","18":"pa_size-xs","20":"first","21":"instock","22":"shipping-taxable","23":"purchasable","24":"product-type-variable"},"_links":{"self":[{"href":"https:\/\/mod.wisdar.net\/tr\/wp-json\/wp\/v2\/product\/88818","targetHints":{"allow":["GET"]}}],"collection":[{"href":"https:\/\/mod.wisdar.net\/tr\/wp-json\/wp\/v2\/product"}],"about":[{"href":"https:\/\/mod.wisdar.net\/tr\/wp-json\/wp\/v2\/types\/product"}],"replies":[{"embeddable":true,"href":"https:\/\/mod.wisdar.net\/tr\/wp-json\/wp\/v2\/comments?post=88818"}],"wp:featuredmedia":[{"embeddable":true,"href":"https:\/\/mod.wisdar.net\/tr\/wp-json\/wp\/v2\/media\/88809"}],"wp:attachment":[{"href":"https:\/\/mod.wisdar.net\/tr\/wp-json\/wp\/v2\/media?parent=88818"}],"wp:term":[{"taxonomy":"product_brand","embeddable":true,"href":"https:\/\/mod.wisdar.net\/tr\/wp-json\/wp\/v2\/product_brand?post=88818"},{"taxonomy":"product_cat","embeddable":true,"href":"https:\/\/mod.wisdar.net\/tr\/wp-json\/wp\/v2\/product_cat?post=88818"},{"taxonomy":"product_tag","embeddable":true,"href":"https:\/\/mod.wisdar.net\/tr\/wp-json\/wp\/v2\/product_tag?post=88818"}],"curies":[{"name":"wp","href":"https:\/\/api.w.org\/{rel}","templated":true}]}}