{"id":88884,"date":"2026-02-01T17:39:51","date_gmt":"2026-02-01T17:39:51","guid":{"rendered":"https:\/\/modesthanim.com\/product\/slim-fit-uzun-kollu-dik-yaka-fermuarli-spor-sweatshirt\/"},"modified":"2026-03-08T07:56:30","modified_gmt":"2026-03-08T07:56:30","slug":"slim-fit-uzun-kollu-dik-yaka-fermuarli-spor-sweatshirt","status":"publish","type":"product","link":"https:\/\/mod.wisdar.net\/tr\/urun\/slim-fit-uzun-kollu-dik-yaka-fermuarli-spor-sweatshirt\/","title":{"rendered":"Slim Fit Uzun Kollu Dik Yaka Fermuarl\u0131 Spor Sweatshirt"},"content":{"rendered":"<p>Slim fit spor sweatshirt, g\u00fcn i\u00e7indeki dinamik g\u00f6r\u00fcn\u00fcm\u00fcn\u00fcz\u00fc tamaml\u0131yor. Uzun kollu ve dik yakal\u0131 tasar\u0131m\u0131 sayesinde hem konfor hem de \u015f\u0131kl\u0131k sunuyor. Fermuarl\u0131 detay\u0131, pratik bir kullan\u0131m sa\u011flarken ayn\u0131 zamanda sportif bir hava kat\u0131yor. Yumu\u015fak dokusuyla g\u00fcn boyu rahat etmenizi sa\u011fl\u0131yor. Sweatshirt, modern tarz\u0131 ile spor aktivitelerinizden g\u00fcnl\u00fck gezilere kadar geni\u015f bir kullan\u0131m alan\u0131 sunuyor.<\/p>\n<p>Stil \u00d6nerisi<br \/>\nFermuarl\u0131 dik yaka sweatshirt&#8217;\u00fc, tayt veya jogger pantolonlarla kombinleyerek sportif ve rahat bir stil olu\u015fturabilirsiniz. Spor ayakkab\u0131lar ve \u00e7apraz \u00e7antalar ile g\u00fcnl\u00fck aktivitelerinizde de kolayca \u015f\u0131kl\u0131\u011f\u0131 yakalayabilirsiniz. So\u011fuk havalarda mont veya ince bir ceket ile tamamlayarak tarz\u0131n\u0131z\u0131 bir \u00fcst seviyeye ta\u015f\u0131yabilirsiniz.<\/p>\n<p>\u00dcr\u00fcn \u00d6zellikleri<br \/>\nKol Tipi: Uzun Kol<br \/>\nYaka Tipi: Dik Yaka<br \/>\nDetay: Fermuarl\u0131<br \/>\nFit: Slim Fit<br \/>\nKuma\u015f: %26 Elastan, %74 Polyester<br \/>\nKullan\u0131m Alan\u0131: Spor Giyim, G\u00fcnl\u00fck Giyim<\/p>\n<p>Koton&#8217;un \u00f6zg\u00fcn sweatshirt tasar\u0131m\u0131yla stilinizi yans\u0131t\u0131n ve konforun tad\u0131n\u0131 \u00e7\u0131kar\u0131n. Hem sportif aktivitelerde hem de g\u00fcnl\u00fck kombinlerinizde ideal bir se\u00e7im sizi bekliyor, hemen ke\u015ffedin!<\/p>\n<p>\u2014 Technical Details \u2014<br \/>\nKol Tipi: Uzun Kol<br \/>\nYaka Tipi: Dik Yaka<br \/>\nDetay: Fermuarl\u0131<br \/>\nFit: Slim Fit<br \/>\nKullan\u0131m Alan\u0131: Spor Giyim, G\u00fcnl\u00fck Giyim<\/p>\n","protected":false},"excerpt":{"rendered":"<p>Slim fit spor sweatshirt, g\u00fcn i\u00e7indeki dinamik g\u00f6r\u00fcn\u00fcm\u00fcn\u00fcz\u00fc tamaml\u0131yor. Uzun kollu ve dik yakal\u0131 tasar\u0131m\u0131 sayesinde hem konfor hem de \u015f\u0131kl\u0131k sunuyor. Fermuarl\u0131 detay\u0131, pratik bir kullan\u0131m sa\u011flarken ayn\u0131 zamanda sportif bir hava kat\u0131yor. Yumu\u015fak dokusuyla g\u00fcn boyu rahat etmenizi sa\u011fl\u0131yor. Sweatshirt, modern tarz\u0131 ile spor aktivitelerinizden g\u00fcnl\u00fck gezilere kadar geni\u015f bir kullan\u0131m alan\u0131 sunuyor. [&hellip;]<\/p>\n","protected":false},"featured_media":88875,"comment_status":"open","ping_status":"closed","template":"","meta":[],"product_brand":[],"product_cat":[6948,6951],"product_tag":[7444,7424,7445,7443],"class_list":{"0":"post-88884","1":"product","2":"type-product","3":"status-publish","4":"has-post-thumbnail","6":"product_cat-spor-giyim","7":"product_cat-ust-giyim-ustler","8":"product_tag-jarse","9":"product_tag-spor-giyim","10":"product_tag-sweatshirtler","11":"product_tag-trendler","12":"pa_brand-koton","13":"pa_color-pembe","14":"pa_size-l","15":"pa_size-m","16":"pa_size-s","17":"pa_size-xl","18":"pa_size-xs","20":"first","21":"outofstock","22":"shipping-taxable","23":"product-type-variable"},"_links":{"self":[{"href":"https:\/\/mod.wisdar.net\/tr\/wp-json\/wp\/v2\/product\/88884","targetHints":{"allow":["GET"]}}],"collection":[{"href":"https:\/\/mod.wisdar.net\/tr\/wp-json\/wp\/v2\/product"}],"about":[{"href":"https:\/\/mod.wisdar.net\/tr\/wp-json\/wp\/v2\/types\/product"}],"replies":[{"embeddable":true,"href":"https:\/\/mod.wisdar.net\/tr\/wp-json\/wp\/v2\/comments?post=88884"}],"wp:featuredmedia":[{"embeddable":true,"href":"https:\/\/mod.wisdar.net\/tr\/wp-json\/wp\/v2\/media\/88875"}],"wp:attachment":[{"href":"https:\/\/mod.wisdar.net\/tr\/wp-json\/wp\/v2\/media?parent=88884"}],"wp:term":[{"taxonomy":"product_brand","embeddable":true,"href":"https:\/\/mod.wisdar.net\/tr\/wp-json\/wp\/v2\/product_brand?post=88884"},{"taxonomy":"product_cat","embeddable":true,"href":"https:\/\/mod.wisdar.net\/tr\/wp-json\/wp\/v2\/product_cat?post=88884"},{"taxonomy":"product_tag","embeddable":true,"href":"https:\/\/mod.wisdar.net\/tr\/wp-json\/wp\/v2\/product_tag?post=88884"}],"curies":[{"name":"wp","href":"https:\/\/api.w.org\/{rel}","templated":true}]}}