{"id":88900,"date":"2026-02-01T17:39:57","date_gmt":"2026-02-01T17:39:57","guid":{"rendered":"https:\/\/modesthanim.com\/product\/biyeli-yuksek-bel-ispanyol-paca-spor-tayt\/"},"modified":"2026-03-21T09:50:47","modified_gmt":"2026-03-21T09:50:47","slug":"biyeli-yuksek-bel-ispanyol-paca-spor-tayt","status":"publish","type":"product","link":"https:\/\/mod.wisdar.net\/tr\/urun\/biyeli-yuksek-bel-ispanyol-paca-spor-tayt\/","title":{"rendered":"Biyeli Y\u00fcksek Bel \u0130spanyol Pa\u00e7a Spor Tayt"},"content":{"rendered":"<p>Y\u00fcksek bel, \u0130spanyol pa\u00e7a spor tayt, \u015f\u0131kl\u0131\u011f\u0131 ve rahatl\u0131\u011f\u0131 bir arada sunuyor. Modern flare kesimi, hem g\u00fcnl\u00fck tarzda hem de spor aktivitelerinde konfor sunuyor. V\u00fccudu sararak hareket \u00f6zg\u00fcrl\u00fc\u011f\u00fc sa\u011flarken, dinamik bir sil\u00fcet sunuyor. Biyeli detaylar, tayt\u0131 s\u0131radanl\u0131ktan \u00e7\u0131kararak, sportif ve \u015f\u0131k bir g\u00f6r\u00fcn\u00fcm kazanmas\u0131na yard\u0131mc\u0131 oluyor. Uzun boyu sayesinde hem spor yaparken hem de g\u00fcnl\u00fck giyimde tercih edilebiliyor.<\/p>\n<p>Stil \u00d6nerisi<br \/>\n\u0130spanyol pa\u00e7a spor tayt, rahat ve \u015f\u0131k bir g\u00f6r\u00fcn\u00fcm i\u00e7in ideal bir se\u00e7enektir. G\u00fcnl\u00fck ya\u015famda basic crop ti\u015f\u00f6rtlerle kombinleyerek casual bir stil yaratabilirsiniz. Spor aktivitelerinde ise renk uyumlu bir spor s\u00fctyeni ve kap\u00fc\u015fonlu bir ceket ile tamamlayarak dinamik bir g\u00f6r\u00fcn\u00fcm elde edebilirsiniz. G\u00fcnl\u00fck stili sneaker ayakkab\u0131larla tamamlarken, g\u00f6z al\u0131c\u0131 bir \u00e7anta ile tarz\u0131n\u0131z\u0131 \u00f6ne \u00e7\u0131karabilirsiniz. Minimal tak\u0131larla veya \u015fapka gibi aksesuarlarla stilinizi ki\u015fiselle\u015ftirerek dikkat \u00e7ekici bir g\u00f6r\u00fcn\u00fcm yaratabilirsiniz.<\/p>\n<p>\u00dcr\u00fcn \u00d6zellikleri<br \/>\nKuma\u015f: %23 Elastan, %77 Polyester<br \/>\nBel Tipi: Y\u00fcksek Bel<br \/>\nFit Tipi: Slim Fit<br \/>\nPa\u00e7a Tipi: Normal Pa\u00e7a<br \/>\nStil &amp; Siluet: \u0130spanyol Pa\u00e7a, Biyeli<br \/>\nKullan\u0131m Alan\u0131: Spor Giyim, G\u00fcnl\u00fck Giyim<\/p>\n<p>Koton&#8217;un modern ve \u015f\u0131k tasar\u0131mlar\u0131 ile spor dolab\u0131n\u0131z\u0131 yenileyin. \u015e\u0131kl\u0131k ve konforu bir arada sunan Koton spor giyim koleksiyonunu ke\u015ffedin!<\/p>\n<p>\u2014 Technical Details \u2014<br \/>\nKuma\u015f: %23 ELASTAN, %77 POL\u0130ESTER<br \/>\nSil\u00fcet: Flare<br \/>\nBel Y\u00fcksekli\u011fi: Y\u00fcksek Bel<br \/>\n\u00dcr\u00fcn Tipi \/ Stil: Flare<br \/>\n\u00dcr\u00fcn\u00fcn Alt Markas\u0131: Trends<\/p>\n","protected":false},"excerpt":{"rendered":"<p>Y\u00fcksek bel, \u0130spanyol pa\u00e7a spor tayt, \u015f\u0131kl\u0131\u011f\u0131 ve rahatl\u0131\u011f\u0131 bir arada sunuyor. Modern flare kesimi, hem g\u00fcnl\u00fck tarzda hem de spor aktivitelerinde konfor sunuyor. V\u00fccudu sararak hareket \u00f6zg\u00fcrl\u00fc\u011f\u00fc sa\u011flarken, dinamik bir sil\u00fcet sunuyor. Biyeli detaylar, tayt\u0131 s\u0131radanl\u0131ktan \u00e7\u0131kararak, sportif ve \u015f\u0131k bir g\u00f6r\u00fcn\u00fcm kazanmas\u0131na yard\u0131mc\u0131 oluyor. Uzun boyu sayesinde hem spor yaparken hem de g\u00fcnl\u00fck [&hellip;]<\/p>\n","protected":false},"featured_media":88891,"comment_status":"open","ping_status":"closed","template":"","meta":[],"product_brand":[],"product_cat":[6954,6948],"product_tag":[7444,7424,7480,7443],"class_list":{"0":"post-88900","1":"product","2":"type-product","3":"status-publish","4":"has-post-thumbnail","6":"product_cat-alt-vucut-alt-giyim","7":"product_cat-spor-giyim","8":"product_tag-jarse","9":"product_tag-spor-giyim","10":"product_tag-tayt","11":"product_tag-trendler","12":"pa_brand-koton","13":"pa_color-vizon","14":"pa_size-l","15":"pa_size-m","16":"pa_size-s","17":"pa_size-xl","18":"pa_size-xs","20":"first","21":"outofstock","22":"shipping-taxable","23":"product-type-variable"},"_links":{"self":[{"href":"https:\/\/mod.wisdar.net\/tr\/wp-json\/wp\/v2\/product\/88900","targetHints":{"allow":["GET"]}}],"collection":[{"href":"https:\/\/mod.wisdar.net\/tr\/wp-json\/wp\/v2\/product"}],"about":[{"href":"https:\/\/mod.wisdar.net\/tr\/wp-json\/wp\/v2\/types\/product"}],"replies":[{"embeddable":true,"href":"https:\/\/mod.wisdar.net\/tr\/wp-json\/wp\/v2\/comments?post=88900"}],"wp:featuredmedia":[{"embeddable":true,"href":"https:\/\/mod.wisdar.net\/tr\/wp-json\/wp\/v2\/media\/88891"}],"wp:attachment":[{"href":"https:\/\/mod.wisdar.net\/tr\/wp-json\/wp\/v2\/media?parent=88900"}],"wp:term":[{"taxonomy":"product_brand","embeddable":true,"href":"https:\/\/mod.wisdar.net\/tr\/wp-json\/wp\/v2\/product_brand?post=88900"},{"taxonomy":"product_cat","embeddable":true,"href":"https:\/\/mod.wisdar.net\/tr\/wp-json\/wp\/v2\/product_cat?post=88900"},{"taxonomy":"product_tag","embeddable":true,"href":"https:\/\/mod.wisdar.net\/tr\/wp-json\/wp\/v2\/product_tag?post=88900"}],"curies":[{"name":"wp","href":"https:\/\/api.w.org\/{rel}","templated":true}]}}