{"id":88962,"date":"2026-02-01T17:41:11","date_gmt":"2026-02-01T17:41:11","guid":{"rendered":"https:\/\/modesthanim.com\/product\/uzun-kollu-bisiklet-yaka-slim-fit-spor-tisort\/"},"modified":"2026-03-21T09:43:33","modified_gmt":"2026-03-21T09:43:33","slug":"uzun-kollu-bisiklet-yaka-slim-fit-spor-tisort","status":"publish","type":"product","link":"https:\/\/mod.wisdar.net\/tr\/urun\/uzun-kollu-bisiklet-yaka-slim-fit-spor-tisort\/","title":{"rendered":"Uzun Kollu Bisiklet Yaka Slim Fit Spor Ti\u015f\u00f6rt"},"content":{"rendered":"<p>Uzun kollu, bisiklet yaka ti\u015f\u00f6rt, sade ve modern tasar\u0131m\u0131yla dikkat \u00e7ekiyor. Slim fit kesimiyle v\u00fccudu nazik\u00e7e saran bu ti\u015f\u00f6rt, spor aktiviteleri ve g\u00fcnl\u00fck kullan\u0131mlar i\u00e7in ideal bir tercih sunuyor. Hafif yap\u0131s\u0131 sayesinde her mevsim rahatl\u0131kla kullan\u0131labiliyor. Tasar\u0131m\u0131ndaki crop boy \u00f6zelli\u011fi, modern bir stil ortaya koyarken \u015f\u0131kl\u0131\u011f\u0131 ve konforu bir arada sunuyor.<br \/>\nStil \u00d6nerisi<br \/>\nBisiklet yaka ti\u015f\u00f6rt, y\u00fcksek bel spor taytlar ve spor ayakkab\u0131lar ile uyum sa\u011fl\u0131yor. Serin havalarda \u00fczerinize alabilece\u011finiz bir kap\u00fc\u015fonlu sweatshirt ile sportif g\u00f6r\u00fcn\u00fcm\u00fcn\u00fcz\u00fc tamamlayabilirsiniz. Ayr\u0131ca, minimal tak\u0131larla kombininize zarif bir dokunu\u015f ekleyebilirsiniz. Bu ti\u015f\u00f6rt, hem spor salonunda hem de g\u00fcnl\u00fck giyimde trend bir g\u00f6r\u00fcn\u00fcm sunuyor.<br \/>\n\u00dcr\u00fcn \u00d6zellikleri<br \/>\nKol Tipi: Uzun Kol<br \/>\nYaka Tipi: Bisiklet Yaka<br \/>\nFit: Slim Fit<br \/>\nKuma\u015f: %75 Polyester, %25 Elastan<br \/>\nKullan\u0131m Alan\u0131: Spor Giyim<br \/>\nKoton&#8217;un spor koleksiyonundaki bu ti\u015f\u00f6rt ile tarz\u0131n\u0131za modern bir dokunu\u015f kat\u0131n. Hem \u015f\u0131k hem de rahat tasar\u0131m\u0131yla ti\u015f\u00f6rt\u00fc kombinlerinize dahil edin!<\/p>\n","protected":false},"excerpt":{"rendered":"<p>Uzun kollu, bisiklet yaka ti\u015f\u00f6rt, sade ve modern tasar\u0131m\u0131yla dikkat \u00e7ekiyor. Slim fit kesimiyle v\u00fccudu nazik\u00e7e saran bu ti\u015f\u00f6rt, spor aktiviteleri ve g\u00fcnl\u00fck kullan\u0131mlar i\u00e7in ideal bir tercih sunuyor. Hafif yap\u0131s\u0131 sayesinde her mevsim rahatl\u0131kla kullan\u0131labiliyor. Tasar\u0131m\u0131ndaki crop boy \u00f6zelli\u011fi, modern bir stil ortaya koyarken \u015f\u0131kl\u0131\u011f\u0131 ve konforu bir arada sunuyor. Stil \u00d6nerisi Bisiklet yaka [&hellip;]<\/p>\n","protected":false},"featured_media":88941,"comment_status":"open","ping_status":"closed","template":"","meta":[],"product_brand":[],"product_cat":[6948,6951],"product_tag":[7638,8118,8117,7396,7096,7310,7424,6768],"class_list":{"0":"post-88962","1":"product","2":"type-product","3":"status-publish","4":"has-post-thumbnail","6":"product_cat-spor-giyim","7":"product_cat-ust-giyim-ustler","8":"product_tag-aktif-giyim","9":"product_tag-atletik-t-shirt","10":"product_tag-bogazli-2","11":"product_tag-crop-top","12":"product_tag-modern-tasarim","13":"product_tag-slim-fit","14":"product_tag-spor-giyim","15":"product_tag-uzun-kol","16":"pa_brand-koton","17":"pa_color-siyah","18":"pa_size-l","19":"pa_size-m","20":"pa_size-s","21":"pa_size-xs","23":"first","24":"outofstock","25":"shipping-taxable","26":"product-type-variable"},"_links":{"self":[{"href":"https:\/\/mod.wisdar.net\/tr\/wp-json\/wp\/v2\/product\/88962","targetHints":{"allow":["GET"]}}],"collection":[{"href":"https:\/\/mod.wisdar.net\/tr\/wp-json\/wp\/v2\/product"}],"about":[{"href":"https:\/\/mod.wisdar.net\/tr\/wp-json\/wp\/v2\/types\/product"}],"replies":[{"embeddable":true,"href":"https:\/\/mod.wisdar.net\/tr\/wp-json\/wp\/v2\/comments?post=88962"}],"wp:featuredmedia":[{"embeddable":true,"href":"https:\/\/mod.wisdar.net\/tr\/wp-json\/wp\/v2\/media\/88941"}],"wp:attachment":[{"href":"https:\/\/mod.wisdar.net\/tr\/wp-json\/wp\/v2\/media?parent=88962"}],"wp:term":[{"taxonomy":"product_brand","embeddable":true,"href":"https:\/\/mod.wisdar.net\/tr\/wp-json\/wp\/v2\/product_brand?post=88962"},{"taxonomy":"product_cat","embeddable":true,"href":"https:\/\/mod.wisdar.net\/tr\/wp-json\/wp\/v2\/product_cat?post=88962"},{"taxonomy":"product_tag","embeddable":true,"href":"https:\/\/mod.wisdar.net\/tr\/wp-json\/wp\/v2\/product_tag?post=88962"}],"curies":[{"name":"wp","href":"https:\/\/api.w.org\/{rel}","templated":true}]}}