{"id":88977,"date":"2026-02-01T17:41:27","date_gmt":"2026-02-01T17:41:27","guid":{"rendered":"https:\/\/modesthanim.com\/product\/slim-fit-uzun-kollu-fermuarli-dik-yaka-spor-sweatshirt\/"},"modified":"2026-03-21T09:01:59","modified_gmt":"2026-03-21T09:01:59","slug":"slim-fit-uzun-kollu-fermuarli-dik-yaka-spor-sweatshirt","status":"publish","type":"product","link":"https:\/\/mod.wisdar.net\/tr\/urun\/slim-fit-uzun-kollu-fermuarli-dik-yaka-spor-sweatshirt\/","title":{"rendered":"Slim Fit Uzun Kollu Fermuarl\u0131 Dik Yaka Spor Sweatshirt"},"content":{"rendered":"<p>Slim fit, fermuarl\u0131 sweatshirt, g\u00fcnl\u00fck ve spor giyim i\u00e7in idealdir. Uzun kollu tasar\u0131m\u0131 ve dik yaka detay\u0131, sportif bir stil sunarken, fermuarl\u0131 cepleri pratik bir kullan\u0131m sa\u011flar. G\u00fcnl\u00fck antrenmanlar\u0131n\u0131zda ya da hafta sonu etkinliklerinizde konforu ve tarz\u0131 bir arada deneyimleyebilirsiniz. Stil \u00d6nerisi Sweatshirt&#8217;\u00fc y\u00fcksek bel spor taytlar ve beyaz sneakerslarla kombinleyerek spor \u015f\u0131kl\u0131\u011f\u0131 yakalay\u0131n. So\u011fuk havalarda hafif bir ceket veya yelekle tamamlayarak hem s\u0131cak kalabilir hem de stilinizi koruyabilirsiniz. Spor \u00e7anta ve g\u00fcne\u015f g\u00f6zl\u00fckleri ile kombininize son dokunu\u015fu yap\u0131n. \u00dcr\u00fcn \u00d6zellikleri Kol Tipi: Uzun Kol Yaka Tipi: Dik Yaka Detay: Fermuarl\u0131 Cep Fit: Slim Fit Kuma\u015f: %77 Polyester, %23 Elastan Kullan\u0131m Alan\u0131: G\u00fcnl\u00fck Giyim, Spor Giyim Koton&#8217;un zarif ve fonksiyonel sweatshirt tasar\u0131m\u0131 ile spor aktivitelerinizde tarz\u0131n\u0131z\u0131 yans\u0131t\u0131n! Koton&#8217;un spor giyim koleksiyonlar\u0131n\u0131 hemen ke\u015ffedin!<\/p>\n","protected":false},"excerpt":{"rendered":"<p>Slim fit, fermuarl\u0131 sweatshirt, g\u00fcnl\u00fck ve spor giyim i\u00e7in idealdir. Uzun kollu tasar\u0131m\u0131 ve dik yaka detay\u0131, sportif bir stil sunarken, fermuarl\u0131 cepleri pratik bir kullan\u0131m sa\u011flar. G\u00fcnl\u00fck antrenmanlar\u0131n\u0131zda ya da hafta sonu etkinliklerinizde konforu ve tarz\u0131 bir arada deneyimleyebilirsiniz. Stil \u00d6nerisi Sweatshirt&#8217;\u00fc y\u00fcksek bel spor taytlar ve beyaz sneakerslarla kombinleyerek spor \u015f\u0131kl\u0131\u011f\u0131 yakalay\u0131n. So\u011fuk [&hellip;]<\/p>\n","protected":false},"featured_media":88966,"comment_status":"open","ping_status":"closed","template":"","meta":[],"product_brand":[],"product_cat":[6948,6951],"product_tag":[7638,7309,7426,8039,7310,7450,6768],"class_list":{"0":"post-88977","1":"product","2":"type-product","3":"status-publish","4":"has-post-thumbnail","6":"product_cat-spor-giyim","7":"product_cat-ust-giyim-ustler","8":"product_tag-aktif-giyim","9":"product_tag-fermuarli","10":"product_tag-gunluk-giyim-3","11":"product_tag-koton","12":"product_tag-slim-fit","13":"product_tag-spor-sweatshirt-2","14":"product_tag-uzun-kol","15":"pa_brand-koton","16":"pa_color-siyah","17":"pa_size-l","18":"pa_size-m","19":"pa_size-s","20":"pa_size-xl","21":"pa_size-xs","23":"first","24":"outofstock","25":"shipping-taxable","26":"product-type-variable"},"_links":{"self":[{"href":"https:\/\/mod.wisdar.net\/tr\/wp-json\/wp\/v2\/product\/88977","targetHints":{"allow":["GET"]}}],"collection":[{"href":"https:\/\/mod.wisdar.net\/tr\/wp-json\/wp\/v2\/product"}],"about":[{"href":"https:\/\/mod.wisdar.net\/tr\/wp-json\/wp\/v2\/types\/product"}],"replies":[{"embeddable":true,"href":"https:\/\/mod.wisdar.net\/tr\/wp-json\/wp\/v2\/comments?post=88977"}],"wp:featuredmedia":[{"embeddable":true,"href":"https:\/\/mod.wisdar.net\/tr\/wp-json\/wp\/v2\/media\/88966"}],"wp:attachment":[{"href":"https:\/\/mod.wisdar.net\/tr\/wp-json\/wp\/v2\/media?parent=88977"}],"wp:term":[{"taxonomy":"product_brand","embeddable":true,"href":"https:\/\/mod.wisdar.net\/tr\/wp-json\/wp\/v2\/product_brand?post=88977"},{"taxonomy":"product_cat","embeddable":true,"href":"https:\/\/mod.wisdar.net\/tr\/wp-json\/wp\/v2\/product_cat?post=88977"},{"taxonomy":"product_tag","embeddable":true,"href":"https:\/\/mod.wisdar.net\/tr\/wp-json\/wp\/v2\/product_tag?post=88977"}],"curies":[{"name":"wp","href":"https:\/\/api.w.org\/{rel}","templated":true}]}}