{"id":89042,"date":"2026-02-01T17:42:36","date_gmt":"2026-02-01T17:42:36","guid":{"rendered":"https:\/\/modesthanim.com\/product\/biyeli-beli-lastikli-genis-paca-spor-esofman-alti\/"},"modified":"2026-03-21T09:10:49","modified_gmt":"2026-03-21T09:10:49","slug":"biyeli-beli-lastikli-genis-paca-spor-esofman-alti","status":"publish","type":"product","link":"https:\/\/mod.wisdar.net\/tr\/urun\/biyeli-beli-lastikli-genis-paca-spor-esofman-alti\/","title":{"rendered":"Biyeli Beli Lastikli Geni\u015f Pa\u00e7a Spor E\u015fofman Alt\u0131"},"content":{"rendered":"<p>Geni\u015f pa\u00e7a spor e\u015fofman alt\u0131, gard\u0131robunuzda vazge\u00e7ilmez bir par\u00e7a olmaya aday. Normal bel yap\u0131s\u0131 sayesinde belinizi kavrarken, yan cepleri ile g\u00fcnl\u00fck kullan\u0131mda pratiklik sa\u011fl\u0131yor. Biyeli detay\u0131 ile klasik bir g\u00f6r\u00fcn\u00fcm kazan\u0131rken, geni\u015f pa\u00e7a kesimi hem spor hem de g\u00fcnl\u00fck kombinlerinizde kolayca yer alabilir. <\/p>\n<p>Stil \u00d6nerisi<br \/>\nBiyeli geni\u015f pa\u00e7a e\u015fofman alt\u0131n\u0131, casual bir ti\u015f\u00f6rt ve spor ayakkab\u0131larla kombinleyerek \u015fehirde rahat bir g\u00fcn ge\u00e7irebilirsiniz. \u015e\u0131k bir \u00fcst ve topuklu sandaletlerle ise ak\u015fam bulu\u015fmalar\u0131nda stilinizi \u00f6n plana \u00e7\u0131karabilirsiniz. Daha spor bir g\u00f6r\u00fcn\u00fcm i\u00e7inse sweatshirt ve sneaker ikilisi ile tamamlayarak dinamik bir tarz olu\u015fturabilirsiniz. \u00c7anta olarak k\u00fc\u00e7\u00fck bir \u00e7apraz \u00e7anta tercih ederek kombininizi tamamlayabilirsiniz.<\/p>\n<p>\u00dcr\u00fcn \u00d6zellikleri<br \/>\nBel Tipi: Normal Bel<br \/>\nCep Tipi: Yan Cep<br \/>\nFit: Rahat Kal\u0131p<br \/>\nStil: Geni\u015f Pa\u00e7a<br \/>\nKullan\u0131m Alan\u0131: Spor Giyim<\/p>\n<p>Koton&#8217;un spor e\u015fofman alt\u0131 koleksiyonuyla rahatl\u0131\u011f\u0131 ve \u015f\u0131kl\u0131\u011f\u0131 ayn\u0131 anda ya\u015fay\u0131n. Gard\u0131robunuzun favori par\u00e7alar\u0131ndan biri olacak bu tasar\u0131m\u0131 \u015fimdi ke\u015ffedin!<\/p>\n<p>\u2014 Technical Details \u2014<br \/>\nKuma\u015f: %8 ELASTAN, %92 POL\u0130ESTER<br \/>\nSil\u00fcet: Wide Leg<br \/>\nBel Y\u00fcksekli\u011fi: Standart Bel<br \/>\n\u00dcr\u00fcn Tipi \/ Stil: Wide Leg<br \/>\n\u00dcr\u00fcn\u00fcn Alt Markas\u0131: Trends<br \/>\nSat\u0131c\u0131\/\u0130malat\u00e7\u0131\/\u0130thalat\u00e7\u0131 \u0130smi: Koton Ma\u011fazac\u0131l\u0131k Tekstil Sanayi ve Ticaret A.\u015e.<br \/>\nPosta Adresi: Ayaza\u011fa Mah. Maslak Ayaza\u011fa Cad. No:3 \u0130\u00e7 Kap\u0131 No:5 Sar\u0131yer\/\u0130stanbul<br \/>\nE-Posta Adresi: mim@koton.com<\/p>\n","protected":false},"excerpt":{"rendered":"<p>Geni\u015f pa\u00e7a spor e\u015fofman alt\u0131, gard\u0131robunuzda vazge\u00e7ilmez bir par\u00e7a olmaya aday. Normal bel yap\u0131s\u0131 sayesinde belinizi kavrarken, yan cepleri ile g\u00fcnl\u00fck kullan\u0131mda pratiklik sa\u011fl\u0131yor. Biyeli detay\u0131 ile klasik bir g\u00f6r\u00fcn\u00fcm kazan\u0131rken, geni\u015f pa\u00e7a kesimi hem spor hem de g\u00fcnl\u00fck kombinlerinizde kolayca yer alabilir. Stil \u00d6nerisi Biyeli geni\u015f pa\u00e7a e\u015fofman alt\u0131n\u0131, casual bir ti\u015f\u00f6rt ve spor [&hellip;]<\/p>\n","protected":false},"featured_media":89031,"comment_status":"open","ping_status":"closed","template":"","meta":[],"product_brand":[],"product_cat":[6954,6948],"product_tag":[7638,6761,7651,8122,7419,8039,6765,6751,7424,7420],"class_list":{"0":"post-89042","1":"product","2":"type-product","3":"status-publish","4":"has-post-thumbnail","6":"product_cat-alt-vucut-alt-giyim","7":"product_cat-spor-giyim","8":"product_tag-aktif-giyim","9":"product_tag-bol-paca","10":"product_tag-esofman-alti","11":"product_tag-fitilli-bel","12":"product_tag-gunluk","13":"product_tag-koton","14":"product_tag-lastikli-bel","15":"product_tag-rahat","16":"product_tag-spor-giyim","17":"product_tag-sportif","18":"pa_brand-koton","19":"pa_color-siyah","20":"pa_size-l","21":"pa_size-m","22":"pa_size-s","23":"pa_size-xl","24":"pa_size-xs","26":"first","27":"outofstock","28":"shipping-taxable","29":"product-type-variable"},"_links":{"self":[{"href":"https:\/\/mod.wisdar.net\/tr\/wp-json\/wp\/v2\/product\/89042","targetHints":{"allow":["GET"]}}],"collection":[{"href":"https:\/\/mod.wisdar.net\/tr\/wp-json\/wp\/v2\/product"}],"about":[{"href":"https:\/\/mod.wisdar.net\/tr\/wp-json\/wp\/v2\/types\/product"}],"replies":[{"embeddable":true,"href":"https:\/\/mod.wisdar.net\/tr\/wp-json\/wp\/v2\/comments?post=89042"}],"wp:featuredmedia":[{"embeddable":true,"href":"https:\/\/mod.wisdar.net\/tr\/wp-json\/wp\/v2\/media\/89031"}],"wp:attachment":[{"href":"https:\/\/mod.wisdar.net\/tr\/wp-json\/wp\/v2\/media?parent=89042"}],"wp:term":[{"taxonomy":"product_brand","embeddable":true,"href":"https:\/\/mod.wisdar.net\/tr\/wp-json\/wp\/v2\/product_brand?post=89042"},{"taxonomy":"product_cat","embeddable":true,"href":"https:\/\/mod.wisdar.net\/tr\/wp-json\/wp\/v2\/product_cat?post=89042"},{"taxonomy":"product_tag","embeddable":true,"href":"https:\/\/mod.wisdar.net\/tr\/wp-json\/wp\/v2\/product_tag?post=89042"}],"curies":[{"name":"wp","href":"https:\/\/api.w.org\/{rel}","templated":true}]}}