{"id":89049,"date":"2026-02-01T17:42:48","date_gmt":"2026-02-01T17:42:48","guid":{"rendered":"https:\/\/modesthanim.com\/product\/slim-fit-standart-bel-dikis-detayli-spor-tayt\/"},"modified":"2026-04-09T10:11:01","modified_gmt":"2026-04-09T10:11:01","slug":"slim-fit-standart-bel-dikis-detayli-spor-tayt","status":"publish","type":"product","link":"https:\/\/mod.wisdar.net\/tr\/urun\/slim-fit-standart-bel-dikis-detayli-spor-tayt\/","title":{"rendered":"Slim Fit Standart Bel Diki\u015f Detayl\u0131 Spor Tayt"},"content":{"rendered":"<p>Spor tayt, esnek yap\u0131s\u0131 ve slim fit kesimiyle dikkat \u00e7ekiyor. Y\u00fcksek bel tasar\u0131m\u0131 ile konforu bir araya getiren tayt, egzersiz esnas\u0131nda destek sa\u011fl\u0131yor. Hareket rahatl\u0131\u011f\u0131 sunan yap\u0131s\u0131, bilek boy uzunlu\u011fu ile tamamlan\u0131yor. Fitness ve yoga gibi aktivitelerde tercih edilebilecek, \u015f\u0131k bir se\u00e7enek sunuyor. Stil \u00d6nerisi Slim fit tayt\u0131, sportif bir ti\u015f\u00f6rt ve renkli bir spor ayakkab\u0131 ile kombinleyerek dinamik bir g\u00f6r\u00fcn\u00fcm elde edebilirsiniz. \u00dczerine ince bir ceket ya da oversize bir sweatshirt ekleyerek farkl\u0131 hava ko\u015fullar\u0131nda da kullanabilirsiniz. Spor \u00e7antan\u0131z ve minimal aksesuarlarla kombinizi tamamlayarak, g\u00fcn boyu rahatl\u0131k ve \u015f\u0131kl\u0131\u011f\u0131 bir arada ya\u015fay\u0131n. \u00dcr\u00fcn \u00d6zellikleri Fit: Slim Fit Bel Y\u00fcksekli\u011fi: Standart Bel Boy: Bilek Boy Kuma\u015f: %16 Elastan, %84 Polyester Kullan\u0131m Alan\u0131: G\u00fcnl\u00fck Giyim, Spor Giyim Koton tayt modelleri ile spor \u015f\u0131kl\u0131\u011f\u0131n\u0131 yakalay\u0131n. Her stile uyum sa\u011flayan Koton tayt koleksiyonunu inceleyin!<\/p>\n<p>\u2014 Technical Details \u2014<br \/>\nFit: Slim Fit<br \/>\nBel Y\u00fcksekli\u011fi: Standart Bel<br \/>\nBoy: Bilek Boy<br \/>\nKuma\u015f: %16 Elastan, %84 Polyester<br \/>\nKullan\u0131m Alan\u0131: G\u00fcnl\u00fck Giyim, Spor Giyim<br \/>\nSil\u00fcet: Legging<br \/>\n\u00dcr\u00fcn Tipi \/ Stil: Legging<br \/>\n\u00dcr\u00fcn\u00fcn Alt Markas\u0131: Trends<\/p>\n","protected":false},"excerpt":{"rendered":"<p>Spor tayt, esnek yap\u0131s\u0131 ve slim fit kesimiyle dikkat \u00e7ekiyor. Y\u00fcksek bel tasar\u0131m\u0131 ile konforu bir araya getiren tayt, egzersiz esnas\u0131nda destek sa\u011fl\u0131yor. Hareket rahatl\u0131\u011f\u0131 sunan yap\u0131s\u0131, bilek boy uzunlu\u011fu ile tamamlan\u0131yor. Fitness ve yoga gibi aktivitelerde tercih edilebilecek, \u015f\u0131k bir se\u00e7enek sunuyor. Stil \u00d6nerisi Slim fit tayt\u0131, sportif bir ti\u015f\u00f6rt ve renkli bir spor [&hellip;]<\/p>\n","protected":false},"featured_media":89041,"comment_status":"open","ping_status":"closed","template":"","meta":[],"product_brand":[],"product_cat":[6954,6948],"product_tag":[7444,7424,7480,7443],"class_list":{"0":"post-89049","1":"product","2":"type-product","3":"status-publish","4":"has-post-thumbnail","6":"product_cat-alt-vucut-alt-giyim","7":"product_cat-spor-giyim","8":"product_tag-jarse","9":"product_tag-spor-giyim","10":"product_tag-tayt","11":"product_tag-trendler","12":"pa_brand-koton","13":"pa_color-koyu-gri-melanj","14":"pa_size-l","15":"pa_size-m","16":"pa_size-s","17":"pa_size-xl","18":"pa_size-xs","20":"first","21":"instock","22":"shipping-taxable","23":"purchasable","24":"product-type-variable"},"_links":{"self":[{"href":"https:\/\/mod.wisdar.net\/tr\/wp-json\/wp\/v2\/product\/89049","targetHints":{"allow":["GET"]}}],"collection":[{"href":"https:\/\/mod.wisdar.net\/tr\/wp-json\/wp\/v2\/product"}],"about":[{"href":"https:\/\/mod.wisdar.net\/tr\/wp-json\/wp\/v2\/types\/product"}],"replies":[{"embeddable":true,"href":"https:\/\/mod.wisdar.net\/tr\/wp-json\/wp\/v2\/comments?post=89049"}],"wp:featuredmedia":[{"embeddable":true,"href":"https:\/\/mod.wisdar.net\/tr\/wp-json\/wp\/v2\/media\/89041"}],"wp:attachment":[{"href":"https:\/\/mod.wisdar.net\/tr\/wp-json\/wp\/v2\/media?parent=89049"}],"wp:term":[{"taxonomy":"product_brand","embeddable":true,"href":"https:\/\/mod.wisdar.net\/tr\/wp-json\/wp\/v2\/product_brand?post=89049"},{"taxonomy":"product_cat","embeddable":true,"href":"https:\/\/mod.wisdar.net\/tr\/wp-json\/wp\/v2\/product_cat?post=89049"},{"taxonomy":"product_tag","embeddable":true,"href":"https:\/\/mod.wisdar.net\/tr\/wp-json\/wp\/v2\/product_tag?post=89049"}],"curies":[{"name":"wp","href":"https:\/\/api.w.org\/{rel}","templated":true}]}}