{"id":89125,"date":"2026-02-01T17:44:08","date_gmt":"2026-02-01T17:44:08","guid":{"rendered":"https:\/\/modesthanim.com\/product\/dik-yaka-uzun-kollu-biyeli-fermuarli-spor-sweatshirt\/"},"modified":"2026-03-21T09:02:39","modified_gmt":"2026-03-21T09:02:39","slug":"dik-yaka-uzun-kollu-biyeli-fermuarli-spor-sweatshirt","status":"publish","type":"product","link":"https:\/\/mod.wisdar.net\/tr\/urun\/dik-yaka-uzun-kollu-biyeli-fermuarli-spor-sweatshirt\/","title":{"rendered":"Dik Yaka Uzun Kollu Biyeli Fermuarl\u0131 Spor Sweatshirt"},"content":{"rendered":"<p>Spor sweatshirt, dinamik ve \u015f\u0131k tasar\u0131m\u0131yla dikkat \u00e7ekiyor. Dik yaka detay\u0131 ve biyeli yap\u0131s\u0131 sayesinde rahatl\u0131k ve stil bir arada sunuluyor. Uzun kollu tasar\u0131m\u0131, spor aktiviteleri s\u0131ras\u0131nda konforlu kalman\u0131za yard\u0131mc\u0131 olurken, esnek kuma\u015f\u0131 hareket \u00f6zg\u00fcrl\u00fc\u011f\u00fc sa\u011fl\u0131yor. Slim fit kesimiyle v\u00fccuda oturan sweatshirt, sportif g\u00f6r\u00fcn\u00fcm\u00fcn\u00fcz\u00fc tamaml\u0131yor. Spor sweatshirt ile g\u00fcnl\u00fck spor aktivitelerinizde veya hafta sonu gezilerinizde konfor ve \u015f\u0131kl\u0131\u011f\u0131 bir arada ya\u015fay\u0131n.<br \/>\nStil \u00d6nerisi<br \/>\nSpor sweatshirt&#8217;\u00fc, dar kesim tayt ve spor ayakkab\u0131larla kombinleyerek sportif ve modern bir g\u00f6r\u00fcn\u00fcm yakalayabilirsiniz. \u00dczerine hafif bir \u015fapka ekleyerek a\u00e7\u0131k havada yapaca\u011f\u0131n\u0131z aktivitelerde rahatl\u0131kla kullanabilirsiniz. Ayr\u0131ca, spor \u00e7anta ve su \u015fi\u015fesi gibi aksesuarlar ile g\u00f6r\u00fcn\u00fcm\u00fcn\u00fcz\u00fc tamamlayabilir, enerji dolu bir stil olu\u015fturabilirsiniz.<br \/>\n\u00dcr\u00fcn \u00d6zellikleri<br \/>\nKol Tipi: Uzun Kol<br \/>\nYaka Tipi: Dik Yaka<br \/>\nFit: Slim Fit<br \/>\nDetay: Biyeli<br \/>\nKuma\u015f: %90 Polyester, %10 Elastan<br \/>\nKullan\u0131m Alan\u0131: G\u00fcnl\u00fck Giyim, Spor Giyim<br \/>\nKoton&#8217;un spor giyim koleksiyonu ile stilinizi yenileyin ve rahatl\u0131kla kombinleyin. \u015e\u0131kl\u0131\u011f\u0131 ve i\u015flevselli\u011fi bir arada sunan Koton spor giyim \u00fcr\u00fcnlerini ke\u015ffedin!<\/p>\n<p>\u2014 Technical Details \u2014<br \/>\nKuma\u015f: %10 ELASTAN, %90 POL\u0130ESTER<br \/>\nKol Boyu: Uzun Kol<br \/>\nKol Tipi: Balon Kol<br \/>\nYaka Tipi: Dik Yaka<br \/>\nSil\u00fcet: Basic<br \/>\n\u00dcr\u00fcn Tipi \/ Stil: Basic<br \/>\n\u00dcr\u00fcn\u00fcn Alt Markas\u0131: Trends<\/p>\n","protected":false},"excerpt":{"rendered":"<p>Spor sweatshirt, dinamik ve \u015f\u0131k tasar\u0131m\u0131yla dikkat \u00e7ekiyor. Dik yaka detay\u0131 ve biyeli yap\u0131s\u0131 sayesinde rahatl\u0131k ve stil bir arada sunuluyor. Uzun kollu tasar\u0131m\u0131, spor aktiviteleri s\u0131ras\u0131nda konforlu kalman\u0131za yard\u0131mc\u0131 olurken, esnek kuma\u015f\u0131 hareket \u00f6zg\u00fcrl\u00fc\u011f\u00fc sa\u011fl\u0131yor. Slim fit kesimiyle v\u00fccuda oturan sweatshirt, sportif g\u00f6r\u00fcn\u00fcm\u00fcn\u00fcz\u00fc tamaml\u0131yor. Spor sweatshirt ile g\u00fcnl\u00fck spor aktivitelerinizde veya hafta sonu gezilerinizde [&hellip;]<\/p>\n","protected":false},"featured_media":89114,"comment_status":"open","ping_status":"closed","template":"","meta":[],"product_brand":[],"product_cat":[6948,6951],"product_tag":[7446,7311,8145,8143,8144,8039,7310,8142,6768],"class_list":{"0":"post-89125","1":"product","2":"type-product","3":"status-publish","4":"has-post-thumbnail","6":"product_cat-spor-giyim","7":"product_cat-ust-giyim-ustler","8":"product_tag-atletik-giyim","9":"product_tag-dik-yaka","10":"product_tag-fermuarli-sweatshirt","11":"product_tag-fitilli-tasarim","12":"product_tag-gunluk-spor-giyim","13":"product_tag-koton","14":"product_tag-slim-fit","15":"product_tag-spor-sweatshirt-3","16":"product_tag-uzun-kol","17":"pa_brand-koton","18":"pa_color-siyah","19":"pa_size-l","20":"pa_size-m","21":"pa_size-s","22":"pa_size-xl","23":"pa_size-xs","25":"first","26":"outofstock","27":"shipping-taxable","28":"product-type-variable"},"_links":{"self":[{"href":"https:\/\/mod.wisdar.net\/tr\/wp-json\/wp\/v2\/product\/89125","targetHints":{"allow":["GET"]}}],"collection":[{"href":"https:\/\/mod.wisdar.net\/tr\/wp-json\/wp\/v2\/product"}],"about":[{"href":"https:\/\/mod.wisdar.net\/tr\/wp-json\/wp\/v2\/types\/product"}],"replies":[{"embeddable":true,"href":"https:\/\/mod.wisdar.net\/tr\/wp-json\/wp\/v2\/comments?post=89125"}],"wp:featuredmedia":[{"embeddable":true,"href":"https:\/\/mod.wisdar.net\/tr\/wp-json\/wp\/v2\/media\/89114"}],"wp:attachment":[{"href":"https:\/\/mod.wisdar.net\/tr\/wp-json\/wp\/v2\/media?parent=89125"}],"wp:term":[{"taxonomy":"product_brand","embeddable":true,"href":"https:\/\/mod.wisdar.net\/tr\/wp-json\/wp\/v2\/product_brand?post=89125"},{"taxonomy":"product_cat","embeddable":true,"href":"https:\/\/mod.wisdar.net\/tr\/wp-json\/wp\/v2\/product_cat?post=89125"},{"taxonomy":"product_tag","embeddable":true,"href":"https:\/\/mod.wisdar.net\/tr\/wp-json\/wp\/v2\/product_tag?post=89125"}],"curies":[{"name":"wp","href":"https:\/\/api.w.org\/{rel}","templated":true}]}}