{"id":89167,"date":"2026-02-01T17:45:28","date_gmt":"2026-02-01T17:45:28","guid":{"rendered":"https:\/\/modesthanim.com\/product\/yuksek-bel-fitilli-ispanyol-paca-spor-tayt\/"},"modified":"2026-03-21T09:20:52","modified_gmt":"2026-03-21T09:20:52","slug":"yuksek-bel-fitilli-ispanyol-paca-spor-tayt","status":"publish","type":"product","link":"https:\/\/mod.wisdar.net\/tr\/urun\/yuksek-bel-fitilli-ispanyol-paca-spor-tayt\/","title":{"rendered":"Y\u00fcksek Bel Fitilli \u0130spanyol Pa\u00e7a Spor Tayt"},"content":{"rendered":"<p>Y\u00fcksek bel, fitilli spor tayt, konforlu ve trend bir stil sunuyor. Slim fit kesimi sayesinde v\u00fccudu nazik\u00e7e sar\u0131yor ve hareket \u00f6zg\u00fcrl\u00fc\u011f\u00fc sa\u011fl\u0131yor. Esnek ve dayan\u0131kl\u0131 yap\u0131 sunarken sportif aktiviteler i\u00e7in ideal bir se\u00e7im haline geliyor. Bilek boyu uzunlu\u011fu sayesinde g\u00fcnl\u00fck ve spor kombinlerinizi tamaml\u0131yor.<br \/>\nStil \u00d6nerisi<br \/>\nSpor tayt\u0131, oversize bir sweatshirt ve beyaz spor ayakkab\u0131larla kombinleyerek casual bir g\u00f6r\u00fcn\u00fcm elde edebilirsiniz. Outdoor aktiviteler veya spor salonu i\u00e7in ideal bir se\u00e7im sunan tayt\u0131 s\u0131rt \u00e7antas\u0131 ve minimal aksesuarlarla tamamlayarak tarz\u0131n\u0131z\u0131 zenginle\u015ftirebilirsiniz. So\u011fuk g\u00fcnlerde bir bomber ceketle stilinizi g\u00fc\u00e7lendirebilirsiniz.<br \/>\n\u00dcr\u00fcn \u00d6zellikleri<br \/>\nKuma\u015f: %87 Polyester, %13 Elastan<br \/>\nBel Tipi: Y\u00fcksek Bel<br \/>\nFit Tipi: Slim Fit<br \/>\nPa\u00e7a Tipi: \u0130spanyol Pa\u00e7a<br \/>\nBoy: Bilek Boy<br \/>\nKullan\u0131m Alan\u0131: Spor Giyim<br \/>\nKoton tayt modelleriyle hem \u015f\u0131kl\u0131\u011f\u0131 hem de konforu bir arada ya\u015fay\u0131n. Spor \u015f\u0131kl\u0131\u011f\u0131n\u0131 gard\u0131robunuza eklemek i\u00e7in Koton&#8217;un spor tayt koleksiyonunu ke\u015ffedin!<\/p>\n<p>\u2014 Technical Details \u2014<br \/>\nsilhouette: Flare<br \/>\nwaist_height: Y\u00fcksek Bel<br \/>\nproduct_type_style: Flare<br \/>\nsub_brand: Trends<br \/>\nseller: Koton Ma\u011fazac\u0131l\u0131k Tekstil Sanayi ve Ticaret A.S.<br \/>\naddress: Ayaza\u011fa Mah. Maslak Ayaza\u011fa Cad. No:3 \u0130\u00e7 Kap\u0131 No:5 Sar\u0131yer\/\u0130stanbul<br \/>\nemail: mim@koton.com<\/p>\n","protected":false},"excerpt":{"rendered":"<p>Y\u00fcksek bel, fitilli spor tayt, konforlu ve trend bir stil sunuyor. Slim fit kesimi sayesinde v\u00fccudu nazik\u00e7e sar\u0131yor ve hareket \u00f6zg\u00fcrl\u00fc\u011f\u00fc sa\u011fl\u0131yor. Esnek ve dayan\u0131kl\u0131 yap\u0131 sunarken sportif aktiviteler i\u00e7in ideal bir se\u00e7im haline geliyor. Bilek boyu uzunlu\u011fu sayesinde g\u00fcnl\u00fck ve spor kombinlerinizi tamaml\u0131yor. Stil \u00d6nerisi Spor tayt\u0131, oversize bir sweatshirt ve beyaz spor ayakkab\u0131larla [&hellip;]<\/p>\n","protected":false},"featured_media":89156,"comment_status":"open","ping_status":"closed","template":"","meta":[],"product_brand":[],"product_cat":[6954,6948],"product_tag":[7444,7424,7480,7443],"class_list":{"0":"post-89167","1":"product","2":"type-product","3":"status-publish","4":"has-post-thumbnail","6":"product_cat-alt-vucut-alt-giyim","7":"product_cat-spor-giyim","8":"product_tag-jarse","9":"product_tag-spor-giyim","10":"product_tag-tayt","11":"product_tag-trendler","12":"pa_brand-koton","13":"pa_color-siyah","14":"pa_size-l","15":"pa_size-m","16":"pa_size-s","17":"pa_size-xl","18":"pa_size-xs","20":"first","21":"outofstock","22":"shipping-taxable","23":"product-type-variable"},"_links":{"self":[{"href":"https:\/\/mod.wisdar.net\/tr\/wp-json\/wp\/v2\/product\/89167","targetHints":{"allow":["GET"]}}],"collection":[{"href":"https:\/\/mod.wisdar.net\/tr\/wp-json\/wp\/v2\/product"}],"about":[{"href":"https:\/\/mod.wisdar.net\/tr\/wp-json\/wp\/v2\/types\/product"}],"replies":[{"embeddable":true,"href":"https:\/\/mod.wisdar.net\/tr\/wp-json\/wp\/v2\/comments?post=89167"}],"wp:featuredmedia":[{"embeddable":true,"href":"https:\/\/mod.wisdar.net\/tr\/wp-json\/wp\/v2\/media\/89156"}],"wp:attachment":[{"href":"https:\/\/mod.wisdar.net\/tr\/wp-json\/wp\/v2\/media?parent=89167"}],"wp:term":[{"taxonomy":"product_brand","embeddable":true,"href":"https:\/\/mod.wisdar.net\/tr\/wp-json\/wp\/v2\/product_brand?post=89167"},{"taxonomy":"product_cat","embeddable":true,"href":"https:\/\/mod.wisdar.net\/tr\/wp-json\/wp\/v2\/product_cat?post=89167"},{"taxonomy":"product_tag","embeddable":true,"href":"https:\/\/mod.wisdar.net\/tr\/wp-json\/wp\/v2\/product_tag?post=89167"}],"curies":[{"name":"wp","href":"https:\/\/api.w.org\/{rel}","templated":true}]}}