{"id":89363,"date":"2026-02-01T17:48:52","date_gmt":"2026-02-01T17:48:52","guid":{"rendered":"https:\/\/modesthanim.com\/product\/kahverengi-ekoseli-atkili-ve-bisiklet-yakali-kadin-yun-karisimli-kaban\/"},"modified":"2026-04-09T10:53:56","modified_gmt":"2026-04-09T10:53:56","slug":"kahverengi-ekoseli-atkili-ve-bisiklet-yakali-kadin-yun-karisimli-kaban","status":"publish","type":"product","link":"https:\/\/mod.wisdar.net\/tr\/urun\/kahverengi-ekoseli-atkili-ve-bisiklet-yakali-kadin-yun-karisimli-kaban\/","title":{"rendered":"Kahverengi Atk\u0131l\u0131 Bisiklet Yaka Ekose Kad\u0131n Ka\u015fe Kaban"},"content":{"rendered":"<p>LCW Vision Kahverengi Atk\u0131l\u0131 Bisiklet Yaka Ekose Kad\u0131n Ka\u015fe Kaban size \u00f6zel indirim, taksit ve kap\u0131da \u00f6deme avantajlar\u0131yla LCW&#8217;de! Hemen online al\u0131\u015fveri\u015f yap, \u00fcr\u00fcn kap\u0131na gelsin! \u2013 W5HT05Z8<\/p>\n<p>\u2014 Technical Details \u2014<br \/>\nMen\u015fei: Myanmar<br \/>\nSat\u0131c\u0131: LC Waikiki<br \/>\nMarka: LCW Vision<br \/>\n\u00dcr\u00fcn Tipi: Ka\u015fe Kaban<br \/>\nCinsiyet: Kad\u0131n<br \/>\nKal\u0131p: Loose &amp; Bol<br \/>\nKuma\u015f: Ka\u015fe<br \/>\nDesen: Ekose<br \/>\nYaka: Bisiklet Yaka<br \/>\nKap\u00fc\u015fon Detay: Kap\u00fc\u015fonsuz<br \/>\nKol Boyu: Uzun Kollu<br \/>\nAstar Detay: Polyester<br \/>\nUzunluk: Uzun<br \/>\nEk \u00d6zellik: D\u00fc\u011fmeli<\/p>\n","protected":false},"excerpt":{"rendered":"<p>LCW Vision Kahverengi Atk\u0131l\u0131 Bisiklet Yaka Ekose Kad\u0131n Ka\u015fe Kaban size \u00f6zel indirim, taksit ve kap\u0131da \u00f6deme avantajlar\u0131yla LCW&#8217;de! Hemen online al\u0131\u015fveri\u015f yap, \u00fcr\u00fcn kap\u0131na gelsin! \u2013 W5HT05Z8 \u2014 Technical Details \u2014 Men\u015fei: Myanmar Sat\u0131c\u0131: LC Waikiki Marka: LCW Vision \u00dcr\u00fcn Tipi: Ka\u015fe Kaban Cinsiyet: Kad\u0131n Kal\u0131p: Loose &amp; Bol Kuma\u015f: Ka\u015fe Desen: Ekose Yaka: [&hellip;]<\/p>\n","protected":false},"featured_media":0,"comment_status":"open","ping_status":"closed","template":"","meta":[],"product_brand":[],"product_cat":[2047],"product_tag":[8165,8023,7326,8167,8166,7701,6312,6311,6313,7980],"class_list":{"0":"post-89363","1":"product","2":"type-product","3":"status-publish","5":"product_cat-paltolar","6":"product_tag-atki-dahil","7":"product_tag-bisiklet-yaka","8":"product_tag-bol-kesim","9":"product_tag-dugmeli-kaban","10":"product_tag-ekoseli-kaban","11":"product_tag-kahverengi-kaban","12":"product_tag-long-coat","13":"product_tag-winter-coat","14":"product_tag-womens-coat","15":"product_tag-yun-karisimli-kaban","16":"pa_brand-lcw-vision","17":"pa_color-kahverengi","18":"pa_size-4698","19":"pa_size-4701","20":"pa_size-4706","21":"pa_size-4711","22":"pa_size-4713","24":"first","25":"instock","26":"shipping-taxable","27":"purchasable","28":"product-type-variable"},"_links":{"self":[{"href":"https:\/\/mod.wisdar.net\/tr\/wp-json\/wp\/v2\/product\/89363","targetHints":{"allow":["GET"]}}],"collection":[{"href":"https:\/\/mod.wisdar.net\/tr\/wp-json\/wp\/v2\/product"}],"about":[{"href":"https:\/\/mod.wisdar.net\/tr\/wp-json\/wp\/v2\/types\/product"}],"replies":[{"embeddable":true,"href":"https:\/\/mod.wisdar.net\/tr\/wp-json\/wp\/v2\/comments?post=89363"}],"wp:attachment":[{"href":"https:\/\/mod.wisdar.net\/tr\/wp-json\/wp\/v2\/media?parent=89363"}],"wp:term":[{"taxonomy":"product_brand","embeddable":true,"href":"https:\/\/mod.wisdar.net\/tr\/wp-json\/wp\/v2\/product_brand?post=89363"},{"taxonomy":"product_cat","embeddable":true,"href":"https:\/\/mod.wisdar.net\/tr\/wp-json\/wp\/v2\/product_cat?post=89363"},{"taxonomy":"product_tag","embeddable":true,"href":"https:\/\/mod.wisdar.net\/tr\/wp-json\/wp\/v2\/product_tag?post=89363"}],"curies":[{"name":"wp","href":"https:\/\/api.w.org\/{rel}","templated":true}]}}