{"id":89454,"date":"2026-02-01T17:49:40","date_gmt":"2026-02-01T17:49:40","guid":{"rendered":"https:\/\/modesthanim.com\/product\/bordo-centikli-yaka-kadin-yun-karisimli-kaban\/"},"modified":"2026-04-02T20:37:42","modified_gmt":"2026-04-02T20:37:42","slug":"bordo-centikli-yaka-kadin-yun-karisimli-kaban","status":"publish","type":"product","link":"https:\/\/mod.wisdar.net\/tr\/urun\/bordo-centikli-yaka-kadin-yun-karisimli-kaban\/","title":{"rendered":"Bordo Kruvaze Yaka Kad\u0131n Ka\u015fe Kaban"},"content":{"rendered":"<p>LCW Vision Bordo Kruvaze Yaka Kad\u0131n Ka\u015fe Kaban size \u00f6zel indirim, taksit ve kap\u0131da \u00f6deme avantajlar\u0131yla LCW&#8217;de! Hemen online al\u0131\u015fveri\u015f yap, \u00fcr\u00fcn kap\u0131na gelsin! \u2013 W5BC25Z8-D1H<\/p>\n<p>\u2014 Technical Details \u2014<br \/>\nMen\u015fei: Myanmar<br \/>\nSat\u0131c\u0131: LC Waikiki<br \/>\nMarka: LCW Vision<br \/>\n\u00dcr\u00fcn Tipi: Ka\u015fe Kaban<br \/>\nCinsiyet: Kad\u0131n<br \/>\nKal\u0131p: Loose &amp; Bol<br \/>\nKuma\u015f: Ka\u015fe<br \/>\nDesen: D\u00fcz<br \/>\nYaka: Kruvaze<br \/>\nKap\u00fc\u015fon Detay: Kap\u00fc\u015fonsuz<br \/>\nKal\u0131nl\u0131k: Kal\u0131n<br \/>\nKol Boyu: Uzun Kollu<br \/>\nAstar Detay: Polyester<br \/>\nUzunluk: Midi<br \/>\n\u00dcr\u00fcn Aksesuar\u0131: Ku\u015fak<br \/>\nPar\u00e7a Say\u0131s\u0131: 2 Par\u00e7a<br \/>\nEk \u00d6zellik: D\u00fc\u011fmeli<\/p>\n","protected":false},"excerpt":{"rendered":"<p>LCW Vision Bordo Kruvaze Yaka Kad\u0131n Ka\u015fe Kaban size \u00f6zel indirim, taksit ve kap\u0131da \u00f6deme avantajlar\u0131yla LCW&#8217;de! Hemen online al\u0131\u015fveri\u015f yap, \u00fcr\u00fcn kap\u0131na gelsin! \u2013 W5BC25Z8-D1H \u2014 Technical Details \u2014 Men\u015fei: Myanmar Sat\u0131c\u0131: LC Waikiki Marka: LCW Vision \u00dcr\u00fcn Tipi: Ka\u015fe Kaban Cinsiyet: Kad\u0131n Kal\u0131p: Loose &amp; Bol Kuma\u015f: Ka\u015fe Desen: D\u00fcz Yaka: Kruvaze Kap\u00fc\u015fon [&hellip;]<\/p>\n","protected":false},"featured_media":0,"comment_status":"open","ping_status":"closed","template":"","meta":[],"product_brand":[],"product_cat":[2047],"product_tag":[7326,8172,7695,8171,4999,6311,6313,7980],"class_list":{"0":"post-89454","1":"product","2":"type-product","3":"status-publish","5":"product_cat-paltolar","6":"product_tag-bol-kesim","7":"product_tag-bordo-kaban","8":"product_tag-centikli-yaka","9":"product_tag-orta-boy-kaban","10":"product_tag-outerwear","11":"product_tag-winter-coat","12":"product_tag-womens-coat","13":"product_tag-yun-karisimli-kaban","14":"pa_brand-lcw-vision","15":"pa_color-bordo","16":"pa_size-4698","17":"pa_size-4701","18":"pa_size-4706","19":"pa_size-4711","20":"pa_size-4713","21":"pa_size-4751","23":"first","24":"outofstock","25":"shipping-taxable","26":"product-type-variable"},"_links":{"self":[{"href":"https:\/\/mod.wisdar.net\/tr\/wp-json\/wp\/v2\/product\/89454","targetHints":{"allow":["GET"]}}],"collection":[{"href":"https:\/\/mod.wisdar.net\/tr\/wp-json\/wp\/v2\/product"}],"about":[{"href":"https:\/\/mod.wisdar.net\/tr\/wp-json\/wp\/v2\/types\/product"}],"replies":[{"embeddable":true,"href":"https:\/\/mod.wisdar.net\/tr\/wp-json\/wp\/v2\/comments?post=89454"}],"wp:attachment":[{"href":"https:\/\/mod.wisdar.net\/tr\/wp-json\/wp\/v2\/media?parent=89454"}],"wp:term":[{"taxonomy":"product_brand","embeddable":true,"href":"https:\/\/mod.wisdar.net\/tr\/wp-json\/wp\/v2\/product_brand?post=89454"},{"taxonomy":"product_cat","embeddable":true,"href":"https:\/\/mod.wisdar.net\/tr\/wp-json\/wp\/v2\/product_cat?post=89454"},{"taxonomy":"product_tag","embeddable":true,"href":"https:\/\/mod.wisdar.net\/tr\/wp-json\/wp\/v2\/product_tag?post=89454"}],"curies":[{"name":"wp","href":"https:\/\/api.w.org\/{rel}","templated":true}]}}