{"id":89484,"date":"2026-02-01T17:49:48","date_gmt":"2026-02-01T17:49:48","guid":{"rendered":"https:\/\/modesthanim.com\/product\/kahverengi-ceket-yaka-kadin-teddy-kaban\/"},"modified":"2026-04-09T11:00:49","modified_gmt":"2026-04-09T11:00:49","slug":"kahverengi-ceket-yaka-kadin-teddy-kaban","status":"publish","type":"product","link":"https:\/\/mod.wisdar.net\/tr\/urun\/kahverengi-ceket-yaka-kadin-teddy-kaban\/","title":{"rendered":"Kahverengi Ceket Yaka Kad\u0131n Teddy Kaban"},"content":{"rendered":"<p>LCW Vision Kahverengi Ceket Yaka Kad\u0131n Teddy Kaban size \u00f6zel indirim, taksit ve kap\u0131da \u00f6deme avantajlar\u0131yla LCW&#8217;de! Hemen online al\u0131\u015fveri\u015f yap, \u00fcr\u00fcn kap\u0131na gelsin! \u2013 W5I753Z8-CT9<\/p>\n<p>\u2014 Technical Details \u2014<br \/>\nMen\u015fei: \u00c7in<br \/>\n\u00dcr\u00fcn Tipi: Kaban<br \/>\nCinsiyet: Kad\u0131n<br \/>\nKal\u0131p: Loose &amp; Bol<br \/>\nKuma\u015f: Teddy<br \/>\nDesen: D\u00fcz<br \/>\nYaka: Ceket Yaka<br \/>\nKap\u00fc\u015fon Detay: Kap\u00fc\u015fonsuz<br \/>\nKol Boyu: Uzun Kollu<br \/>\nAstar Detay: Astars\u0131z<br \/>\nUzunluk: K\u0131sa<\/p>\n","protected":false},"excerpt":{"rendered":"<p>LCW Vision Kahverengi Ceket Yaka Kad\u0131n Teddy Kaban size \u00f6zel indirim, taksit ve kap\u0131da \u00f6deme avantajlar\u0131yla LCW&#8217;de! Hemen online al\u0131\u015fveri\u015f yap, \u00fcr\u00fcn kap\u0131na gelsin! \u2013 W5I753Z8-CT9 \u2014 Technical Details \u2014 Men\u015fei: \u00c7in \u00dcr\u00fcn Tipi: Kaban Cinsiyet: Kad\u0131n Kal\u0131p: Loose &amp; Bol Kuma\u015f: Teddy Desen: D\u00fcz Yaka: Ceket Yaka Kap\u00fc\u015fon Detay: Kap\u00fc\u015fonsuz Kol Boyu: Uzun Kollu [&hellip;]<\/p>\n","protected":false},"featured_media":89474,"comment_status":"open","ping_status":"closed","template":"","meta":[],"product_brand":[],"product_cat":[2044],"product_tag":[],"class_list":{"0":"post-89484","1":"product","2":"type-product","3":"status-publish","4":"has-post-thumbnail","6":"product_cat-ceketler","7":"pa_brand-lcw-vision","8":"pa_color-kahverengi","9":"pa_size-4698","10":"pa_size-4701","11":"pa_size-4706","12":"pa_size-4711","14":"first","15":"instock","16":"sale","17":"shipping-taxable","18":"purchasable","19":"product-type-variable"},"_links":{"self":[{"href":"https:\/\/mod.wisdar.net\/tr\/wp-json\/wp\/v2\/product\/89484","targetHints":{"allow":["GET"]}}],"collection":[{"href":"https:\/\/mod.wisdar.net\/tr\/wp-json\/wp\/v2\/product"}],"about":[{"href":"https:\/\/mod.wisdar.net\/tr\/wp-json\/wp\/v2\/types\/product"}],"replies":[{"embeddable":true,"href":"https:\/\/mod.wisdar.net\/tr\/wp-json\/wp\/v2\/comments?post=89484"}],"wp:featuredmedia":[{"embeddable":true,"href":"https:\/\/mod.wisdar.net\/tr\/wp-json\/wp\/v2\/media\/89474"}],"wp:attachment":[{"href":"https:\/\/mod.wisdar.net\/tr\/wp-json\/wp\/v2\/media?parent=89484"}],"wp:term":[{"taxonomy":"product_brand","embeddable":true,"href":"https:\/\/mod.wisdar.net\/tr\/wp-json\/wp\/v2\/product_brand?post=89484"},{"taxonomy":"product_cat","embeddable":true,"href":"https:\/\/mod.wisdar.net\/tr\/wp-json\/wp\/v2\/product_cat?post=89484"},{"taxonomy":"product_tag","embeddable":true,"href":"https:\/\/mod.wisdar.net\/tr\/wp-json\/wp\/v2\/product_tag?post=89484"}],"curies":[{"name":"wp","href":"https:\/\/api.w.org\/{rel}","templated":true}]}}