{"id":89582,"date":"2026-02-01T17:48:49","date_gmt":"2026-02-01T17:48:49","guid":{"rendered":"https:\/\/modesthanim.com\/product\/bej-bisiklet-yaka-atkili-kadin-kasmir-kaban\/"},"modified":"2026-04-02T22:00:47","modified_gmt":"2026-04-02T22:00:47","slug":"bej-bisiklet-yaka-atkili-kadin-kasmir-kaban","status":"publish","type":"product","link":"https:\/\/mod.wisdar.net\/tr\/urun\/bej-bisiklet-yaka-atkili-kadin-kasmir-kaban\/","title":{"rendered":"Ekru Bisiklet Yaka Atk\u0131l\u0131 Kad\u0131n Ka\u015fe Kaban"},"content":{"rendered":"<p>LCW Vision Ekru Bisiklet Yaka Atk\u0131l\u0131 Kad\u0131n Ka\u015fe Kaban size \u00f6zel indirim, taksit ve kap\u0131da \u00f6deme avantajlar\u0131yla LCW&#8217;de! Hemen online al\u0131\u015fveri\u015f yap, \u00fcr\u00fcn kap\u0131na gelsin! \u2013 W5BA36Z8-R9J<\/p>\n<p>\u2014 Technical Details \u2014<br \/>\nMen\u015fei: Myanmar<br \/>\nSat\u0131c\u0131: LC Waikiki<br \/>\nMarka: LCW Vision<br \/>\n\u00dcr\u00fcn Tipi: Ka\u015fe Kaban<br \/>\nCinsiyet: Kad\u0131n<br \/>\nKal\u0131p: Loose &amp; Bol<br \/>\nKuma\u015f: Ka\u015fe<br \/>\nDesen: D\u00fcz<br \/>\nYaka: Bisiklet Yaka<br \/>\nKap\u00fc\u015fon Detay: Kap\u00fc\u015fonsuz<br \/>\nKol Boyu: Uzun Kollu<br \/>\nAstar Detay: Polyester<br \/>\nUzunluk: K\u0131sa<br \/>\n\u00dcr\u00fcn Aksesuar\u0131: Atk\u0131<br \/>\nPar\u00e7a Say\u0131s\u0131: 2 Par\u00e7a<\/p>\n","protected":false},"excerpt":{"rendered":"<p>LCW Vision Ekru Bisiklet Yaka Atk\u0131l\u0131 Kad\u0131n Ka\u015fe Kaban size \u00f6zel indirim, taksit ve kap\u0131da \u00f6deme avantajlar\u0131yla LCW&#8217;de! Hemen online al\u0131\u015fveri\u015f yap, \u00fcr\u00fcn kap\u0131na gelsin! \u2013 W5BA36Z8-R9J \u2014 Technical Details \u2014 Men\u015fei: Myanmar Sat\u0131c\u0131: LC Waikiki Marka: LCW Vision \u00dcr\u00fcn Tipi: Ka\u015fe Kaban Cinsiyet: Kad\u0131n Kal\u0131p: Loose &amp; Bol Kuma\u015f: Ka\u015fe Desen: D\u00fcz Yaka: Bisiklet [&hellip;]<\/p>\n","protected":false},"featured_media":0,"comment_status":"open","ping_status":"closed","template":"","meta":[],"product_brand":[],"product_cat":[2047],"product_tag":[8174,6753,8023,4908,5010,8173],"class_list":{"0":"post-89582","1":"product","2":"type-product","3":"status-publish","5":"product_cat-paltolar","6":"product_tag-atki","7":"product_tag-bej","8":"product_tag-bisiklet-yaka","9":"product_tag-brown","10":"product_tag-coat","11":"product_tag-kasmir","12":"pa_brand-lcw-vision","13":"pa_color-ekru","14":"pa_size-4698","15":"pa_size-4701","16":"pa_size-4706","17":"pa_size-4711","19":"first","20":"outofstock","21":"shipping-taxable","22":"product-type-variable"},"_links":{"self":[{"href":"https:\/\/mod.wisdar.net\/tr\/wp-json\/wp\/v2\/product\/89582","targetHints":{"allow":["GET"]}}],"collection":[{"href":"https:\/\/mod.wisdar.net\/tr\/wp-json\/wp\/v2\/product"}],"about":[{"href":"https:\/\/mod.wisdar.net\/tr\/wp-json\/wp\/v2\/types\/product"}],"replies":[{"embeddable":true,"href":"https:\/\/mod.wisdar.net\/tr\/wp-json\/wp\/v2\/comments?post=89582"}],"wp:attachment":[{"href":"https:\/\/mod.wisdar.net\/tr\/wp-json\/wp\/v2\/media?parent=89582"}],"wp:term":[{"taxonomy":"product_brand","embeddable":true,"href":"https:\/\/mod.wisdar.net\/tr\/wp-json\/wp\/v2\/product_brand?post=89582"},{"taxonomy":"product_cat","embeddable":true,"href":"https:\/\/mod.wisdar.net\/tr\/wp-json\/wp\/v2\/product_cat?post=89582"},{"taxonomy":"product_tag","embeddable":true,"href":"https:\/\/mod.wisdar.net\/tr\/wp-json\/wp\/v2\/product_tag?post=89582"}],"curies":[{"name":"wp","href":"https:\/\/api.w.org\/{rel}","templated":true}]}}