{"id":8960,"date":"2025-11-01T20:24:38","date_gmt":"2025-11-01T20:24:38","guid":{"rendered":"https:\/\/modesthanim.com\/product\/kirmizi-renkli-dugme-detayli-kombine-kaban\/"},"modified":"2026-04-03T15:32:38","modified_gmt":"2026-04-03T15:32:38","slug":"kirmizi-renkli-dugme-detayli-kombine-kaban","status":"publish","type":"product","link":"https:\/\/mod.wisdar.net\/tr\/urun\/kirmizi-renkli-dugme-detayli-kombine-kaban\/","title":{"rendered":"K\u0131rm\u0131z\u0131 Renkli D\u00fc\u011fme Detayl\u0131 Kombine Kaban"},"content":{"rendered":"<p>Minimal tasar\u0131m\u0131, s\u00fcs d\u00fc\u011fmeleri ile zenginle\u015ftirilmi\u015f ve kol band\u0131 detaylar\u0131 ile modern bir siluet kazanm\u0131\u015ft\u0131r. \u015e\u0131k dokunu\u015flar eklemek isteyenler i\u00e7in ideal bir par\u00e7ad\u0131r.<\/p>\n<p>\u2014 Teknik Detaylar \u2014<br \/>\nKuma\u015f Kompozisyonu: %97 Pamuk, %3 Elastan<br \/>\nDesen: D\u00fcz<br \/>\nYaka Tipi: Kap\u00fc\u015fonlu Yaka<br \/>\nKol Tipi: Uzun Kol<br \/>\nCep: Yama Cep<br \/>\nAstar: Astars\u0131z<br \/>\n\u00dcr\u00fcn Uzunlu\u011fu: 90 cm<br \/>\nKal\u0131p: Rahat Kal\u0131p<br \/>\nModelin Giydi\u011fi Beden: 38<br \/>\nModel \u00d6l\u00e7\u00fcleri: {&#8216;Boy&#8217;: &#8216;176 cm&#8217;, &#8216;G\u00f6\u011f\u00fcs&#8217;: &#8217;86 cm&#8217;, &#8216;Bel&#8217;: &#8217;61 cm&#8217;, &#8216;Kal\u00e7a&#8217;: &#8217;90 cm&#8217;}<\/p>\n","protected":false},"excerpt":{"rendered":"<p>Minimal tasar\u0131m\u0131, s\u00fcs d\u00fc\u011fmeleri ile zenginle\u015ftirilmi\u015f ve kol band\u0131 detaylar\u0131 ile modern bir siluet kazanm\u0131\u015ft\u0131r. \u015e\u0131k dokunu\u015flar eklemek isteyenler i\u00e7in ideal bir par\u00e7ad\u0131r. \u2014 Teknik Detaylar \u2014 Kuma\u015f Kompozisyonu: %97 Pamuk, %3 Elastan Desen: D\u00fcz Yaka Tipi: Kap\u00fc\u015fonlu Yaka Kol Tipi: Uzun Kol Cep: Yama Cep Astar: Astars\u0131z \u00dcr\u00fcn Uzunlu\u011fu: 90 cm Kal\u0131p: Rahat Kal\u0131p [&hellip;]<\/p>\n","protected":false},"featured_media":51977,"comment_status":"open","ping_status":"closed","template":"","meta":[],"product_brand":[],"product_cat":[2047],"product_tag":[5010],"class_list":{"0":"post-8960","1":"product","2":"type-product","3":"status-publish","4":"has-post-thumbnail","6":"product_cat-paltolar","7":"product_tag-coat","8":"pa_brand-tugba","9":"pa_color-kirmizi","10":"pa_size-4706","11":"pa_size-4711","12":"pa_size-4713","13":"pa_size-4751","14":"pa_size-4749","15":"pa_size-4747","17":"first","18":"instock","19":"sale","20":"shipping-taxable","21":"purchasable","22":"product-type-variable"},"_links":{"self":[{"href":"https:\/\/mod.wisdar.net\/tr\/wp-json\/wp\/v2\/product\/8960","targetHints":{"allow":["GET"]}}],"collection":[{"href":"https:\/\/mod.wisdar.net\/tr\/wp-json\/wp\/v2\/product"}],"about":[{"href":"https:\/\/mod.wisdar.net\/tr\/wp-json\/wp\/v2\/types\/product"}],"replies":[{"embeddable":true,"href":"https:\/\/mod.wisdar.net\/tr\/wp-json\/wp\/v2\/comments?post=8960"}],"wp:featuredmedia":[{"embeddable":true,"href":"https:\/\/mod.wisdar.net\/tr\/wp-json\/wp\/v2\/media\/51977"}],"wp:attachment":[{"href":"https:\/\/mod.wisdar.net\/tr\/wp-json\/wp\/v2\/media?parent=8960"}],"wp:term":[{"taxonomy":"product_brand","embeddable":true,"href":"https:\/\/mod.wisdar.net\/tr\/wp-json\/wp\/v2\/product_brand?post=8960"},{"taxonomy":"product_cat","embeddable":true,"href":"https:\/\/mod.wisdar.net\/tr\/wp-json\/wp\/v2\/product_cat?post=8960"},{"taxonomy":"product_tag","embeddable":true,"href":"https:\/\/mod.wisdar.net\/tr\/wp-json\/wp\/v2\/product_tag?post=8960"}],"curies":[{"name":"wp","href":"https:\/\/api.w.org\/{rel}","templated":true}]}}