{"id":89703,"date":"2026-02-02T10:19:57","date_gmt":"2026-02-02T10:19:57","guid":{"rendered":"https:\/\/modesthanim.com\/product\/ruby-cep-canta-bordo\/"},"modified":"2026-04-02T01:04:35","modified_gmt":"2026-04-02T01:04:35","slug":"ruby-cep-canta-bordo","status":"publish","type":"product","link":"https:\/\/mod.wisdar.net\/tr\/urun\/ruby-cep-canta-bordo\/","title":{"rendered":"RUBY CEPL\u0130 \u00c7ANTA BORDO"},"content":{"rendered":"<p>Orta boy, kurdele detayl\u0131 \u00e7anta, i\u00e7te cep detayl\u0131, m\u0131knat\u0131s kapama, suni deri, astarl\u0131.<\/p>\n<p>Ana uma\u015f: %100 Poli\u00fcretan<br \/>\nAstar: %100 Polyester<\/p>\n<p>Y\u0131kanmaz<br \/>\n\u00c7ama\u015f\u0131r suyu \/ beyazlat\u0131c\u0131 kullan\u0131lmaz<br \/>\n\u00dct\u00fclenmez<br \/>\nKuru temizleme yap\u0131lmaz<br \/>\nKurutucu kullan\u0131lmaz.<\/p>\n<p>\u2014 Technical Details \u2014<br \/>\ndimensions: {&#8216;en&#8217;: 31, &#8216;y\u00fckseklik&#8217;: 19, &#8216;yan_derinlik&#8217;: 11, &#8216;ask\u0131_boy&#8217;: 67}<br \/>\ncare_instructions: Y\u0131kanmaz, \u00c7ama\u015f\u0131r suyu \/ beyazlat\u0131c\u0131 kullan\u0131lmaz, \u00dct\u00fclenmez, Kuru temizleme yap\u0131lmaz, Kurutucu kullan\u0131lmaz<br \/>\nfeatures: Orta boy, kurdele detayl\u0131 \u00e7anta, i\u00e7te cep detayl\u0131, m\u0131knat\u0131s kapama, suni deri, astarl\u0131<\/p>\n","protected":false},"excerpt":{"rendered":"<p>Orta boy, kurdele detayl\u0131 \u00e7anta, i\u00e7te cep detayl\u0131, m\u0131knat\u0131s kapama, suni deri, astarl\u0131. Ana uma\u015f: %100 Poli\u00fcretan Astar: %100 Polyester Y\u0131kanmaz \u00c7ama\u015f\u0131r suyu \/ beyazlat\u0131c\u0131 kullan\u0131lmaz \u00dct\u00fclenmez Kuru temizleme yap\u0131lmaz Kurutucu kullan\u0131lmaz. \u2014 Technical Details \u2014 dimensions: {&#8216;en&#8217;: 31, &#8216;y\u00fckseklik&#8217;: 19, &#8216;yan_derinlik&#8217;: 11, &#8216;ask\u0131_boy&#8217;: 67} care_instructions: Y\u0131kanmaz, \u00c7ama\u015f\u0131r suyu \/ beyazlat\u0131c\u0131 kullan\u0131lmaz, \u00dct\u00fclenmez, Kuru temizleme [&hellip;]<\/p>\n","protected":false},"featured_media":89655,"comment_status":"open","ping_status":"closed","template":"","meta":[],"product_brand":[],"product_cat":[6960,6957],"product_tag":[7150,7075,8186,8187,8185,6998],"class_list":{"0":"post-89703","1":"product","2":"type-product","3":"status-publish","4":"has-post-thumbnail","6":"product_cat-cantalar","7":"product_cat-cantalar-el-cantalari","8":"product_tag-bordo","9":"product_tag-canta","10":"product_tag-kurdele-detayi","11":"product_tag-manyetik-kapama","12":"product_tag-orta-boy","13":"product_tag-suni-deri","14":"pa_brand-manuka","15":"pa_color-bordo","16":"pa_size-std","18":"first","19":"instock","20":"sale","21":"shipping-taxable","22":"purchasable","23":"product-type-variable"},"_links":{"self":[{"href":"https:\/\/mod.wisdar.net\/tr\/wp-json\/wp\/v2\/product\/89703","targetHints":{"allow":["GET"]}}],"collection":[{"href":"https:\/\/mod.wisdar.net\/tr\/wp-json\/wp\/v2\/product"}],"about":[{"href":"https:\/\/mod.wisdar.net\/tr\/wp-json\/wp\/v2\/types\/product"}],"replies":[{"embeddable":true,"href":"https:\/\/mod.wisdar.net\/tr\/wp-json\/wp\/v2\/comments?post=89703"}],"wp:featuredmedia":[{"embeddable":true,"href":"https:\/\/mod.wisdar.net\/tr\/wp-json\/wp\/v2\/media\/89655"}],"wp:attachment":[{"href":"https:\/\/mod.wisdar.net\/tr\/wp-json\/wp\/v2\/media?parent=89703"}],"wp:term":[{"taxonomy":"product_brand","embeddable":true,"href":"https:\/\/mod.wisdar.net\/tr\/wp-json\/wp\/v2\/product_brand?post=89703"},{"taxonomy":"product_cat","embeddable":true,"href":"https:\/\/mod.wisdar.net\/tr\/wp-json\/wp\/v2\/product_cat?post=89703"},{"taxonomy":"product_tag","embeddable":true,"href":"https:\/\/mod.wisdar.net\/tr\/wp-json\/wp\/v2\/product_tag?post=89703"}],"curies":[{"name":"wp","href":"https:\/\/api.w.org\/{rel}","templated":true}]}}