{"id":89735,"date":"2026-02-02T10:20:40","date_gmt":"2026-02-02T10:20:40","guid":{"rendered":"https:\/\/modesthanim.com\/product\/ruby-pocket-bag-green\/"},"modified":"2026-04-15T22:32:32","modified_gmt":"2026-04-15T22:32:32","slug":"ruby-pocket-bag-green","status":"publish","type":"product","link":"https:\/\/mod.wisdar.net\/tr\/urun\/ruby-pocket-bag-green\/","title":{"rendered":"RUBY CEPL\u0130 \u00c7ANTA YE\u015e\u0130L"},"content":{"rendered":"<p>Orta boy, kurdele detayl\u0131 \u00e7anta, i\u00e7te cep detayl\u0131, m\u0131knat\u0131s kapama, suni deri, astarl\u0131.<\/p>\n<p>Ana kuma\u015f: %100 Poli\u00fcretan<br \/>\nAstar: %100 Polyester<\/p>\n<p>Y\u0131kanmaz<br \/>\n\u00c7ama\u015f\u0131r suyu \/ beyazlat\u0131c\u0131 kullan\u0131lmaz<br \/>\n\u00dct\u00fclenmez<br \/>\nKuru temizleme yap\u0131lmaz<br \/>\nKurutucu kullan\u0131lmaz.<\/p>\n<p>\u2014 Teknik Detaylar \u2014<br \/>\nEn: 31 cm<br \/>\nY\u00fckseklik: 19 cm<br \/>\nYan Derinlik: 11 cm<br \/>\nAsk\u0131 Boyu: 67 cm<\/p>\n","protected":false},"excerpt":{"rendered":"<p>Orta boy, kurdele detayl\u0131 \u00e7anta, i\u00e7te cep detayl\u0131, m\u0131knat\u0131s kapama, suni deri, astarl\u0131. Ana kuma\u015f: %100 Poli\u00fcretan Astar: %100 Polyester Y\u0131kanmaz \u00c7ama\u015f\u0131r suyu \/ beyazlat\u0131c\u0131 kullan\u0131lmaz \u00dct\u00fclenmez Kuru temizleme yap\u0131lmaz Kurutucu kullan\u0131lmaz. \u2014 Teknik Detaylar \u2014 En: 31 cm Y\u00fckseklik: 19 cm Yan Derinlik: 11 cm Ask\u0131 Boyu: 67 cm<\/p>\n","protected":false},"featured_media":89714,"comment_status":"open","ping_status":"closed","template":"","meta":[],"product_brand":[],"product_cat":[6960,6957],"product_tag":[],"class_list":{"0":"post-89735","1":"product","2":"type-product","3":"status-publish","4":"has-post-thumbnail","6":"product_cat-cantalar","7":"product_cat-cantalar-el-cantalari","8":"pa_brand-manuka","9":"pa_color-yesil","10":"pa_size-std","12":"first","13":"outofstock","14":"shipping-taxable","15":"product-type-variable"},"_links":{"self":[{"href":"https:\/\/mod.wisdar.net\/tr\/wp-json\/wp\/v2\/product\/89735","targetHints":{"allow":["GET"]}}],"collection":[{"href":"https:\/\/mod.wisdar.net\/tr\/wp-json\/wp\/v2\/product"}],"about":[{"href":"https:\/\/mod.wisdar.net\/tr\/wp-json\/wp\/v2\/types\/product"}],"replies":[{"embeddable":true,"href":"https:\/\/mod.wisdar.net\/tr\/wp-json\/wp\/v2\/comments?post=89735"}],"wp:featuredmedia":[{"embeddable":true,"href":"https:\/\/mod.wisdar.net\/tr\/wp-json\/wp\/v2\/media\/89714"}],"wp:attachment":[{"href":"https:\/\/mod.wisdar.net\/tr\/wp-json\/wp\/v2\/media?parent=89735"}],"wp:term":[{"taxonomy":"product_brand","embeddable":true,"href":"https:\/\/mod.wisdar.net\/tr\/wp-json\/wp\/v2\/product_brand?post=89735"},{"taxonomy":"product_cat","embeddable":true,"href":"https:\/\/mod.wisdar.net\/tr\/wp-json\/wp\/v2\/product_cat?post=89735"},{"taxonomy":"product_tag","embeddable":true,"href":"https:\/\/mod.wisdar.net\/tr\/wp-json\/wp\/v2\/product_tag?post=89735"}],"curies":[{"name":"wp","href":"https:\/\/api.w.org\/{rel}","templated":true}]}}