{"id":89758,"date":"2026-02-02T10:21:07","date_gmt":"2026-02-02T10:21:07","guid":{"rendered":"https:\/\/modesthanim.com\/product\/crocodile-leather-tote-bag-khaki\/"},"modified":"2026-04-02T01:12:48","modified_gmt":"2026-04-02T01:12:48","slug":"crocodile-leather-tote-bag-khaki","status":"publish","type":"product","link":"https:\/\/mod.wisdar.net\/tr\/urun\/crocodile-leather-tote-bag-khaki\/","title":{"rendered":"T\u0130MSAH DER\u0130 TOTE \u00c7ANTA HAK\u0130"},"content":{"rendered":"<p>B\u00fcy\u00fck boy, timsah deri g\u00f6r\u00fcn\u00fcml\u00fc, i\u00e7te cep detayl\u0131, fermuarl\u0131 kapama, deri astarl\u0131.<\/p>\n<p>Astar: %100 Polyester<br \/>\nAna Kuma\u015f: %100 Poli\u00fcretan<\/p>\n<p>Y\u0131kanmaz<br \/>\n\u00c7ama\u015f\u0131r suyu\/beyazlat\u0131c\u0131 kullan\u0131lmaz<br \/>\n\u00dct\u00fclenmez<br \/>\nKuru temizleme yap\u0131lmaz<br \/>\nKurutucu kullan\u0131lmaz<\/p>\n<p>\u2014 Teknik Detaylar \u2014<br \/>\nBoyutlar: Geni\u015flik: 48 cm, Y\u00fckseklik: 28 cm, Yan Derinlik: 10.5 cm, Ask\u0131 Boyu: 54 cm<br \/>\nBak\u0131m Talimatlar\u0131: Y\u0131kanmaz, \u00c7ama\u015f\u0131r suyu\/beyazlat\u0131c\u0131 kullan\u0131lmaz, \u00dct\u00fclenmez, Kuru temizleme yap\u0131lmaz, Kurutucu kullan\u0131lmaz<\/p>\n","protected":false},"excerpt":{"rendered":"<p>B\u00fcy\u00fck boy, timsah deri g\u00f6r\u00fcn\u00fcml\u00fc, i\u00e7te cep detayl\u0131, fermuarl\u0131 kapama, deri astarl\u0131. Astar: %100 Polyester Ana Kuma\u015f: %100 Poli\u00fcretan Y\u0131kanmaz \u00c7ama\u015f\u0131r suyu\/beyazlat\u0131c\u0131 kullan\u0131lmaz \u00dct\u00fclenmez Kuru temizleme yap\u0131lmaz Kurutucu kullan\u0131lmaz \u2014 Teknik Detaylar \u2014 Boyutlar: Geni\u015flik: 48 cm, Y\u00fckseklik: 28 cm, Yan Derinlik: 10.5 cm, Ask\u0131 Boyu: 54 cm Bak\u0131m Talimatlar\u0131: Y\u0131kanmaz, \u00c7ama\u015f\u0131r suyu\/beyazlat\u0131c\u0131 kullan\u0131lmaz, \u00dct\u00fclenmez, [&hellip;]<\/p>\n","protected":false},"featured_media":0,"comment_status":"open","ping_status":"closed","template":"","meta":[],"product_brand":[],"product_cat":[6960,6957],"product_tag":[],"class_list":{"0":"post-89758","1":"product","2":"type-product","3":"status-publish","5":"product_cat-cantalar","6":"product_cat-cantalar-el-cantalari","7":"pa_brand-manuka","8":"pa_color-haki","9":"pa_size-std","11":"first","12":"instock","13":"sale","14":"shipping-taxable","15":"purchasable","16":"product-type-variable"},"_links":{"self":[{"href":"https:\/\/mod.wisdar.net\/tr\/wp-json\/wp\/v2\/product\/89758","targetHints":{"allow":["GET"]}}],"collection":[{"href":"https:\/\/mod.wisdar.net\/tr\/wp-json\/wp\/v2\/product"}],"about":[{"href":"https:\/\/mod.wisdar.net\/tr\/wp-json\/wp\/v2\/types\/product"}],"replies":[{"embeddable":true,"href":"https:\/\/mod.wisdar.net\/tr\/wp-json\/wp\/v2\/comments?post=89758"}],"wp:attachment":[{"href":"https:\/\/mod.wisdar.net\/tr\/wp-json\/wp\/v2\/media?parent=89758"}],"wp:term":[{"taxonomy":"product_brand","embeddable":true,"href":"https:\/\/mod.wisdar.net\/tr\/wp-json\/wp\/v2\/product_brand?post=89758"},{"taxonomy":"product_cat","embeddable":true,"href":"https:\/\/mod.wisdar.net\/tr\/wp-json\/wp\/v2\/product_cat?post=89758"},{"taxonomy":"product_tag","embeddable":true,"href":"https:\/\/mod.wisdar.net\/tr\/wp-json\/wp\/v2\/product_tag?post=89758"}],"curies":[{"name":"wp","href":"https:\/\/api.w.org\/{rel}","templated":true}]}}