{"id":89773,"date":"2026-02-02T10:21:04","date_gmt":"2026-02-02T10:21:04","guid":{"rendered":"https:\/\/modesthanim.com\/product\/kahverengi-timsah-desenli-deri-gorunumlu-canta\/"},"modified":"2026-04-02T01:11:58","modified_gmt":"2026-04-02T01:11:58","slug":"kahverengi-timsah-desenli-deri-gorunumlu-canta","status":"publish","type":"product","link":"https:\/\/mod.wisdar.net\/tr\/urun\/kahverengi-timsah-desenli-deri-gorunumlu-canta\/","title":{"rendered":"T\u0130MSAH DER\u0130 TOTE \u00c7ANTA KAHVERENG\u0130"},"content":{"rendered":"<p>B\u00fcy\u00fck boy, timsah deri g\u00f6r\u00fcn\u00fcml\u00fc-i\u00e7te cep detayl\u0131, fermuar kapama, deri,astarl\u0131.<\/p>\n<p>Astar: %100 Polyester<br \/>\nAna Kuma\u015f: %100 Poli\u00fcretan<\/p>\n<p>Y\u0131kanmaz<br \/>\n\u00c7ama\u015f\u0131r suyu\/beyazlat\u0131c\u0131 kullan\u0131lmaz<br \/>\n\u00dct\u00fclenmez<br \/>\nKuru temizleme yap\u0131lmaz<br \/>\nKurutucu kullan\u0131lmaz<\/p>\n","protected":false},"excerpt":{"rendered":"<p>B\u00fcy\u00fck boy, timsah deri g\u00f6r\u00fcn\u00fcml\u00fc-i\u00e7te cep detayl\u0131, fermuar kapama, deri,astarl\u0131. Astar: %100 Polyester Ana Kuma\u015f: %100 Poli\u00fcretan Y\u0131kanmaz \u00c7ama\u015f\u0131r suyu\/beyazlat\u0131c\u0131 kullan\u0131lmaz \u00dct\u00fclenmez Kuru temizleme yap\u0131lmaz Kurutucu kullan\u0131lmaz<\/p>\n","protected":false},"featured_media":0,"comment_status":"open","ping_status":"closed","template":"","meta":[],"product_brand":[],"product_cat":[6960,6957],"product_tag":[8193,8191,7087,6995,8192],"class_list":{"0":"post-89773","1":"product","2":"type-product","3":"status-publish","5":"product_cat-cantalar","6":"product_cat-cantalar-el-cantalari","7":"product_tag-buyuk-boy-canta","8":"product_tag-deri-gorunumlu-canta","9":"product_tag-kahverengi-canta","10":"product_tag-moda-aksesuari","11":"product_tag-timsah-desenli","12":"pa_brand-manuka","13":"pa_color-kahverengi","14":"pa_size-std","16":"first","17":"instock","18":"sale","19":"shipping-taxable","20":"purchasable","21":"product-type-variable"},"_links":{"self":[{"href":"https:\/\/mod.wisdar.net\/tr\/wp-json\/wp\/v2\/product\/89773","targetHints":{"allow":["GET"]}}],"collection":[{"href":"https:\/\/mod.wisdar.net\/tr\/wp-json\/wp\/v2\/product"}],"about":[{"href":"https:\/\/mod.wisdar.net\/tr\/wp-json\/wp\/v2\/types\/product"}],"replies":[{"embeddable":true,"href":"https:\/\/mod.wisdar.net\/tr\/wp-json\/wp\/v2\/comments?post=89773"}],"wp:attachment":[{"href":"https:\/\/mod.wisdar.net\/tr\/wp-json\/wp\/v2\/media?parent=89773"}],"wp:term":[{"taxonomy":"product_brand","embeddable":true,"href":"https:\/\/mod.wisdar.net\/tr\/wp-json\/wp\/v2\/product_brand?post=89773"},{"taxonomy":"product_cat","embeddable":true,"href":"https:\/\/mod.wisdar.net\/tr\/wp-json\/wp\/v2\/product_cat?post=89773"},{"taxonomy":"product_tag","embeddable":true,"href":"https:\/\/mod.wisdar.net\/tr\/wp-json\/wp\/v2\/product_tag?post=89773"}],"curies":[{"name":"wp","href":"https:\/\/api.w.org\/{rel}","templated":true}]}}