{"id":89813,"date":"2026-02-02T10:22:02","date_gmt":"2026-02-02T10:22:02","guid":{"rendered":"https:\/\/modesthanim.com\/product\/kruvaze-genis-yaka-palto-vizon-2\/"},"modified":"2026-03-07T08:33:38","modified_gmt":"2026-03-07T08:33:38","slug":"kruvaze-genis-yaka-palto-vizon-2","status":"publish","type":"product","link":"https:\/\/mod.wisdar.net\/tr\/urun\/kruvaze-genis-yaka-palto-vizon-2\/","title":{"rendered":"KRUVAZE GEN\u0130\u015e YAKA PALTO V\u0130ZON"},"content":{"rendered":"<p>Normal kal\u0131p, ceket yaka, uzun kol, apolet r\u00fczgarl\u0131k detayl\u0131, tam boy, kruvaze d\u00fc\u011fme kapamal\u0131.<\/p>\n<p>Kuma\u015f \u0130\u00e7eri\u011fi: %80 Akrilik, %10 Polyester, %5 Viskon, %5 Di\u011fer Lifler<br \/>\nAstar Kuma\u015f \u0130\u00e7eri\u011fi: %100 Polyester<\/p>\n<p>D\u00fc\u015f\u00fck s\u0131cakl\u0131kta \u00fct\u00fcleyiniz<br \/>\nA\u011fart\u0131c\u0131 kullanmay\u0131n\u0131z<br \/>\nYaln\u0131zca kuru temizleme<br \/>\nTamburlu kurutma yapmay\u0131n\u0131z<\/p>\n","protected":false},"excerpt":{"rendered":"<p>Normal kal\u0131p, ceket yaka, uzun kol, apolet r\u00fczgarl\u0131k detayl\u0131, tam boy, kruvaze d\u00fc\u011fme kapamal\u0131. Kuma\u015f \u0130\u00e7eri\u011fi: %80 Akrilik, %10 Polyester, %5 Viskon, %5 Di\u011fer Lifler Astar Kuma\u015f \u0130\u00e7eri\u011fi: %100 Polyester D\u00fc\u015f\u00fck s\u0131cakl\u0131kta \u00fct\u00fcleyiniz A\u011fart\u0131c\u0131 kullanmay\u0131n\u0131z Yaln\u0131zca kuru temizleme Tamburlu kurutma yapmay\u0131n\u0131z<\/p>\n","protected":false},"featured_media":89802,"comment_status":"open","ping_status":"closed","template":"","meta":[],"product_brand":[],"product_cat":[2047],"product_tag":[],"class_list":{"0":"post-89813","1":"product","2":"type-product","3":"status-publish","4":"has-post-thumbnail","6":"product_cat-paltolar","7":"pa_brand-manuka","8":"pa_color-vizon","9":"pa_size-ml","10":"pa_size-sm","12":"first","13":"outofstock","14":"shipping-taxable","15":"product-type-variable"},"_links":{"self":[{"href":"https:\/\/mod.wisdar.net\/tr\/wp-json\/wp\/v2\/product\/89813","targetHints":{"allow":["GET"]}}],"collection":[{"href":"https:\/\/mod.wisdar.net\/tr\/wp-json\/wp\/v2\/product"}],"about":[{"href":"https:\/\/mod.wisdar.net\/tr\/wp-json\/wp\/v2\/types\/product"}],"replies":[{"embeddable":true,"href":"https:\/\/mod.wisdar.net\/tr\/wp-json\/wp\/v2\/comments?post=89813"}],"wp:featuredmedia":[{"embeddable":true,"href":"https:\/\/mod.wisdar.net\/tr\/wp-json\/wp\/v2\/media\/89802"}],"wp:attachment":[{"href":"https:\/\/mod.wisdar.net\/tr\/wp-json\/wp\/v2\/media?parent=89813"}],"wp:term":[{"taxonomy":"product_brand","embeddable":true,"href":"https:\/\/mod.wisdar.net\/tr\/wp-json\/wp\/v2\/product_brand?post=89813"},{"taxonomy":"product_cat","embeddable":true,"href":"https:\/\/mod.wisdar.net\/tr\/wp-json\/wp\/v2\/product_cat?post=89813"},{"taxonomy":"product_tag","embeddable":true,"href":"https:\/\/mod.wisdar.net\/tr\/wp-json\/wp\/v2\/product_tag?post=89813"}],"curies":[{"name":"wp","href":"https:\/\/api.w.org\/{rel}","templated":true}]}}