{"id":89850,"date":"2026-02-02T10:22:33","date_gmt":"2026-02-02T10:22:33","guid":{"rendered":"https:\/\/modesthanim.com\/product\/bordo-rengi-timsah-deri-gorunumlu-tote-canta\/"},"modified":"2026-04-15T21:15:46","modified_gmt":"2026-04-15T21:15:46","slug":"bordo-rengi-timsah-deri-gorunumlu-tote-canta","status":"publish","type":"product","link":"https:\/\/mod.wisdar.net\/tr\/urun\/bordo-rengi-timsah-deri-gorunumlu-tote-canta\/","title":{"rendered":"T\u0130MSAH DER\u0130 TOTE \u00c7ANTA BORDO"},"content":{"rendered":"<p>B\u00fcy\u00fck boy, timsah deri g\u00f6r\u00fcn\u00fcml\u00fc-i\u00e7te cep detayl\u0131, fermuar kapama, deri,astarl\u0131.<\/p>\n<p>Astar: %100 Polyester<br \/>\nAna Kuma\u015f: %100 Poli\u00fcretan<\/p>\n<p>Y\u0131kanmaz<br \/>\n\u00c7ama\u015f\u0131r suyu\/beyazlat\u0131c\u0131 kullan\u0131lmaz<br \/>\n\u00dct\u00fclenmez<br \/>\nKuru temizleme yap\u0131lmaz<br \/>\nKurutucu kullan\u0131lmaz<\/p>\n<p>\u2014 Technical Details \u2014<br \/>\nEn: 48<br \/>\nY\u00fckseklik: 28<br \/>\nYan Derinlik: 10.5<br \/>\nAsk\u0131 Boy: 54<\/p>\n","protected":false},"excerpt":{"rendered":"<p>B\u00fcy\u00fck boy, timsah deri g\u00f6r\u00fcn\u00fcml\u00fc-i\u00e7te cep detayl\u0131, fermuar kapama, deri,astarl\u0131. Astar: %100 Polyester Ana Kuma\u015f: %100 Poli\u00fcretan Y\u0131kanmaz \u00c7ama\u015f\u0131r suyu\/beyazlat\u0131c\u0131 kullan\u0131lmaz \u00dct\u00fclenmez Kuru temizleme yap\u0131lmaz Kurutucu kullan\u0131lmaz \u2014 Technical Details \u2014 En: 48 Y\u00fckseklik: 28 Yan Derinlik: 10.5 Ask\u0131 Boy: 54<\/p>\n","protected":false},"featured_media":0,"comment_status":"open","ping_status":"closed","template":"","meta":[],"product_brand":[],"product_cat":[6960,6957],"product_tag":[7150,8204,7016,6995,8203,7018],"class_list":{"0":"post-89850","1":"product","2":"type-product","3":"status-publish","5":"product_cat-cantalar","6":"product_cat-cantalar-el-cantalari","7":"product_tag-bordo","8":"product_tag-buyuk-canta","9":"product_tag-kadin-cantasi","10":"product_tag-moda-aksesuari","11":"product_tag-timsah-deri","12":"product_tag-tote-canta","13":"pa_brand-manuka","14":"pa_color-bordo","15":"pa_size-std","17":"first","18":"instock","19":"sale","20":"shipping-taxable","21":"purchasable","22":"product-type-variable"},"_links":{"self":[{"href":"https:\/\/mod.wisdar.net\/tr\/wp-json\/wp\/v2\/product\/89850","targetHints":{"allow":["GET"]}}],"collection":[{"href":"https:\/\/mod.wisdar.net\/tr\/wp-json\/wp\/v2\/product"}],"about":[{"href":"https:\/\/mod.wisdar.net\/tr\/wp-json\/wp\/v2\/types\/product"}],"replies":[{"embeddable":true,"href":"https:\/\/mod.wisdar.net\/tr\/wp-json\/wp\/v2\/comments?post=89850"}],"wp:attachment":[{"href":"https:\/\/mod.wisdar.net\/tr\/wp-json\/wp\/v2\/media?parent=89850"}],"wp:term":[{"taxonomy":"product_brand","embeddable":true,"href":"https:\/\/mod.wisdar.net\/tr\/wp-json\/wp\/v2\/product_brand?post=89850"},{"taxonomy":"product_cat","embeddable":true,"href":"https:\/\/mod.wisdar.net\/tr\/wp-json\/wp\/v2\/product_cat?post=89850"},{"taxonomy":"product_tag","embeddable":true,"href":"https:\/\/mod.wisdar.net\/tr\/wp-json\/wp\/v2\/product_tag?post=89850"}],"curies":[{"name":"wp","href":"https:\/\/api.w.org\/{rel}","templated":true}]}}