{"id":89891,"date":"2026-02-02T10:22:53","date_gmt":"2026-02-02T10:22:53","guid":{"rendered":"https:\/\/modesthanim.com\/product\/dara-kase-blazer-antrasit-2\/"},"modified":"2026-04-15T21:17:17","modified_gmt":"2026-04-15T21:17:17","slug":"dara-kase-blazer-antrasit-2","status":"publish","type":"product","link":"https:\/\/mod.wisdar.net\/tr\/urun\/dara-kase-blazer-antrasit-2\/","title":{"rendered":"DARA KA\u015eE BLAZER ANTRAS\u0130T"},"content":{"rendered":"<p>Regular kal\u0131p, kruvaze yaka, uzun kol, cep detayl\u0131, ara boy, d\u00fc\u011fme kapamal\u0131.<\/p>\n<p>Ana Kuma\u015f \u0130\u00e7eri\u011fi: %15 Y\u00fcn, %50 Akrilik, %28 Polyester, %2 Viskon, %5 Di\u011fer Lifler<br \/>\nAstar Kuma\u015f \u0130\u00e7eri\u011fi: %100 Polyester<\/p>\n<p>D\u00fc\u015f\u00fck s\u0131cakl\u0131kta \u00fct\u00fcleyiniz<br \/>\nA\u011fart\u0131c\u0131 kullanmay\u0131n\u0131z<br \/>\nYaln\u0131zca kuru temizleme<br \/>\nTamburlu kurutma yapmay\u0131n\u0131z.<\/p>\n","protected":false},"excerpt":{"rendered":"<p>Regular kal\u0131p, kruvaze yaka, uzun kol, cep detayl\u0131, ara boy, d\u00fc\u011fme kapamal\u0131. Ana Kuma\u015f \u0130\u00e7eri\u011fi: %15 Y\u00fcn, %50 Akrilik, %28 Polyester, %2 Viskon, %5 Di\u011fer Lifler Astar Kuma\u015f \u0130\u00e7eri\u011fi: %100 Polyester D\u00fc\u015f\u00fck s\u0131cakl\u0131kta \u00fct\u00fcleyiniz A\u011fart\u0131c\u0131 kullanmay\u0131n\u0131z Yaln\u0131zca kuru temizleme Tamburlu kurutma yapmay\u0131n\u0131z.<\/p>\n","protected":false},"featured_media":89878,"comment_status":"open","ping_status":"closed","template":"","meta":[],"product_brand":[],"product_cat":[2050],"product_tag":[],"class_list":{"0":"post-89891","1":"product","2":"type-product","3":"status-publish","4":"has-post-thumbnail","6":"product_cat-blazer-ceketler","7":"pa_brand-manuka","8":"pa_color-antrasit","9":"pa_size-ml","10":"pa_size-sm","12":"first","13":"instock","14":"sale","15":"shipping-taxable","16":"purchasable","17":"product-type-variable"},"_links":{"self":[{"href":"https:\/\/mod.wisdar.net\/tr\/wp-json\/wp\/v2\/product\/89891","targetHints":{"allow":["GET"]}}],"collection":[{"href":"https:\/\/mod.wisdar.net\/tr\/wp-json\/wp\/v2\/product"}],"about":[{"href":"https:\/\/mod.wisdar.net\/tr\/wp-json\/wp\/v2\/types\/product"}],"replies":[{"embeddable":true,"href":"https:\/\/mod.wisdar.net\/tr\/wp-json\/wp\/v2\/comments?post=89891"}],"wp:featuredmedia":[{"embeddable":true,"href":"https:\/\/mod.wisdar.net\/tr\/wp-json\/wp\/v2\/media\/89878"}],"wp:attachment":[{"href":"https:\/\/mod.wisdar.net\/tr\/wp-json\/wp\/v2\/media?parent=89891"}],"wp:term":[{"taxonomy":"product_brand","embeddable":true,"href":"https:\/\/mod.wisdar.net\/tr\/wp-json\/wp\/v2\/product_brand?post=89891"},{"taxonomy":"product_cat","embeddable":true,"href":"https:\/\/mod.wisdar.net\/tr\/wp-json\/wp\/v2\/product_cat?post=89891"},{"taxonomy":"product_tag","embeddable":true,"href":"https:\/\/mod.wisdar.net\/tr\/wp-json\/wp\/v2\/product_tag?post=89891"}],"curies":[{"name":"wp","href":"https:\/\/api.w.org\/{rel}","templated":true}]}}