{"id":89986,"date":"2026-02-02T10:24:06","date_gmt":"2026-02-02T10:24:06","guid":{"rendered":"https:\/\/modesthanim.com\/product\/klasik-pileli-kumas-pantolon-haki-2\/"},"modified":"2026-04-02T01:21:47","modified_gmt":"2026-04-02T01:21:47","slug":"klasik-pileli-kumas-pantolon-haki-2","status":"publish","type":"product","link":"https:\/\/mod.wisdar.net\/tr\/urun\/klasik-pileli-kumas-pantolon-haki-2\/","title":{"rendered":"KLAS\u0130K P\u0130LEL\u0130 KUMA\u015e PANTOLON HAK\u0130"},"content":{"rendered":"<p>Regular kal\u0131p, y\u00fcksek bel, pile detayl\u0131, tam boy.<\/p>\n<p>Ana Kuma\u015f \u0130\u00e7eri\u011fi: %63 Polyester, %34 Viskon, %3 Likra<\/p>\n<p>D\u00fc\u015f\u00fck s\u0131cakl\u0131kta \u00fct\u00fcleyiniz.<br \/>\nA\u011fart\u0131c\u0131 kullanmay\u0131n\u0131z.<br \/>\nYaln\u0131zca kuru temizleme.<br \/>\nTamburlu kurutma yapmay\u0131n\u0131z.<\/p>\n","protected":false},"excerpt":{"rendered":"<p>Regular kal\u0131p, y\u00fcksek bel, pile detayl\u0131, tam boy. Ana Kuma\u015f \u0130\u00e7eri\u011fi: %63 Polyester, %34 Viskon, %3 Likra D\u00fc\u015f\u00fck s\u0131cakl\u0131kta \u00fct\u00fcleyiniz. A\u011fart\u0131c\u0131 kullanmay\u0131n\u0131z. Yaln\u0131zca kuru temizleme. Tamburlu kurutma yapmay\u0131n\u0131z.<\/p>\n","protected":false},"featured_media":89978,"comment_status":"open","ping_status":"closed","template":"","meta":[],"product_brand":[],"product_cat":[1882],"product_tag":[],"class_list":{"0":"post-89986","1":"product","2":"type-product","3":"status-publish","4":"has-post-thumbnail","6":"product_cat-alt-giyim","7":"pa_brand-manuka","8":"pa_color-haki","9":"pa_size-4698","10":"pa_size-4701","11":"pa_size-4706","12":"pa_size-4711","13":"pa_size-4713","15":"first","16":"instock","17":"shipping-taxable","18":"purchasable","19":"product-type-variable"},"_links":{"self":[{"href":"https:\/\/mod.wisdar.net\/tr\/wp-json\/wp\/v2\/product\/89986","targetHints":{"allow":["GET"]}}],"collection":[{"href":"https:\/\/mod.wisdar.net\/tr\/wp-json\/wp\/v2\/product"}],"about":[{"href":"https:\/\/mod.wisdar.net\/tr\/wp-json\/wp\/v2\/types\/product"}],"replies":[{"embeddable":true,"href":"https:\/\/mod.wisdar.net\/tr\/wp-json\/wp\/v2\/comments?post=89986"}],"wp:featuredmedia":[{"embeddable":true,"href":"https:\/\/mod.wisdar.net\/tr\/wp-json\/wp\/v2\/media\/89978"}],"wp:attachment":[{"href":"https:\/\/mod.wisdar.net\/tr\/wp-json\/wp\/v2\/media?parent=89986"}],"wp:term":[{"taxonomy":"product_brand","embeddable":true,"href":"https:\/\/mod.wisdar.net\/tr\/wp-json\/wp\/v2\/product_brand?post=89986"},{"taxonomy":"product_cat","embeddable":true,"href":"https:\/\/mod.wisdar.net\/tr\/wp-json\/wp\/v2\/product_cat?post=89986"},{"taxonomy":"product_tag","embeddable":true,"href":"https:\/\/mod.wisdar.net\/tr\/wp-json\/wp\/v2\/product_tag?post=89986"}],"curies":[{"name":"wp","href":"https:\/\/api.w.org\/{rel}","templated":true}]}}