{"id":90066,"date":"2026-02-02T10:24:48","date_gmt":"2026-02-02T10:24:48","guid":{"rendered":"https:\/\/modesthanim.com\/product\/klasik-pileli-kumas-pantolon-vizon-2\/"},"modified":"2026-04-15T21:22:07","modified_gmt":"2026-04-15T21:22:07","slug":"klasik-pileli-kumas-pantolon-vizon-2","status":"publish","type":"product","link":"https:\/\/mod.wisdar.net\/tr\/urun\/klasik-pileli-kumas-pantolon-vizon-2\/","title":{"rendered":"KLAS\u0130K P\u0130LEL\u0130 KUMA\u015e PANTOLON V\u0130ZON"},"content":{"rendered":"<p>D\u00fcz kesim, y\u00fcksek bel, pile detayl\u0131, tam boy.<\/p>\n<p>Ana Kuma\u015f \u0130\u00e7eri\u011fi: %63 Polyester, %34 Viskon, %3 Likra<\/p>\n<p>D\u00fc\u015f\u00fck s\u0131cakl\u0131kta \u00fct\u00fcleyiniz.<br \/>\nA\u011fart\u0131c\u0131 kullanmay\u0131n\u0131z.<br \/>\nYaln\u0131zca kuru temizleme.<br \/>\nKurutma makinesinde kurutmay\u0131n\u0131z.<\/p>\n","protected":false},"excerpt":{"rendered":"<p>D\u00fcz kesim, y\u00fcksek bel, pile detayl\u0131, tam boy. Ana Kuma\u015f \u0130\u00e7eri\u011fi: %63 Polyester, %34 Viskon, %3 Likra D\u00fc\u015f\u00fck s\u0131cakl\u0131kta \u00fct\u00fcleyiniz. A\u011fart\u0131c\u0131 kullanmay\u0131n\u0131z. Yaln\u0131zca kuru temizleme. Kurutma makinesinde kurutmay\u0131n\u0131z.<\/p>\n","protected":false},"featured_media":90052,"comment_status":"open","ping_status":"closed","template":"","meta":[],"product_brand":[],"product_cat":[1882],"product_tag":[],"class_list":{"0":"post-90066","1":"product","2":"type-product","3":"status-publish","4":"has-post-thumbnail","6":"product_cat-alt-giyim","7":"pa_brand-manuka","8":"pa_color-vizon","9":"pa_size-4698","10":"pa_size-4701","11":"pa_size-4706","12":"pa_size-4711","13":"pa_size-4713","15":"first","16":"instock","17":"shipping-taxable","18":"purchasable","19":"product-type-variable"},"_links":{"self":[{"href":"https:\/\/mod.wisdar.net\/tr\/wp-json\/wp\/v2\/product\/90066","targetHints":{"allow":["GET"]}}],"collection":[{"href":"https:\/\/mod.wisdar.net\/tr\/wp-json\/wp\/v2\/product"}],"about":[{"href":"https:\/\/mod.wisdar.net\/tr\/wp-json\/wp\/v2\/types\/product"}],"replies":[{"embeddable":true,"href":"https:\/\/mod.wisdar.net\/tr\/wp-json\/wp\/v2\/comments?post=90066"}],"wp:featuredmedia":[{"embeddable":true,"href":"https:\/\/mod.wisdar.net\/tr\/wp-json\/wp\/v2\/media\/90052"}],"wp:attachment":[{"href":"https:\/\/mod.wisdar.net\/tr\/wp-json\/wp\/v2\/media?parent=90066"}],"wp:term":[{"taxonomy":"product_brand","embeddable":true,"href":"https:\/\/mod.wisdar.net\/tr\/wp-json\/wp\/v2\/product_brand?post=90066"},{"taxonomy":"product_cat","embeddable":true,"href":"https:\/\/mod.wisdar.net\/tr\/wp-json\/wp\/v2\/product_cat?post=90066"},{"taxonomy":"product_tag","embeddable":true,"href":"https:\/\/mod.wisdar.net\/tr\/wp-json\/wp\/v2\/product_tag?post=90066"}],"curies":[{"name":"wp","href":"https:\/\/api.w.org\/{rel}","templated":true}]}}