{"id":9010,"date":"2025-11-01T20:25:29","date_gmt":"2025-11-01T20:25:29","guid":{"rendered":"https:\/\/modesthanim.com\/product\/kemerli-keten-trenckot-haki\/"},"modified":"2026-02-09T14:31:05","modified_gmt":"2026-02-09T14:31:05","slug":"kemerli-keten-trenckot-haki","status":"publish","type":"product","link":"https:\/\/mod.wisdar.net\/tr\/urun\/kemerli-keten-trenckot-haki\/","title":{"rendered":"Kemerli Keten Tren\u00e7kot \u2013 Haki"},"content":{"rendered":"<p>Zamans\u0131z bir stil ve do\u011fal dokulu kuma\u015f&#8230; Bu tren\u00e7kot, nefes alabilen keten yap\u0131s\u0131yla mevsim ge\u00e7i\u015fleri i\u00e7in ideal bir alternatif sunar ve beldeki kemer detay\u0131 ile v\u00fccut \u015feklini zarif bir \u015fekilde vurgular.<br \/>\nKuma\u015f \u0130\u00e7eri\u011fi: %100 Keten<br \/>\nDesen: D\u00fcz<br \/>\nYaka Tipi: \u00c7ift G\u00f6\u011f\u00fcsl\u00fc Yaka<br \/>\nKol Tipi: Set-in Kol<br \/>\nCep: D\u00fcnya Cebi<br \/>\nAstar: Astars\u0131z<br \/>\n\u00dcr\u00fcn Uzunlu\u011fu: 116 cm<br \/>\nKal\u0131p: Normal Kal\u0131p<br \/>\nModelin Giydi\u011fi Beden: 38<br \/>\nModel \u00d6l\u00e7\u00fcleri: Boy: 176 cm, G\u00f6\u011f\u00fcs: 80 cm, Bel: 61 cm, Kal\u00e7a: 87 cm<\/p>\n","protected":false},"excerpt":{"rendered":"<p>Zamans\u0131z bir stil ve do\u011fal dokulu kuma\u015f&#8230; Bu tren\u00e7kot, nefes alabilen keten yap\u0131s\u0131yla mevsim ge\u00e7i\u015fleri i\u00e7in ideal bir alternatif sunar ve beldeki kemer detay\u0131 ile v\u00fccut \u015feklini zarif bir \u015fekilde vurgular. Kuma\u015f \u0130\u00e7eri\u011fi: %100 Keten Desen: D\u00fcz Yaka Tipi: \u00c7ift G\u00f6\u011f\u00fcsl\u00fc Yaka Kol Tipi: Set-in Kol Cep: D\u00fcnya Cebi Astar: Astars\u0131z \u00dcr\u00fcn Uzunlu\u011fu: 116 cm [&hellip;]<\/p>\n","protected":false},"featured_media":51973,"comment_status":"open","ping_status":"closed","template":"","meta":[],"product_brand":[],"product_cat":[2047],"product_tag":[7668,6776,5016],"class_list":{"0":"post-9010","1":"product","2":"type-product","3":"status-publish","4":"has-post-thumbnail","6":"product_cat-paltolar","7":"product_tag-kemerli","8":"product_tag-trenckot","9":"product_tag-unlined","10":"pa_color-haki","11":"pa_size-4706","12":"pa_size-4711","13":"pa_size-4713","14":"pa_size-4751","15":"pa_size-4749","16":"pa_size-4747","18":"first","19":"instock","20":"sale","21":"shipping-taxable","22":"purchasable","23":"product-type-variable"},"_links":{"self":[{"href":"https:\/\/mod.wisdar.net\/tr\/wp-json\/wp\/v2\/product\/9010","targetHints":{"allow":["GET"]}}],"collection":[{"href":"https:\/\/mod.wisdar.net\/tr\/wp-json\/wp\/v2\/product"}],"about":[{"href":"https:\/\/mod.wisdar.net\/tr\/wp-json\/wp\/v2\/types\/product"}],"replies":[{"embeddable":true,"href":"https:\/\/mod.wisdar.net\/tr\/wp-json\/wp\/v2\/comments?post=9010"}],"wp:featuredmedia":[{"embeddable":true,"href":"https:\/\/mod.wisdar.net\/tr\/wp-json\/wp\/v2\/media\/51973"}],"wp:attachment":[{"href":"https:\/\/mod.wisdar.net\/tr\/wp-json\/wp\/v2\/media?parent=9010"}],"wp:term":[{"taxonomy":"product_brand","embeddable":true,"href":"https:\/\/mod.wisdar.net\/tr\/wp-json\/wp\/v2\/product_brand?post=9010"},{"taxonomy":"product_cat","embeddable":true,"href":"https:\/\/mod.wisdar.net\/tr\/wp-json\/wp\/v2\/product_cat?post=9010"},{"taxonomy":"product_tag","embeddable":true,"href":"https:\/\/mod.wisdar.net\/tr\/wp-json\/wp\/v2\/product_tag?post=9010"}],"curies":[{"name":"wp","href":"https:\/\/api.w.org\/{rel}","templated":true}]}}