{"id":90163,"date":"2026-02-02T10:25:31","date_gmt":"2026-02-02T10:25:31","guid":{"rendered":"https:\/\/modesthanim.com\/product\/yuksek-yaka-blazer-ceket-gri\/"},"modified":"2026-02-25T21:43:03","modified_gmt":"2026-02-25T21:43:03","slug":"yuksek-yaka-blazer-ceket-gri","status":"publish","type":"product","link":"https:\/\/mod.wisdar.net\/tr\/urun\/yuksek-yaka-blazer-ceket-gri\/","title":{"rendered":"Y\u00dcKSEK YAKA BLAZER CEKET GR\u0130"},"content":{"rendered":"<p>Dar kesim, y\u00fcksek yaka, uzun kol, cep detayl\u0131, orta boy, \u00e7apraz kapan\u0131\u015fl\u0131.<\/p>\n<p>Kuma\u015f \u0130\u00e7eri\u011fi: %63 Polyester, %34 Viskon, %3 Likra<br \/>\nAstarl\u0131k Kuma\u015f \u0130\u00e7eri\u011fi: %100 Polyester<\/p>\n<p>D\u00fc\u015f\u00fck \u0131s\u0131da \u00fct\u00fcleyiniz.<br \/>\n\u00c7ama\u015f\u0131r suyu kullanmay\u0131n\u0131z.<br \/>\nYaln\u0131zca kuru temizleme yap\u0131n\u0131z.<br \/>\nKurutma makinesinde kurutmay\u0131n\u0131z.<\/p>\n","protected":false},"excerpt":{"rendered":"<p>Dar kesim, y\u00fcksek yaka, uzun kol, cep detayl\u0131, orta boy, \u00e7apraz kapan\u0131\u015fl\u0131. Kuma\u015f \u0130\u00e7eri\u011fi: %63 Polyester, %34 Viskon, %3 Likra Astarl\u0131k Kuma\u015f \u0130\u00e7eri\u011fi: %100 Polyester D\u00fc\u015f\u00fck \u0131s\u0131da \u00fct\u00fcleyiniz. \u00c7ama\u015f\u0131r suyu kullanmay\u0131n\u0131z. Yaln\u0131zca kuru temizleme yap\u0131n\u0131z. Kurutma makinesinde kurutmay\u0131n\u0131z.<\/p>\n","protected":false},"featured_media":90154,"comment_status":"open","ping_status":"closed","template":"","meta":[],"product_brand":[],"product_cat":[2050],"product_tag":[],"class_list":{"0":"post-90163","1":"product","2":"type-product","3":"status-publish","4":"has-post-thumbnail","6":"product_cat-blazer-ceketler","7":"pa_brand-manuka","8":"pa_color-gri","9":"pa_size-l","10":"pa_size-m","11":"pa_size-s","13":"first","14":"outofstock","15":"shipping-taxable","16":"product-type-variable"},"_links":{"self":[{"href":"https:\/\/mod.wisdar.net\/tr\/wp-json\/wp\/v2\/product\/90163","targetHints":{"allow":["GET"]}}],"collection":[{"href":"https:\/\/mod.wisdar.net\/tr\/wp-json\/wp\/v2\/product"}],"about":[{"href":"https:\/\/mod.wisdar.net\/tr\/wp-json\/wp\/v2\/types\/product"}],"replies":[{"embeddable":true,"href":"https:\/\/mod.wisdar.net\/tr\/wp-json\/wp\/v2\/comments?post=90163"}],"wp:featuredmedia":[{"embeddable":true,"href":"https:\/\/mod.wisdar.net\/tr\/wp-json\/wp\/v2\/media\/90154"}],"wp:attachment":[{"href":"https:\/\/mod.wisdar.net\/tr\/wp-json\/wp\/v2\/media?parent=90163"}],"wp:term":[{"taxonomy":"product_brand","embeddable":true,"href":"https:\/\/mod.wisdar.net\/tr\/wp-json\/wp\/v2\/product_brand?post=90163"},{"taxonomy":"product_cat","embeddable":true,"href":"https:\/\/mod.wisdar.net\/tr\/wp-json\/wp\/v2\/product_cat?post=90163"},{"taxonomy":"product_tag","embeddable":true,"href":"https:\/\/mod.wisdar.net\/tr\/wp-json\/wp\/v2\/product_tag?post=90163"}],"curies":[{"name":"wp","href":"https:\/\/api.w.org\/{rel}","templated":true}]}}