{"id":90240,"date":"2026-02-02T10:26:38","date_gmt":"2026-02-02T10:26:38","guid":{"rendered":"https:\/\/modesthanim.com\/product\/uzun-paca-straight-pantolon-aci-kahve\/"},"modified":"2026-04-02T01:33:01","modified_gmt":"2026-04-02T01:33:01","slug":"uzun-paca-straight-pantolon-aci-kahve","status":"publish","type":"product","link":"https:\/\/mod.wisdar.net\/tr\/urun\/uzun-paca-straight-pantolon-aci-kahve\/","title":{"rendered":"UZUN PA\u00c7A STRAIGHT PANTOLON ACI KAHVE"},"content":{"rendered":"<p>Y\u00fcksek bel, uzun d\u00fcz pa\u00e7al\u0131, uzun straight kal\u0131p, fermuarl\u0131 kanca kapama.<\/p>\n<p>Ana Kuma\u015f %90 Polyester, %10 Elastan<\/p>\n<p>\u00dcr\u00fcn\u00fc ters \u00e7evirerek y\u0131kay\u0131n\u0131z<br \/>\n\u00dcr\u00fcn\u00fc tersten \u00fct\u00fcleyiniz<br \/>\nMaksimum 30 \u00b0C s\u0131cakl\u0131kta y\u0131kay\u0131n\u0131z<br \/>\nA\u011fart\u0131c\u0131 kullanmay\u0131n\u0131z<br \/>\nD\u00fc\u015f\u00fck s\u0131cakl\u0131kta \u00fct\u00fcleyiniz<br \/>\nKuru temizleme yap\u0131lamaz<br \/>\nTamburlu kurutma yapmay\u0131n\u0131z.<\/p>\n","protected":false},"excerpt":{"rendered":"<p>Y\u00fcksek bel, uzun d\u00fcz pa\u00e7al\u0131, uzun straight kal\u0131p, fermuarl\u0131 kanca kapama. Ana Kuma\u015f %90 Polyester, %10 Elastan \u00dcr\u00fcn\u00fc ters \u00e7evirerek y\u0131kay\u0131n\u0131z \u00dcr\u00fcn\u00fc tersten \u00fct\u00fcleyiniz Maksimum 30 \u00b0C s\u0131cakl\u0131kta y\u0131kay\u0131n\u0131z A\u011fart\u0131c\u0131 kullanmay\u0131n\u0131z D\u00fc\u015f\u00fck s\u0131cakl\u0131kta \u00fct\u00fcleyiniz Kuru temizleme yap\u0131lamaz Tamburlu kurutma yapmay\u0131n\u0131z.<\/p>\n","protected":false},"featured_media":90232,"comment_status":"open","ping_status":"closed","template":"","meta":[],"product_brand":[],"product_cat":[1882],"product_tag":[],"class_list":{"0":"post-90240","1":"product","2":"type-product","3":"status-publish","4":"has-post-thumbnail","6":"product_cat-alt-giyim","7":"pa_brand-manuka","8":"pa_color-aci-kahve","9":"pa_size-4698","10":"pa_size-4701","11":"pa_size-4706","12":"pa_size-4711","13":"pa_size-4713","15":"first","16":"instock","17":"shipping-taxable","18":"purchasable","19":"product-type-variable"},"_links":{"self":[{"href":"https:\/\/mod.wisdar.net\/tr\/wp-json\/wp\/v2\/product\/90240","targetHints":{"allow":["GET"]}}],"collection":[{"href":"https:\/\/mod.wisdar.net\/tr\/wp-json\/wp\/v2\/product"}],"about":[{"href":"https:\/\/mod.wisdar.net\/tr\/wp-json\/wp\/v2\/types\/product"}],"replies":[{"embeddable":true,"href":"https:\/\/mod.wisdar.net\/tr\/wp-json\/wp\/v2\/comments?post=90240"}],"wp:featuredmedia":[{"embeddable":true,"href":"https:\/\/mod.wisdar.net\/tr\/wp-json\/wp\/v2\/media\/90232"}],"wp:attachment":[{"href":"https:\/\/mod.wisdar.net\/tr\/wp-json\/wp\/v2\/media?parent=90240"}],"wp:term":[{"taxonomy":"product_brand","embeddable":true,"href":"https:\/\/mod.wisdar.net\/tr\/wp-json\/wp\/v2\/product_brand?post=90240"},{"taxonomy":"product_cat","embeddable":true,"href":"https:\/\/mod.wisdar.net\/tr\/wp-json\/wp\/v2\/product_cat?post=90240"},{"taxonomy":"product_tag","embeddable":true,"href":"https:\/\/mod.wisdar.net\/tr\/wp-json\/wp\/v2\/product_tag?post=90240"}],"curies":[{"name":"wp","href":"https:\/\/api.w.org\/{rel}","templated":true}]}}