{"id":90414,"date":"2026-02-02T20:37:14","date_gmt":"2026-02-02T20:37:14","guid":{"rendered":"https:\/\/modesthanim.com\/product\/corly-shopper-canta-kirmizi\/"},"modified":"2026-03-07T08:16:59","modified_gmt":"2026-03-07T08:16:59","slug":"corly-shopper-canta-kirmizi","status":"publish","type":"product","link":"https:\/\/mod.wisdar.net\/tr\/urun\/corly-shopper-canta-kirmizi\/","title":{"rendered":"Corly Shopper \u00c7anta K\u0131rm\u0131z\u0131"},"content":{"rendered":"<p>\u00c7atlak efektli, i\u00e7i taba renk s\u00fcet deriden, ayarlanabilir omuz ask\u0131l\u0131, shopper \u00e7anta.<\/p>\n<p>Uzunluk: 31 cm<\/p>\n<p>Geni\u015flik: 42 cm<\/p>\n<p>Derinlik: 25 cm<\/p>\n","protected":false},"excerpt":{"rendered":"<p>\u00c7atlak efektli, i\u00e7i taba renk s\u00fcet deriden, ayarlanabilir omuz ask\u0131l\u0131, shopper \u00e7anta. Uzunluk: 31 cm Geni\u015flik: 42 cm Derinlik: 25 cm<\/p>\n","protected":false},"featured_media":90401,"comment_status":"open","ping_status":"closed","template":"","meta":[],"product_brand":[],"product_cat":[6960,6957],"product_tag":[8210,7075,8215],"class_list":{"0":"post-90414","1":"product","2":"type-product","3":"status-publish","4":"has-post-thumbnail","6":"product_cat-cantalar","7":"product_cat-cantalar-el-cantalari","8":"product_tag-aw26","9":"product_tag-canta","10":"product_tag-single_price_february_1099","11":"pa_brand-fahhar","12":"pa_color-kirmizi","13":"pa_size-standart","15":"first","16":"instock","17":"shipping-taxable","18":"purchasable","19":"product-type-variable"},"_links":{"self":[{"href":"https:\/\/mod.wisdar.net\/tr\/wp-json\/wp\/v2\/product\/90414","targetHints":{"allow":["GET"]}}],"collection":[{"href":"https:\/\/mod.wisdar.net\/tr\/wp-json\/wp\/v2\/product"}],"about":[{"href":"https:\/\/mod.wisdar.net\/tr\/wp-json\/wp\/v2\/types\/product"}],"replies":[{"embeddable":true,"href":"https:\/\/mod.wisdar.net\/tr\/wp-json\/wp\/v2\/comments?post=90414"}],"wp:featuredmedia":[{"embeddable":true,"href":"https:\/\/mod.wisdar.net\/tr\/wp-json\/wp\/v2\/media\/90401"}],"wp:attachment":[{"href":"https:\/\/mod.wisdar.net\/tr\/wp-json\/wp\/v2\/media?parent=90414"}],"wp:term":[{"taxonomy":"product_brand","embeddable":true,"href":"https:\/\/mod.wisdar.net\/tr\/wp-json\/wp\/v2\/product_brand?post=90414"},{"taxonomy":"product_cat","embeddable":true,"href":"https:\/\/mod.wisdar.net\/tr\/wp-json\/wp\/v2\/product_cat?post=90414"},{"taxonomy":"product_tag","embeddable":true,"href":"https:\/\/mod.wisdar.net\/tr\/wp-json\/wp\/v2\/product_tag?post=90414"}],"curies":[{"name":"wp","href":"https:\/\/api.w.org\/{rel}","templated":true}]}}