{"id":90434,"date":"2026-02-02T20:37:43","date_gmt":"2026-02-02T20:37:43","guid":{"rendered":"https:\/\/modesthanim.com\/product\/corly-shopper-canta-bordo-2\/"},"modified":"2026-04-15T21:06:43","modified_gmt":"2026-04-15T21:06:43","slug":"corly-shopper-canta-bordo-2","status":"publish","type":"product","link":"https:\/\/mod.wisdar.net\/tr\/urun\/corly-shopper-canta-bordo-2\/","title":{"rendered":"Corly Shopper \u00c7anta Bordo"},"content":{"rendered":"<p>\u00c7atlak efektli, i\u00e7i taba renk s\u00fcet deriden, ayarlanabilir omuz ask\u0131l\u0131 shopper \u00e7anta.<\/p>\n<p>Uzunluk: 31 cm<\/p>\n<p>Geni\u015flik: 42 cm<\/p>\n<p>Derinlik: 25 cm<\/p>\n","protected":false},"excerpt":{"rendered":"<p>\u00c7atlak efektli, i\u00e7i taba renk s\u00fcet deriden, ayarlanabilir omuz ask\u0131l\u0131 shopper \u00e7anta. Uzunluk: 31 cm Geni\u015flik: 42 cm Derinlik: 25 cm<\/p>\n","protected":false},"featured_media":90430,"comment_status":"open","ping_status":"closed","template":"","meta":[],"product_brand":[],"product_cat":[6960,6957],"product_tag":[],"class_list":{"0":"post-90434","1":"product","2":"type-product","3":"status-publish","4":"has-post-thumbnail","6":"product_cat-cantalar","7":"product_cat-cantalar-el-cantalari","8":"pa_brand-fahhar","9":"pa_color-bordo","10":"pa_size-standart","12":"first","13":"instock","14":"shipping-taxable","15":"purchasable","16":"product-type-variable"},"_links":{"self":[{"href":"https:\/\/mod.wisdar.net\/tr\/wp-json\/wp\/v2\/product\/90434","targetHints":{"allow":["GET"]}}],"collection":[{"href":"https:\/\/mod.wisdar.net\/tr\/wp-json\/wp\/v2\/product"}],"about":[{"href":"https:\/\/mod.wisdar.net\/tr\/wp-json\/wp\/v2\/types\/product"}],"replies":[{"embeddable":true,"href":"https:\/\/mod.wisdar.net\/tr\/wp-json\/wp\/v2\/comments?post=90434"}],"wp:featuredmedia":[{"embeddable":true,"href":"https:\/\/mod.wisdar.net\/tr\/wp-json\/wp\/v2\/media\/90430"}],"wp:attachment":[{"href":"https:\/\/mod.wisdar.net\/tr\/wp-json\/wp\/v2\/media?parent=90434"}],"wp:term":[{"taxonomy":"product_brand","embeddable":true,"href":"https:\/\/mod.wisdar.net\/tr\/wp-json\/wp\/v2\/product_brand?post=90434"},{"taxonomy":"product_cat","embeddable":true,"href":"https:\/\/mod.wisdar.net\/tr\/wp-json\/wp\/v2\/product_cat?post=90434"},{"taxonomy":"product_tag","embeddable":true,"href":"https:\/\/mod.wisdar.net\/tr\/wp-json\/wp\/v2\/product_tag?post=90434"}],"curies":[{"name":"wp","href":"https:\/\/api.w.org\/{rel}","templated":true}]}}