{"id":90451,"date":"2026-02-02T20:38:09","date_gmt":"2026-02-02T20:38:09","guid":{"rendered":"https:\/\/modesthanim.com\/product\/bordo-aura-catlak-efektli-canta\/"},"modified":"2026-03-21T06:21:44","modified_gmt":"2026-03-21T06:21:44","slug":"bordo-aura-catlak-efektli-canta","status":"publish","type":"product","link":"https:\/\/mod.wisdar.net\/tr\/urun\/bordo-aura-catlak-efektli-canta\/","title":{"rendered":"Aura \u00c7atlak Efektli \u00c7anta Bordo"},"content":{"rendered":"<p>\u00c7atlak efektli, \u00e7ift omuz ask\u0131l\u0131, metal fermuarl\u0131, yanlar\u0131 \u00e7\u0131t\u00e7\u0131t kapamal\u0131 omuz \u00e7antas\u0131.<\/p>\n<p>Uzunluk: 19 cm<br \/>\n\u00a0<br \/>\nGeni\u015flik: 31 cm<\/p>\n<p>Derinlik: 13 cm<\/p>\n","protected":false},"excerpt":{"rendered":"<p>\u00c7atlak efektli, \u00e7ift omuz ask\u0131l\u0131, metal fermuarl\u0131, yanlar\u0131 \u00e7\u0131t\u00e7\u0131t kapamal\u0131 omuz \u00e7antas\u0131. Uzunluk: 19 cm \u00a0 Geni\u015flik: 31 cm Derinlik: 13 cm<\/p>\n","protected":false},"featured_media":0,"comment_status":"open","ping_status":"closed","template":"","meta":[],"product_brand":[],"product_cat":[6960,6957],"product_tag":[8210,7075,8217],"class_list":{"0":"post-90451","1":"product","2":"type-product","3":"status-publish","5":"product_cat-cantalar","6":"product_cat-cantalar-el-cantalari","7":"product_tag-aw26","8":"product_tag-canta","9":"product_tag-single_price_february_1199","10":"pa_brand-fahhar","11":"pa_color-bordo","12":"pa_size-standart","14":"first","15":"outofstock","16":"shipping-taxable","17":"product-type-variable"},"_links":{"self":[{"href":"https:\/\/mod.wisdar.net\/tr\/wp-json\/wp\/v2\/product\/90451","targetHints":{"allow":["GET"]}}],"collection":[{"href":"https:\/\/mod.wisdar.net\/tr\/wp-json\/wp\/v2\/product"}],"about":[{"href":"https:\/\/mod.wisdar.net\/tr\/wp-json\/wp\/v2\/types\/product"}],"replies":[{"embeddable":true,"href":"https:\/\/mod.wisdar.net\/tr\/wp-json\/wp\/v2\/comments?post=90451"}],"wp:attachment":[{"href":"https:\/\/mod.wisdar.net\/tr\/wp-json\/wp\/v2\/media?parent=90451"}],"wp:term":[{"taxonomy":"product_brand","embeddable":true,"href":"https:\/\/mod.wisdar.net\/tr\/wp-json\/wp\/v2\/product_brand?post=90451"},{"taxonomy":"product_cat","embeddable":true,"href":"https:\/\/mod.wisdar.net\/tr\/wp-json\/wp\/v2\/product_cat?post=90451"},{"taxonomy":"product_tag","embeddable":true,"href":"https:\/\/mod.wisdar.net\/tr\/wp-json\/wp\/v2\/product_tag?post=90451"}],"curies":[{"name":"wp","href":"https:\/\/api.w.org\/{rel}","templated":true}]}}