{"id":90467,"date":"2026-02-02T20:38:21","date_gmt":"2026-02-02T20:38:21","guid":{"rendered":"https:\/\/modesthanim.com\/product\/corly-shopper-canta-aci-kahve\/"},"modified":"2026-03-07T08:17:52","modified_gmt":"2026-03-07T08:17:52","slug":"corly-shopper-canta-aci-kahve","status":"publish","type":"product","link":"https:\/\/mod.wisdar.net\/tr\/urun\/corly-shopper-canta-aci-kahve\/","title":{"rendered":"Corly Shopper \u00c7anta Ac\u0131 Kahve"},"content":{"rendered":"<p>\u00c7atlak efektli, i\u00e7i taba renk s\u00fcet deriden \u00fcretilmi\u015f, ayarlanabilir omuz ask\u0131l\u0131, \u015f\u0131k bir shopper \u00e7anta.<\/p>\n<p>Uzunluk: 31 cm<\/p>\n<p>Geni\u015flik: 42 cm<\/p>\n<p>Derinlik: 25 cm<\/p>\n","protected":false},"excerpt":{"rendered":"<p>\u00c7atlak efektli, i\u00e7i taba renk s\u00fcet deriden \u00fcretilmi\u015f, ayarlanabilir omuz ask\u0131l\u0131, \u015f\u0131k bir shopper \u00e7anta. Uzunluk: 31 cm Geni\u015flik: 42 cm Derinlik: 25 cm<\/p>\n","protected":false},"featured_media":90463,"comment_status":"open","ping_status":"closed","template":"","meta":[],"product_brand":[],"product_cat":[6960,6957],"product_tag":[],"class_list":{"0":"post-90467","1":"product","2":"type-product","3":"status-publish","4":"has-post-thumbnail","6":"product_cat-cantalar","7":"product_cat-cantalar-el-cantalari","8":"pa_brand-fahhar","9":"pa_color-aci-kahve-1","10":"pa_size-standart","12":"first","13":"outofstock","14":"shipping-taxable","15":"product-type-variable"},"_links":{"self":[{"href":"https:\/\/mod.wisdar.net\/tr\/wp-json\/wp\/v2\/product\/90467","targetHints":{"allow":["GET"]}}],"collection":[{"href":"https:\/\/mod.wisdar.net\/tr\/wp-json\/wp\/v2\/product"}],"about":[{"href":"https:\/\/mod.wisdar.net\/tr\/wp-json\/wp\/v2\/types\/product"}],"replies":[{"embeddable":true,"href":"https:\/\/mod.wisdar.net\/tr\/wp-json\/wp\/v2\/comments?post=90467"}],"wp:featuredmedia":[{"embeddable":true,"href":"https:\/\/mod.wisdar.net\/tr\/wp-json\/wp\/v2\/media\/90463"}],"wp:attachment":[{"href":"https:\/\/mod.wisdar.net\/tr\/wp-json\/wp\/v2\/media?parent=90467"}],"wp:term":[{"taxonomy":"product_brand","embeddable":true,"href":"https:\/\/mod.wisdar.net\/tr\/wp-json\/wp\/v2\/product_brand?post=90467"},{"taxonomy":"product_cat","embeddable":true,"href":"https:\/\/mod.wisdar.net\/tr\/wp-json\/wp\/v2\/product_cat?post=90467"},{"taxonomy":"product_tag","embeddable":true,"href":"https:\/\/mod.wisdar.net\/tr\/wp-json\/wp\/v2\/product_tag?post=90467"}],"curies":[{"name":"wp","href":"https:\/\/api.w.org\/{rel}","templated":true}]}}