{"id":90574,"date":"2026-02-02T20:39:40","date_gmt":"2026-02-02T20:39:40","guid":{"rendered":"https:\/\/modesthanim.com\/product\/aura-catlak-efektli-canta-taba\/"},"modified":"2026-03-21T06:22:11","modified_gmt":"2026-03-21T06:22:11","slug":"aura-catlak-efektli-canta-taba","status":"publish","type":"product","link":"https:\/\/mod.wisdar.net\/tr\/urun\/aura-catlak-efektli-canta-taba\/","title":{"rendered":"Aura \u00c7atlak Efektli \u00c7anta Taba"},"content":{"rendered":"<p>\u00c7atlak efektli, \u00e7ift omuz ask\u0131l\u0131, metal fermuarl\u0131, yanlar\u0131 \u00e7\u0131t\u00e7\u0131t kapamal\u0131 omuz \u00e7antas\u0131.<\/p>\n<p>Uzunluk: 19 cm<\/p>\n<p>Geni\u015flik: 31 cm<\/p>\n<p>Derinlik: 13 cm<\/p>\n","protected":false},"excerpt":{"rendered":"<p>\u00c7atlak efektli, \u00e7ift omuz ask\u0131l\u0131, metal fermuarl\u0131, yanlar\u0131 \u00e7\u0131t\u00e7\u0131t kapamal\u0131 omuz \u00e7antas\u0131. Uzunluk: 19 cm Geni\u015flik: 31 cm Derinlik: 13 cm<\/p>\n","protected":false},"featured_media":90552,"comment_status":"open","ping_status":"closed","template":"","meta":[],"product_brand":[],"product_cat":[6960,6957],"product_tag":[6753,6995,6980],"class_list":{"0":"post-90574","1":"product","2":"type-product","3":"status-publish","4":"has-post-thumbnail","6":"product_cat-cantalar","7":"product_cat-cantalar-el-cantalari","8":"product_tag-bej","9":"product_tag-moda-aksesuari","10":"product_tag-omuz-cantasi","11":"pa_brand-fahhar","12":"pa_color-taba","13":"pa_size-standart","15":"first","16":"outofstock","17":"shipping-taxable","18":"product-type-variable"},"_links":{"self":[{"href":"https:\/\/mod.wisdar.net\/tr\/wp-json\/wp\/v2\/product\/90574","targetHints":{"allow":["GET"]}}],"collection":[{"href":"https:\/\/mod.wisdar.net\/tr\/wp-json\/wp\/v2\/product"}],"about":[{"href":"https:\/\/mod.wisdar.net\/tr\/wp-json\/wp\/v2\/types\/product"}],"replies":[{"embeddable":true,"href":"https:\/\/mod.wisdar.net\/tr\/wp-json\/wp\/v2\/comments?post=90574"}],"wp:featuredmedia":[{"embeddable":true,"href":"https:\/\/mod.wisdar.net\/tr\/wp-json\/wp\/v2\/media\/90552"}],"wp:attachment":[{"href":"https:\/\/mod.wisdar.net\/tr\/wp-json\/wp\/v2\/media?parent=90574"}],"wp:term":[{"taxonomy":"product_brand","embeddable":true,"href":"https:\/\/mod.wisdar.net\/tr\/wp-json\/wp\/v2\/product_brand?post=90574"},{"taxonomy":"product_cat","embeddable":true,"href":"https:\/\/mod.wisdar.net\/tr\/wp-json\/wp\/v2\/product_cat?post=90574"},{"taxonomy":"product_tag","embeddable":true,"href":"https:\/\/mod.wisdar.net\/tr\/wp-json\/wp\/v2\/product_tag?post=90574"}],"curies":[{"name":"wp","href":"https:\/\/api.w.org\/{rel}","templated":true}]}}