{"id":9062,"date":"2025-11-01T20:26:22","date_gmt":"2025-11-01T20:26:22","guid":{"rendered":"https:\/\/modesthanim.com\/product\/yesil-renkli-cicek-desenli-kapusonlu-pelerin\/"},"modified":"2026-01-15T08:30:19","modified_gmt":"2026-01-15T08:30:19","slug":"yesil-renkli-cicek-desenli-kapusonlu-pelerin","status":"publish","type":"product","link":"https:\/\/mod.wisdar.net\/tr\/urun\/yesil-renkli-cicek-desenli-kapusonlu-pelerin\/","title":{"rendered":"Ye\u015fil Renkli \u00c7i\u00e7ek Desenli Kap\u00fc\u015fonlu Pelerin"},"content":{"rendered":"<p>\u00c7i\u00e7ek desenleri ile feminen bir hava kazanan bu pelerin, kap\u00fc\u015fon detay\u0131 ile sportif bir dokunu\u015f sunar. Rahat kesimi ile g\u00fcnl\u00fck k\u0131yafetlerinize hem konfor hem de stil katar.<br \/>\nKuma\u015f \u0130\u00e7eri\u011fi: %85 Viskoz, %15 Poliamid<br \/>\nDesen: \u00c7i\u00e7ekli<br \/>\nYaka Tipi: Kap\u00fc\u015fonlu Yaka<br \/>\nKol Tipi: Uzun Kol<br \/>\nCep: D\u00fcnya Cebi<br \/>\nAstar: Astars\u0131z<br \/>\n\u00dcr\u00fcn Uzunlu\u011fu: 95 cm<br \/>\nKal\u0131p: Rahat Kesim<br \/>\nModelin Giydi\u011fi Beden: 38<br \/>\nModel \u00d6l\u00e7\u00fcleri: Boy: 174 cm, G\u00f6\u011f\u00fcs: 82 cm, Bel: 63 cm, Kal\u00e7a: 90 cm<\/p>\n<p>\u2014 Teknik Detaylar \u2014<br \/>\nDesen: \u00c7i\u00e7ekli<br \/>\nYaka Tipi: Kap\u00fc\u015fonlu Yaka<br \/>\nKol Tipi: Uzun Kol<br \/>\nCep: D\u00fcnya Cebi<br \/>\nAstar: Astars\u0131z<br \/>\n\u00dcr\u00fcn Uzunlu\u011fu: 95 cm<br \/>\nKal\u0131p: Rahat Kesim<br \/>\nModelin Giydi\u011fi Beden: 38<br \/>\nModel \u00d6l\u00e7\u00fcleri: Boy: 174 cm, G\u00f6\u011f\u00fcs: 82 cm, Bel: 63 cm, Kal\u00e7a: 90 cm<\/p>\n","protected":false},"excerpt":{"rendered":"<p>\u00c7i\u00e7ek desenleri ile feminen bir hava kazanan bu pelerin, kap\u00fc\u015fon detay\u0131 ile sportif bir dokunu\u015f sunar. Rahat kesimi ile g\u00fcnl\u00fck k\u0131yafetlerinize hem konfor hem de stil katar. Kuma\u015f \u0130\u00e7eri\u011fi: %85 Viskoz, %15 Poliamid Desen: \u00c7i\u00e7ekli Yaka Tipi: Kap\u00fc\u015fonlu Yaka Kol Tipi: Uzun Kol Cep: D\u00fcnya Cebi Astar: Astars\u0131z \u00dcr\u00fcn Uzunlu\u011fu: 95 cm Kal\u0131p: Rahat Kesim [&hellip;]<\/p>\n","protected":false},"featured_media":51969,"comment_status":"open","ping_status":"closed","template":"","meta":[],"product_brand":[],"product_cat":[2047],"product_tag":[7508,7421,6751,7825],"class_list":{"0":"post-9062","1":"product","2":"type-product","3":"status-publish","4":"has-post-thumbnail","6":"product_cat-paltolar","7":"product_tag-cicekli","8":"product_tag-kapusonlu","9":"product_tag-rahat","10":"product_tag-yesil","11":"pa_color-yesil","12":"pa_size-4706","13":"pa_size-4711","14":"pa_size-4713","15":"pa_size-4751","16":"pa_size-4749","17":"pa_size-4747","19":"first","20":"instock","21":"sale","22":"shipping-taxable","23":"purchasable","24":"product-type-variable"},"_links":{"self":[{"href":"https:\/\/mod.wisdar.net\/tr\/wp-json\/wp\/v2\/product\/9062","targetHints":{"allow":["GET"]}}],"collection":[{"href":"https:\/\/mod.wisdar.net\/tr\/wp-json\/wp\/v2\/product"}],"about":[{"href":"https:\/\/mod.wisdar.net\/tr\/wp-json\/wp\/v2\/types\/product"}],"replies":[{"embeddable":true,"href":"https:\/\/mod.wisdar.net\/tr\/wp-json\/wp\/v2\/comments?post=9062"}],"wp:featuredmedia":[{"embeddable":true,"href":"https:\/\/mod.wisdar.net\/tr\/wp-json\/wp\/v2\/media\/51969"}],"wp:attachment":[{"href":"https:\/\/mod.wisdar.net\/tr\/wp-json\/wp\/v2\/media?parent=9062"}],"wp:term":[{"taxonomy":"product_brand","embeddable":true,"href":"https:\/\/mod.wisdar.net\/tr\/wp-json\/wp\/v2\/product_brand?post=9062"},{"taxonomy":"product_cat","embeddable":true,"href":"https:\/\/mod.wisdar.net\/tr\/wp-json\/wp\/v2\/product_cat?post=9062"},{"taxonomy":"product_tag","embeddable":true,"href":"https:\/\/mod.wisdar.net\/tr\/wp-json\/wp\/v2\/product_tag?post=9062"}],"curies":[{"name":"wp","href":"https:\/\/api.w.org\/{rel}","templated":true}]}}