{"id":90671,"date":"2026-02-02T20:40:25","date_gmt":"2026-02-02T20:40:25","guid":{"rendered":"https:\/\/modesthanim.com\/product\/kahverengi-lastikli-bel-deri-gorunumlu-bol-paca-etek\/"},"modified":"2026-03-21T06:31:58","modified_gmt":"2026-03-21T06:31:58","slug":"kahverengi-lastikli-bel-deri-gorunumlu-bol-paca-etek","status":"publish","type":"product","link":"https:\/\/mod.wisdar.net\/tr\/urun\/kahverengi-lastikli-bel-deri-gorunumlu-bol-paca-etek\/","title":{"rendered":"Kahverengi Beli Lastikli Deri G\u00f6r\u00fcn\u00fcml\u00fc Klo\u015f Etek"},"content":{"rendered":"<p>LCW Modest Kahverengi Beli Lastikli Deri G\u00f6r\u00fcn\u00fcml\u00fc Klo\u015f Etek size \u00f6zel indirim, taksit ve kap\u0131da \u00f6deme avantajlar\u0131yla LCW&#8217;de! Hemen online al\u0131\u015fveri\u015f yap, \u00fcr\u00fcn kap\u0131na gelsin! \u2013 W5ML71Z8-ZK8<\/p>\n<p>\u2014 Technical Details \u2014<br \/>\nMen\u015fei: Turk\u0131ye<br \/>\nSat\u0131c\u0131: LC Waikiki<br \/>\nMarka: LCW Modest<br \/>\n\u00dcr\u00fcn Tipi: Etek<br \/>\nCinsiyet: Kad\u0131n<br \/>\nKal\u0131p: Standart &amp; Regular<br \/>\nKuma\u015f: Suni Deri<br \/>\nBel Fiti: Beli Lastikli<br \/>\nDesen: D\u00fcz<br \/>\nSiluet: Klo\u015f<br \/>\nAstar Detay: Astars\u0131z<br \/>\nUzunluk: Midi<br \/>\nKoleksiyon: Tesett\u00fcr Giyim<\/p>\n","protected":false},"excerpt":{"rendered":"<p>LCW Modest Kahverengi Beli Lastikli Deri G\u00f6r\u00fcn\u00fcml\u00fc Klo\u015f Etek size \u00f6zel indirim, taksit ve kap\u0131da \u00f6deme avantajlar\u0131yla LCW&#8217;de! Hemen online al\u0131\u015fveri\u015f yap, \u00fcr\u00fcn kap\u0131na gelsin! \u2013 W5ML71Z8-ZK8 \u2014 Technical Details \u2014 Men\u015fei: Turk\u0131ye Sat\u0131c\u0131: LC Waikiki Marka: LCW Modest \u00dcr\u00fcn Tipi: Etek Cinsiyet: Kad\u0131n Kal\u0131p: Standart &amp; Regular Kuma\u015f: Suni Deri Bel Fiti: Beli Lastikli [&hellip;]<\/p>\n","protected":false},"featured_media":0,"comment_status":"open","ping_status":"closed","template":"","meta":[],"product_brand":[],"product_cat":[1969],"product_tag":[8243,6765,7524,7808,8244,6998,7803,5016],"class_list":{"0":"post-90671","1":"product","2":"type-product","3":"status-publish","5":"product_cat-etekler","6":"product_tag-bol-paca-4","7":"product_tag-lastikli-bel","8":"product_tag-midi","9":"product_tag-solid","10":"product_tag-standart-normal","11":"product_tag-suni-deri","12":"product_tag-tesettur-giyim","13":"product_tag-unlined","14":"pa_brand-lcw-modest","15":"pa_color-acik-kahverengi","16":"pa_size-4701","17":"pa_size-4706","18":"pa_size-4711","19":"pa_size-4713","20":"pa_size-4751","22":"first","23":"outofstock","24":"shipping-taxable","25":"product-type-variable"},"_links":{"self":[{"href":"https:\/\/mod.wisdar.net\/tr\/wp-json\/wp\/v2\/product\/90671","targetHints":{"allow":["GET"]}}],"collection":[{"href":"https:\/\/mod.wisdar.net\/tr\/wp-json\/wp\/v2\/product"}],"about":[{"href":"https:\/\/mod.wisdar.net\/tr\/wp-json\/wp\/v2\/types\/product"}],"replies":[{"embeddable":true,"href":"https:\/\/mod.wisdar.net\/tr\/wp-json\/wp\/v2\/comments?post=90671"}],"wp:attachment":[{"href":"https:\/\/mod.wisdar.net\/tr\/wp-json\/wp\/v2\/media?parent=90671"}],"wp:term":[{"taxonomy":"product_brand","embeddable":true,"href":"https:\/\/mod.wisdar.net\/tr\/wp-json\/wp\/v2\/product_brand?post=90671"},{"taxonomy":"product_cat","embeddable":true,"href":"https:\/\/mod.wisdar.net\/tr\/wp-json\/wp\/v2\/product_cat?post=90671"},{"taxonomy":"product_tag","embeddable":true,"href":"https:\/\/mod.wisdar.net\/tr\/wp-json\/wp\/v2\/product_tag?post=90671"}],"curies":[{"name":"wp","href":"https:\/\/api.w.org\/{rel}","templated":true}]}}